{"id":2250,"date":"2022-01-31T18:06:56","date_gmt":"2022-01-31T16:06:56","guid":{"rendered":"https:\/\/fitforme.ee\/asiakaspalvelu\/tyytyvaisyys-taattu\/"},"modified":"2022-06-03T16:57:03","modified_gmt":"2022-06-03T13:57:03","slug":"tyytyvaisyys-taattu","status":"publish","type":"page","link":"https:\/\/fitforme.ee\/fi\/asiakaspalvelu\/tyytyvaisyys-taattu\/","title":{"rendered":"Tyytyv\u00e4isyys taattu"},"content":{"rendered":"\t\t<div data-elementor-type=\"wp-page\" data-elementor-id=\"2250\" class=\"elementor elementor-2250 elementor-273\" data-elementor-post-type=\"page\">\n\t\t\t\t\t\t<section class=\"elementor-section elementor-top-section elementor-element elementor-element-4c788fc7 elementor-section-boxed elementor-section-height-default elementor-section-height-default\" data-id=\"4c788fc7\" data-element_type=\"section\" data-e-type=\"section\" data-settings=\"{&quot;shape_divider_bottom&quot;:&quot;mountains&quot;}\">\n\t\t\t\t\t\t\t<div class=\"elementor-background-overlay\"><\/div>\n\t\t\t\t\t\t<div class=\"elementor-shape elementor-shape-bottom\" aria-hidden=\"true\" data-negative=\"false\">\n\t\t\t<svg xmlns=\"http:\/\/www.w3.org\/2000\/svg\" viewBox=\"0 0 1000 100\" preserveAspectRatio=\"none\">\n\t<path class=\"elementor-shape-fill\" opacity=\"0.33\" d=\"M473,67.3c-203.9,88.3-263.1-34-320.3,0C66,119.1,0,59.7,0,59.7V0h1000v59.7 c0,0-62.1,26.1-94.9,29.3c-32.8,3.3-62.8-12.3-75.8-22.1C806,49.6,745.3,8.7,694.9,4.7S492.4,59,473,67.3z\"\/>\n\t<path class=\"elementor-shape-fill\" opacity=\"0.66\" d=\"M734,67.3c-45.5,0-77.2-23.2-129.1-39.1c-28.6-8.7-150.3-10.1-254,39.1 s-91.7-34.4-149.2,0C115.7,118.3,0,39.8,0,39.8V0h1000v36.5c0,0-28.2-18.5-92.1-18.5C810.2,18.1,775.7,67.3,734,67.3z\"\/>\n\t<path class=\"elementor-shape-fill\" d=\"M766.1,28.9c-200-57.5-266,65.5-395.1,19.5C242,1.8,242,5.4,184.8,20.6C128,35.8,132.3,44.9,89.9,52.5C28.6,63.7,0,0,0,0 h1000c0,0-9.9,40.9-83.6,48.1S829.6,47,766.1,28.9z\"\/>\n<\/svg>\t\t<\/div>\n\t\t\t\t\t<div class=\"elementor-container elementor-column-gap-default\">\n\t\t\t\t\t<div class=\"elementor-column elementor-col-50 elementor-top-column elementor-element elementor-element-778f0e6c\" data-id=\"778f0e6c\" data-element_type=\"column\" data-e-type=\"column\">\n\t\t\t<div class=\"elementor-widget-wrap elementor-element-populated\">\n\t\t\t\t\t\t<div class=\"elementor-element elementor-element-530f48f7 elementor-widget elementor-widget-template\" data-id=\"530f48f7\" data-element_type=\"widget\" data-e-type=\"widget\" data-widget_type=\"template.default\">\n\t\t\t\t<div class=\"elementor-widget-container\">\n\t\t\t\t\t\t\t<div class=\"elementor-template\">\n\t\t\t\t\t<div data-elementor-type=\"section\" data-elementor-id=\"326\" class=\"elementor elementor-326\" data-elementor-post-type=\"elementor_library\">\n\t\t\t\t\t<section class=\"elementor-section elementor-top-section elementor-element elementor-element-c26faa1 elementor-section-boxed elementor-section-height-default elementor-section-height-default elementor-invisible\" data-id=\"c26faa1\" data-element_type=\"section\" data-e-type=\"section\" data-settings=\"{&quot;animation&quot;:&quot;fadeIn&quot;}\">\n\t\t\t\t\t\t<div class=\"elementor-container elementor-column-gap-default\">\n\t\t\t\t\t<div class=\"elementor-column elementor-col-100 elementor-top-column elementor-element elementor-element-697f531\" data-id=\"697f531\" data-element_type=\"column\" data-e-type=\"column\">\n\t\t\t<div class=\"elementor-widget-wrap elementor-element-populated\">\n\t\t\t\t\t\t<div class=\"elementor-element elementor-element-82beb2a elementor-nav-menu--dropdown-none elementor-widget elementor-widget-nav-menu\" data-id=\"82beb2a\" data-element_type=\"widget\" data-e-type=\"widget\" data-settings=\"{&quot;layout&quot;:&quot;vertical&quot;,&quot;submenu_icon&quot;:{&quot;value&quot;:&quot;&lt;i class=\\&quot;fas fa-caret-down\\&quot; aria-hidden=\\&quot;true\\&quot;&gt;&lt;\\\/i&gt;&quot;,&quot;library&quot;:&quot;fa-solid&quot;}}\" data-widget_type=\"nav-menu.default\">\n\t\t\t\t<div class=\"elementor-widget-container\">\n\t\t\t\t\t\t\t\t<nav aria-label=\"Menu\" class=\"elementor-nav-menu--main elementor-nav-menu__container elementor-nav-menu--layout-vertical e--pointer-underline e--animation-fade\">\n\t\t\t\t<ul id=\"menu-1-82beb2a\" class=\"elementor-nav-menu sm-vertical\"><li class=\"menu-item menu-item-type-post_type menu-item-object-page menu-item-2696\"><a href=\"https:\/\/fitforme.ee\/fi\/asiakaspalvelu\/kysy-ravintoneuvojaltamme\/\" class=\"elementor-item\">Kysy ravintoneuvojaltamme<\/a><\/li>\n<li class=\"menu-item menu-item-type-post_type menu-item-object-page menu-item-2697\"><a href=\"https:\/\/fitforme.ee\/fi\/asiakaspalvelu\/palautukset\/\" class=\"elementor-item\">Palautukset<\/a><\/li>\n<li class=\"menu-item menu-item-type-post_type menu-item-object-page menu-item-2698\"><a href=\"https:\/\/fitforme.ee\/fi\/asiakaspalvelu\/tyytyvaisyys-taattu\/\" class=\"elementor-item\">Tyytyv\u00e4isyys taattu<\/a><\/li>\n<li class=\"menu-item menu-item-type-post_type menu-item-object-page menu-item-2699\"><a href=\"https:\/\/fitforme.ee\/fi\/asiakaspalvelu\/\" class=\"elementor-item\">Asiakaspalvelu<\/a><\/li>\n<\/ul>\t\t\t<\/nav>\n\t\t\t\t\t\t<nav class=\"elementor-nav-menu--dropdown elementor-nav-menu__container\" aria-hidden=\"true\">\n\t\t\t\t<ul id=\"menu-2-82beb2a\" class=\"elementor-nav-menu sm-vertical\"><li class=\"menu-item menu-item-type-post_type menu-item-object-page menu-item-2696\"><a href=\"https:\/\/fitforme.ee\/fi\/asiakaspalvelu\/kysy-ravintoneuvojaltamme\/\" class=\"elementor-item\" tabindex=\"-1\">Kysy ravintoneuvojaltamme<\/a><\/li>\n<li class=\"menu-item menu-item-type-post_type menu-item-object-page menu-item-2697\"><a href=\"https:\/\/fitforme.ee\/fi\/asiakaspalvelu\/palautukset\/\" class=\"elementor-item\" tabindex=\"-1\">Palautukset<\/a><\/li>\n<li class=\"menu-item menu-item-type-post_type menu-item-object-page menu-item-2698\"><a href=\"https:\/\/fitforme.ee\/fi\/asiakaspalvelu\/tyytyvaisyys-taattu\/\" class=\"elementor-item\" tabindex=\"-1\">Tyytyv\u00e4isyys taattu<\/a><\/li>\n<li class=\"menu-item menu-item-type-post_type menu-item-object-page menu-item-2699\"><a href=\"https:\/\/fitforme.ee\/fi\/asiakaspalvelu\/\" class=\"elementor-item\" tabindex=\"-1\">Asiakaspalvelu<\/a><\/li>\n<\/ul>\t\t\t<\/nav>\n\t\t\t\t\t\t<\/div>\n\t\t\t\t<\/div>\n\t\t\t\t\t<\/div>\n\t\t<\/div>\n\t\t\t\t\t<\/div>\n\t\t<\/section>\n\t\t\t\t<\/div>\n\t\t\t\t<\/div>\n\t\t\t\t\t\t<\/div>\n\t\t\t\t<\/div>\n\t\t\t\t\t<\/div>\n\t\t<\/div>\n\t\t\t\t<div class=\"elementor-column elementor-col-50 elementor-top-column elementor-element elementor-element-22f8ef89\" data-id=\"22f8ef89\" data-element_type=\"column\" data-e-type=\"column\">\n\t\t\t<div class=\"elementor-widget-wrap elementor-element-populated\">\n\t\t\t\t\t\t<div class=\"elementor-element elementor-element-128e216 elementor-widget elementor-widget-heading\" data-id=\"128e216\" data-element_type=\"widget\" data-e-type=\"widget\" data-widget_type=\"heading.default\">\n\t\t\t\t<div class=\"elementor-widget-container\">\n\t\t\t\t\t<h2 class=\"elementor-heading-title elementor-size-default\">Turvallinen ostaminen<\/h2>\t\t\t\t<\/div>\n\t\t\t\t<\/div>\n\t\t\t\t<div class=\"elementor-element elementor-element-c2243ed elementor-widget elementor-widget-text-editor\" data-id=\"c2243ed\" data-element_type=\"widget\" data-e-type=\"widget\" data-widget_type=\"text-editor.default\">\n\t\t\t\t<div class=\"elementor-widget-container\">\n\t\t\t\t\t\t\t\t\tFitForMe tarjoaa turvallisen maksuymp\u00e4rist\u00f6n (turvattu SSL-sertifikaatilla) ja 14 p\u00e4iv\u00e4n palautusoikeuden. Lis\u00e4ksi takaamme viikoittaisen turvaskannauksen henkil\u00f6tietojesi yksityisyyden suojaksi.\t\t\t\t\t\t\t\t<\/div>\n\t\t\t\t<\/div>\n\t\t\t\t<div class=\"elementor-element elementor-element-54a8aea elementor-widget elementor-widget-heading\" data-id=\"54a8aea\" data-element_type=\"widget\" data-e-type=\"widget\" data-widget_type=\"heading.default\">\n\t\t\t\t<div class=\"elementor-widget-container\">\n\t\t\t\t\t<h2 class=\"elementor-heading-title elementor-size-default\">Valitusten k\u00e4sittely<\/h2>\t\t\t\t<\/div>\n\t\t\t\t<\/div>\n\t\t\t\t<div class=\"elementor-element elementor-element-41d0c57 elementor-widget elementor-widget-text-editor\" data-id=\"41d0c57\" data-element_type=\"widget\" data-e-type=\"widget\" data-widget_type=\"text-editor.default\">\n\t\t\t\t<div class=\"elementor-widget-container\">\n\t\t\t\t\t\t\t\t\tMeille on eritt\u00e4in t\u00e4rke\u00e4\u00e4, ett\u00e4 olet tyytyv\u00e4inen tuotteisiimme. Jos sinulla on kysymyksi\u00e4, ongelmia tai valituksia, autamme nopeasti ratkaisemaan ne. N\u00e4iss\u00e4 tapauksissa pyyd\u00e4mme ottamaan yhteytt\u00e4 asiakaspalveluun.\t\t\t\t\t\t\t\t<\/div>\n\t\t\t\t<\/div>\n\t\t\t\t\t<\/div>\n\t\t<\/div>\n\t\t\t\t\t<\/div>\n\t\t<\/section>\n\t\t\t\t<\/div>\n\t\t","protected":false},"excerpt":{"rendered":"<p>Turvallinen ostaminen FitForMe tarjoaa turvallisen maksuymp\u00e4rist\u00f6n (turvattu SSL-sertifikaatilla) ja 14 p\u00e4iv\u00e4n palautusoikeuden. Lis\u00e4ksi takaamme viikoittaisen turvaskannauksen henkil\u00f6tietojesi yksityisyyden suojaksi. Valitusten k\u00e4sittely Meille on eritt\u00e4in t\u00e4rke\u00e4\u00e4, ett\u00e4 olet tyytyv\u00e4inen tuotteisiimme. Jos sinulla on kysymyksi\u00e4, ongelmia tai valituksia, autamme nopeasti ratkaisemaan ne. N\u00e4iss\u00e4 tapauksissa pyyd\u00e4mme ottamaan yhteytt\u00e4 asiakaspalveluun.<\/p>\n","protected":false},"author":13,"featured_media":0,"parent":2244,"menu_order":0,"comment_status":"closed","ping_status":"closed","template":"","meta":{"footnotes":""},"class_list":["post-2250","page","type-page","status-publish","hentry"],"_links":{"self":[{"href":"https:\/\/fitforme.ee\/fi\/wp-json\/wp\/v2\/pages\/2250","targetHints":{"allow":["GET"]}}],"collection":[{"href":"https:\/\/fitforme.ee\/fi\/wp-json\/wp\/v2\/pages"}],"about":[{"href":"https:\/\/fitforme.ee\/fi\/wp-json\/wp\/v2\/types\/page"}],"author":[{"embeddable":true,"href":"https:\/\/fitforme.ee\/fi\/wp-json\/wp\/v2\/users\/13"}],"replies":[{"embeddable":true,"href":"https:\/\/fitforme.ee\/fi\/wp-json\/wp\/v2\/comments?post=2250"}],"version-history":[{"count":1,"href":"https:\/\/fitforme.ee\/fi\/wp-json\/wp\/v2\/pages\/2250\/revisions"}],"predecessor-version":[{"id":2251,"href":"https:\/\/fitforme.ee\/fi\/wp-json\/wp\/v2\/pages\/2250\/revisions\/2251"}],"up":[{"embeddable":true,"href":"https:\/\/fitforme.ee\/fi\/wp-json\/wp\/v2\/pages\/2244"}],"wp:attachment":[{"href":"https:\/\/fitforme.ee\/fi\/wp-json\/wp\/v2\/media?parent=2250"}],"curies":[{"name":"wp","href":"https:\/\/api.w.org\/{rel}","templated":true}]}}