{"id":2252,"date":"2022-01-31T18:06:06","date_gmt":"2022-01-31T16:06:06","guid":{"rendered":"https:\/\/fitforme.ee\/asiakaspalvelu\/palautukset\/"},"modified":"2022-06-03T16:59:52","modified_gmt":"2022-06-03T13:59:52","slug":"palautukset","status":"publish","type":"page","link":"https:\/\/fitforme.ee\/fi\/asiakaspalvelu\/palautukset\/","title":{"rendered":"Palautukset"},"content":{"rendered":"\t\t<div data-elementor-type=\"wp-page\" data-elementor-id=\"2252\" class=\"elementor elementor-2252 elementor-269\" data-elementor-post-type=\"page\">\n\t\t\t\t\t\t<section class=\"elementor-section elementor-top-section elementor-element elementor-element-61358bfa elementor-section-boxed elementor-section-height-default elementor-section-height-default\" data-id=\"61358bfa\" data-element_type=\"section\" data-e-type=\"section\" data-settings=\"{&quot;shape_divider_bottom&quot;:&quot;mountains&quot;}\">\n\t\t\t\t\t\t\t<div class=\"elementor-background-overlay\"><\/div>\n\t\t\t\t\t\t<div class=\"elementor-shape elementor-shape-bottom\" aria-hidden=\"true\" data-negative=\"false\">\n\t\t\t<svg xmlns=\"http:\/\/www.w3.org\/2000\/svg\" viewBox=\"0 0 1000 100\" preserveAspectRatio=\"none\">\n\t<path class=\"elementor-shape-fill\" opacity=\"0.33\" d=\"M473,67.3c-203.9,88.3-263.1-34-320.3,0C66,119.1,0,59.7,0,59.7V0h1000v59.7 c0,0-62.1,26.1-94.9,29.3c-32.8,3.3-62.8-12.3-75.8-22.1C806,49.6,745.3,8.7,694.9,4.7S492.4,59,473,67.3z\"\/>\n\t<path class=\"elementor-shape-fill\" opacity=\"0.66\" d=\"M734,67.3c-45.5,0-77.2-23.2-129.1-39.1c-28.6-8.7-150.3-10.1-254,39.1 s-91.7-34.4-149.2,0C115.7,118.3,0,39.8,0,39.8V0h1000v36.5c0,0-28.2-18.5-92.1-18.5C810.2,18.1,775.7,67.3,734,67.3z\"\/>\n\t<path class=\"elementor-shape-fill\" d=\"M766.1,28.9c-200-57.5-266,65.5-395.1,19.5C242,1.8,242,5.4,184.8,20.6C128,35.8,132.3,44.9,89.9,52.5C28.6,63.7,0,0,0,0 h1000c0,0-9.9,40.9-83.6,48.1S829.6,47,766.1,28.9z\"\/>\n<\/svg>\t\t<\/div>\n\t\t\t\t\t<div class=\"elementor-container elementor-column-gap-default\">\n\t\t\t\t\t<div class=\"elementor-column elementor-col-50 elementor-top-column elementor-element elementor-element-49fa11ae\" data-id=\"49fa11ae\" data-element_type=\"column\" data-e-type=\"column\">\n\t\t\t<div class=\"elementor-widget-wrap elementor-element-populated\">\n\t\t\t\t\t\t<div class=\"elementor-element elementor-element-612ea454 elementor-widget elementor-widget-template\" data-id=\"612ea454\" data-element_type=\"widget\" data-e-type=\"widget\" data-widget_type=\"template.default\">\n\t\t\t\t<div class=\"elementor-widget-container\">\n\t\t\t\t\t\t\t<div class=\"elementor-template\">\n\t\t\t\t\t<div data-elementor-type=\"section\" data-elementor-id=\"326\" class=\"elementor elementor-326\" data-elementor-post-type=\"elementor_library\">\n\t\t\t\t\t<section class=\"elementor-section elementor-top-section elementor-element elementor-element-c26faa1 elementor-section-boxed elementor-section-height-default elementor-section-height-default elementor-invisible\" data-id=\"c26faa1\" data-element_type=\"section\" data-e-type=\"section\" data-settings=\"{&quot;animation&quot;:&quot;fadeIn&quot;}\">\n\t\t\t\t\t\t<div class=\"elementor-container elementor-column-gap-default\">\n\t\t\t\t\t<div class=\"elementor-column elementor-col-100 elementor-top-column elementor-element elementor-element-697f531\" data-id=\"697f531\" data-element_type=\"column\" data-e-type=\"column\">\n\t\t\t<div class=\"elementor-widget-wrap elementor-element-populated\">\n\t\t\t\t\t\t<div class=\"elementor-element elementor-element-82beb2a elementor-nav-menu--dropdown-none elementor-widget elementor-widget-nav-menu\" data-id=\"82beb2a\" data-element_type=\"widget\" data-e-type=\"widget\" data-settings=\"{&quot;layout&quot;:&quot;vertical&quot;,&quot;submenu_icon&quot;:{&quot;value&quot;:&quot;&lt;i class=\\&quot;fas fa-caret-down\\&quot; aria-hidden=\\&quot;true\\&quot;&gt;&lt;\\\/i&gt;&quot;,&quot;library&quot;:&quot;fa-solid&quot;}}\" data-widget_type=\"nav-menu.default\">\n\t\t\t\t<div class=\"elementor-widget-container\">\n\t\t\t\t\t\t\t\t<nav aria-label=\"Menu\" class=\"elementor-nav-menu--main elementor-nav-menu__container elementor-nav-menu--layout-vertical e--pointer-underline e--animation-fade\">\n\t\t\t\t<ul id=\"menu-1-82beb2a\" class=\"elementor-nav-menu sm-vertical\"><li class=\"menu-item menu-item-type-post_type menu-item-object-page menu-item-2696\"><a href=\"https:\/\/fitforme.ee\/fi\/asiakaspalvelu\/kysy-ravintoneuvojaltamme\/\" class=\"elementor-item\">Kysy ravintoneuvojaltamme<\/a><\/li>\n<li class=\"menu-item menu-item-type-post_type menu-item-object-page menu-item-2697\"><a href=\"https:\/\/fitforme.ee\/fi\/asiakaspalvelu\/palautukset\/\" class=\"elementor-item\">Palautukset<\/a><\/li>\n<li class=\"menu-item menu-item-type-post_type menu-item-object-page menu-item-2698\"><a href=\"https:\/\/fitforme.ee\/fi\/asiakaspalvelu\/tyytyvaisyys-taattu\/\" class=\"elementor-item\">Tyytyv\u00e4isyys taattu<\/a><\/li>\n<li class=\"menu-item menu-item-type-post_type menu-item-object-page menu-item-2699\"><a href=\"https:\/\/fitforme.ee\/fi\/asiakaspalvelu\/\" class=\"elementor-item\">Asiakaspalvelu<\/a><\/li>\n<\/ul>\t\t\t<\/nav>\n\t\t\t\t\t\t<nav class=\"elementor-nav-menu--dropdown elementor-nav-menu__container\" aria-hidden=\"true\">\n\t\t\t\t<ul id=\"menu-2-82beb2a\" class=\"elementor-nav-menu sm-vertical\"><li class=\"menu-item menu-item-type-post_type menu-item-object-page menu-item-2696\"><a href=\"https:\/\/fitforme.ee\/fi\/asiakaspalvelu\/kysy-ravintoneuvojaltamme\/\" class=\"elementor-item\" tabindex=\"-1\">Kysy ravintoneuvojaltamme<\/a><\/li>\n<li class=\"menu-item menu-item-type-post_type menu-item-object-page menu-item-2697\"><a href=\"https:\/\/fitforme.ee\/fi\/asiakaspalvelu\/palautukset\/\" class=\"elementor-item\" tabindex=\"-1\">Palautukset<\/a><\/li>\n<li class=\"menu-item menu-item-type-post_type menu-item-object-page menu-item-2698\"><a href=\"https:\/\/fitforme.ee\/fi\/asiakaspalvelu\/tyytyvaisyys-taattu\/\" class=\"elementor-item\" tabindex=\"-1\">Tyytyv\u00e4isyys taattu<\/a><\/li>\n<li class=\"menu-item menu-item-type-post_type menu-item-object-page menu-item-2699\"><a href=\"https:\/\/fitforme.ee\/fi\/asiakaspalvelu\/\" class=\"elementor-item\" tabindex=\"-1\">Asiakaspalvelu<\/a><\/li>\n<\/ul>\t\t\t<\/nav>\n\t\t\t\t\t\t<\/div>\n\t\t\t\t<\/div>\n\t\t\t\t\t<\/div>\n\t\t<\/div>\n\t\t\t\t\t<\/div>\n\t\t<\/section>\n\t\t\t\t<\/div>\n\t\t\t\t<\/div>\n\t\t\t\t\t\t<\/div>\n\t\t\t\t<\/div>\n\t\t\t\t\t<\/div>\n\t\t<\/div>\n\t\t\t\t<div class=\"elementor-column elementor-col-50 elementor-top-column elementor-element elementor-element-a1b9c3a\" data-id=\"a1b9c3a\" data-element_type=\"column\" data-e-type=\"column\">\n\t\t\t<div class=\"elementor-widget-wrap elementor-element-populated\">\n\t\t\t\t\t\t<div class=\"elementor-element elementor-element-a8811ab elementor-widget elementor-widget-text-editor\" data-id=\"a8811ab\" data-element_type=\"widget\" data-e-type=\"widget\" data-widget_type=\"text-editor.default\">\n\t\t\t\t<div class=\"elementor-widget-container\">\n\t\t\t\t\t\t\t\t\t<ul>\r\n \t<li aria-level=\"1\">Tilauksen vastaanottamisen j\u00e4lkeen on tilaajalla oikeus peruuttaa verkkokaupassa solmittu sopimus 14 p\u00e4iv\u00e4n kuluessa.<\/li>\r\n \t<li aria-level=\"1\">Palautusoikeus ei koske juridisia henkil\u00f6it\u00e4.<\/li>\r\n \t<li aria-level=\"1\">Tuote palautettaessa on esitett\u00e4v\u00e4 hakemus tuotteen ostamisen peruuttamiseksi ja l\u00e4hetett\u00e4v\u00e4 se s\u00e4hk\u00f6postilla osoitteeseen tellimused@surgitech.ee viimeist\u00e4\u00e4n 14 p\u00e4iv\u00e4n kuluessa tuotteen saamisesta. Peruutushakemuksen vakiolomake l\u00f6ytyy t\u00e4st\u00e4: <a href=\"https:\/\/surgitechas-my.sharepoint.com\/:b:\/g\/personal\/krista_surgitech_ee\/EcZSTIVJOOVFtC9mnGcFSJIBGUF43Da4YELsBWLQGKVYVg?e=ZhzZG9f\">peruutushakemus<\/a><\/li>\r\n \t<li aria-level=\"1\">14 p\u00e4iv\u00e4n peruutusoikeutta k\u00e4ytett\u00e4ess\u00e4 ei tilattua tuotetta saa k\u00e4ytt\u00e4\u00e4 muulla tavoin kuin on tarpeen sen olemuksen, ominaisuuksien ja toimimisen tarkastamiseksi samalla tavoin kuin se on luvallista fyysisess\u00e4 kaupassa.<\/li>\r\n \t<li aria-level=\"1\">Mik\u00e4li tuotetta on k\u00e4ytetty muuhun tarkoitukseen kuin on tarpeen tuotteen olemuksen, ominaisuuksien tai toimimisen tarkistamiseksi tai siin\u00e4 on k\u00e4yt\u00f6n tai kulumisen merkkej\u00e4, on Surgitech AS:lla oikeus alentaa palautettavaa maksua tuotteen arvon alenemista vastaavasti.<\/li>\r\n \t<li aria-level=\"1\">Ostajalla ei ole palautusoikeutta tuotteeseen, joka ei ole kelvollinen palautettavaksi terveys- tai hygieenisist\u00e4 syist\u00e4, tai mik\u00e4li se on avattu toimituksen j\u00e4lkeen (esim. kosmetiikka).<\/li>\r\n \t<li aria-level=\"1\">Tuotteen palautuskulut maksaa ostaja, paitsi siin\u00e4 tapauksessa, ett\u00e4 palauttamisen syy johtuu siit\u00e4, ett\u00e4 palautettava tuote ei vastaa tilattua (esim. v\u00e4\u00e4r\u00e4 tai virheellinen tuote).<\/li>\r\n \t<li aria-level=\"1\">Tilaajan on palautettava tuote hakemuksen esitt\u00e4mist\u00e4 seuraavan 14 p\u00e4iv\u00e4n kuluessa tai esitett\u00e4v\u00e4 todistus siit\u00e4, ett\u00e4 h\u00e4n on luovuttanut tuotteen edell\u00e4 mainittuna aikana tuotteen kuljettajalle.<\/li>\r\n \t<li aria-level=\"1\">Verkkokaupasta tilattu tuote voidaan palauttaa my\u00f6s toimistoomme os. P\u00e4rnu mnt. 148.<\/li>\r\n \t<li aria-level=\"1\">AS Surgitech palauttaa kaikki tilaajalta sopimuksen perusteella saamansa maksut v\u00e4litt\u00f6m\u00e4sti palautettavan tuotteen saatuaan, kuitenkin viimeist\u00e4\u00e4n 14 p\u00e4iv\u00e4n kuluessa palautushakemuksen saamisesta. AS Surgitech siirt\u00e4\u00e4 tilaajan maksaman summan takaisin samalle pankkitilille, jolta maksu tapahtui.<\/li>\r\n \t<li aria-level=\"1\">AS Surgitech voi kielt\u00e4yty\u00e4 tekem\u00e4st\u00e4 palautusmaksua siihen saakka, kun on saanut sopimuskohteena olevan tuotteen takaisin, tai kunnes tilaaja on esitt\u00e4nyt tositteen siit\u00e4, ett\u00e4 on l\u00e4hett\u00e4nyt tuotteen takaisin riippuen siit\u00e4, kumpi on tapahtunut aikaisemmin.<\/li>\r\n \t<li aria-level=\"1\">Mik\u00e4li ostaja on valinnut AS Surgitechin tarjoamasta edullisimmasta tavanomaisesta tuotteen toimitustavasta poikkeavan toimitustavan, ei AS Surgitechin tarvitse palauttaa ostajalle kulua, joka ylitt\u00e4\u00e4 tavanomaisen toimitustavan kustannuksen.<\/li>\r\n \t<li aria-level=\"1\">AS Surgitechilla on oikeus vet\u00e4yty\u00e4 myyntitoimesta ja vaatia tuote ostajalta takaisin, mik\u00e4li tuotteen hinta verkkokaupassa on erehdyksess\u00e4 merkitty huomattavasti markkinahintaa edullisemmaksi.<\/li>\r\n \t<li aria-level=\"1\">AS Surgitech ei palauta maksuja k\u00e4teisell\u00e4.<\/li>\r\n \t<li aria-level=\"1\">AS Surgitech ei vastaa puutteista, jotka ovat syntyneet tuotteen tilaajalle luovuttamisen j\u00e4lkeen tai tilaajan toiminnan vuoksi (v\u00e4\u00e4r\u00e4 k\u00e4ytt\u00f6tapa, tapaturma tms.), tai mik\u00e4li kyse on tuotteen tavanomaisesta k\u00e4yt\u00f6st\u00e4 johtuvasta normaalista kulumisesta.<\/li>\r\n \t<li aria-level=\"1\">Mik\u00e4li verkkokaupasta ostetulla tuotteella on puutteita, joista AS Surgitech on vastuussa, AS Surgitech korjaa tai korvaa virheellisen tuotteen. Ellei tuotetta pystyt\u00e4 korjaamaan tai korvaamaan, AS Surgitech palauttaa tilaajalle kaikki myyntisopimukseen liittyv\u00e4t maksut.<\/li>\r\n \t<li aria-level=\"1\">Kaikki ongelmat ja murheet ratkaisemme neuvotteluteitse. Helpointa on soittaa meille +372 6460660 tai l\u00e4hett\u00e4\u00e4 s\u00e4hk\u00f6postia osoitteeseen tellimused@surgitech.ee.<\/li>\r\n<\/ul>\t\t\t\t\t\t\t\t<\/div>\n\t\t\t\t<\/div>\n\t\t\t\t\t<\/div>\n\t\t<\/div>\n\t\t\t\t\t<\/div>\n\t\t<\/section>\n\t\t\t\t<\/div>\n\t\t","protected":false},"excerpt":{"rendered":"<p>Tilauksen vastaanottamisen j\u00e4lkeen on tilaajalla oikeus peruuttaa verkkokaupassa solmittu sopimus 14 p\u00e4iv\u00e4n kuluessa. Palautusoikeus ei koske juridisia henkil\u00f6it\u00e4. Tuote palautettaessa on esitett\u00e4v\u00e4 hakemus tuotteen ostamisen peruuttamiseksi ja l\u00e4hetett\u00e4v\u00e4 se s\u00e4hk\u00f6postilla osoitteeseen tellimused@surgitech.ee viimeist\u00e4\u00e4n 14 p\u00e4iv\u00e4n kuluessa tuotteen saamisesta. Peruutushakemuksen vakiolomake l\u00f6ytyy t\u00e4st\u00e4: peruutushakemus 14 p\u00e4iv\u00e4n peruutusoikeutta k\u00e4ytett\u00e4ess\u00e4 ei tilattua tuotetta saa k\u00e4ytt\u00e4\u00e4 muulla tavoin kuin [&hellip;]<\/p>\n","protected":false},"author":13,"featured_media":0,"parent":2244,"menu_order":0,"comment_status":"closed","ping_status":"closed","template":"","meta":{"footnotes":""},"class_list":["post-2252","page","type-page","status-publish","hentry"],"_links":{"self":[{"href":"https:\/\/fitforme.ee\/fi\/wp-json\/wp\/v2\/pages\/2252","targetHints":{"allow":["GET"]}}],"collection":[{"href":"https:\/\/fitforme.ee\/fi\/wp-json\/wp\/v2\/pages"}],"about":[{"href":"https:\/\/fitforme.ee\/fi\/wp-json\/wp\/v2\/types\/page"}],"author":[{"embeddable":true,"href":"https:\/\/fitforme.ee\/fi\/wp-json\/wp\/v2\/users\/13"}],"replies":[{"embeddable":true,"href":"https:\/\/fitforme.ee\/fi\/wp-json\/wp\/v2\/comments?post=2252"}],"version-history":[{"count":1,"href":"https:\/\/fitforme.ee\/fi\/wp-json\/wp\/v2\/pages\/2252\/revisions"}],"predecessor-version":[{"id":2253,"href":"https:\/\/fitforme.ee\/fi\/wp-json\/wp\/v2\/pages\/2252\/revisions\/2253"}],"up":[{"embeddable":true,"href":"https:\/\/fitforme.ee\/fi\/wp-json\/wp\/v2\/pages\/2244"}],"wp:attachment":[{"href":"https:\/\/fitforme.ee\/fi\/wp-json\/wp\/v2\/media?parent=2252"}],"curies":[{"name":"wp","href":"https:\/\/api.w.org\/{rel}","templated":true}]}}