{"id":2256,"date":"2022-01-31T18:11:00","date_gmt":"2022-01-31T16:11:00","guid":{"rendered":"https:\/\/fitforme.ee\/kuinka-se-toimii\/"},"modified":"2022-06-04T17:39:10","modified_gmt":"2022-06-04T14:39:10","slug":"kuinka-se-toimii","status":"publish","type":"page","link":"https:\/\/fitforme.ee\/fi\/kuinka-se-toimii\/","title":{"rendered":"Kuinka se toimii?"},"content":{"rendered":"\t\t<div data-elementor-type=\"wp-page\" data-elementor-id=\"2256\" class=\"elementor elementor-2256 elementor-289\" data-elementor-post-type=\"page\">\n\t\t\t\t\t\t<section class=\"elementor-section elementor-top-section elementor-element elementor-element-2afae144 elementor-section-boxed elementor-section-height-default elementor-section-height-default\" data-id=\"2afae144\" data-element_type=\"section\" data-e-type=\"section\">\n\t\t\t\t\t\t<div class=\"elementor-container elementor-column-gap-default\">\n\t\t\t\t\t<div class=\"elementor-column elementor-col-100 elementor-top-column elementor-element elementor-element-3c5c55d0\" data-id=\"3c5c55d0\" data-element_type=\"column\" data-e-type=\"column\">\n\t\t\t<div class=\"elementor-widget-wrap elementor-element-populated\">\n\t\t\t\t\t\t<div class=\"elementor-element elementor-element-5133951f elementor-widget elementor-widget-heading\" data-id=\"5133951f\" data-element_type=\"widget\" data-e-type=\"widget\" data-widget_type=\"heading.default\">\n\t\t\t\t<div class=\"elementor-widget-container\">\n\t\t\t\t\t<h2 class=\"elementor-heading-title elementor-size-default\">FitForMe-vitamiinien tilaaminen on helppoa.<\/h2>\t\t\t\t<\/div>\n\t\t\t\t<\/div>\n\t\t\t\t<div class=\"elementor-element elementor-element-1d207c8f elementor-widget elementor-widget-text-editor\" data-id=\"1d207c8f\" data-element_type=\"widget\" data-e-type=\"widget\" data-widget_type=\"text-editor.default\">\n\t\t\t\t<div class=\"elementor-widget-container\">\n\t\t\t\t\t\t\t\t\tTilaa FitForMe internetist\u00e4.\r\nJotta tilaaminen olisi helpompaa, on meill\u00e4 verkkokauppa.\t\t\t\t\t\t\t\t<\/div>\n\t\t\t\t<\/div>\n\t\t\t\t\t<\/div>\n\t\t<\/div>\n\t\t\t\t\t<\/div>\n\t\t<\/section>\n\t\t\t\t<section class=\"elementor-section elementor-top-section elementor-element elementor-element-23c5cd40 elementor-section-boxed elementor-section-height-default elementor-section-height-default\" data-id=\"23c5cd40\" data-element_type=\"section\" data-e-type=\"section\" data-settings=\"{&quot;background_background&quot;:&quot;classic&quot;}\">\n\t\t\t\t\t\t<div class=\"elementor-container elementor-column-gap-default\">\n\t\t\t\t\t<div class=\"elementor-column elementor-col-100 elementor-top-column elementor-element elementor-element-4198c721\" data-id=\"4198c721\" data-element_type=\"column\" data-e-type=\"column\">\n\t\t\t<div class=\"elementor-widget-wrap elementor-element-populated\">\n\t\t\t\t\t\t<div class=\"elementor-element elementor-element-471536ef elementor-widget elementor-widget-heading\" data-id=\"471536ef\" data-element_type=\"widget\" data-e-type=\"widget\" data-widget_type=\"heading.default\">\n\t\t\t\t<div class=\"elementor-widget-container\">\n\t\t\t\t\t<h2 class=\"elementor-heading-title elementor-size-default\">Miten se toimii?<\/h2>\t\t\t\t<\/div>\n\t\t\t\t<\/div>\n\t\t\t\t<section class=\"elementor-section elementor-inner-section elementor-element elementor-element-3d844a56 elementor-section-boxed elementor-section-height-default elementor-section-height-default\" data-id=\"3d844a56\" data-element_type=\"section\" data-e-type=\"section\">\n\t\t\t\t\t\t<div class=\"elementor-container elementor-column-gap-default\">\n\t\t\t\t\t<div class=\"elementor-column elementor-col-33 elementor-inner-column elementor-element elementor-element-7b51a4c9\" data-id=\"7b51a4c9\" data-element_type=\"column\" data-e-type=\"column\">\n\t\t\t<div class=\"elementor-widget-wrap elementor-element-populated\">\n\t\t\t\t\t\t<div class=\"elementor-element elementor-element-2cf72269 elementor-view-default elementor-position-block-start elementor-mobile-position-block-start elementor-widget elementor-widget-icon-box\" data-id=\"2cf72269\" data-element_type=\"widget\" data-e-type=\"widget\" data-widget_type=\"icon-box.default\">\n\t\t\t\t<div class=\"elementor-widget-container\">\n\t\t\t\t\t\t\t<div class=\"elementor-icon-box-wrapper\">\n\n\t\t\t\t\t\t<div class=\"elementor-icon-box-icon\">\n\t\t\t\t<span  class=\"elementor-icon\">\n\t\t\t\t<svg xmlns=\"http:\/\/www.w3.org\/2000\/svg\" id=\"Laag_1\" data-name=\"Laag 1\" viewBox=\"0 0 84.8 88.16\"><g id=\"Group_1807\" data-name=\"Group 1807\"><g id=\"Group_1805\" data-name=\"Group 1805\"><path id=\"Path_1007\" data-name=\"Path 1007\" d=\"M56.76,38.26,40.81,54.2a3,3,0,0,1-4.28,0L28.3,46a3,3,0,0,1,4.27-4.28l6.1,6.09L52.48,34a3,3,0,0,1,4.28,4.28Z\" style=\"fill:#94c13b\"><\/path><\/g><g id=\"Group_1806\" data-name=\"Group 1806\"><path id=\"Path_1066\" data-name=\"Path 1066\" d=\"M3.69,49.84c-.09-1.37-.23-2.74-.28-4.11a39,39,0,0,1,7-24.11c.14-.21.3-.4.56-.74-.36,0-.55,0-.72.07-1.32.3-2.64.61-4,.89a1.62,1.62,0,0,1-2.07-1,1.46,1.46,0,0,1,0-.2,1.59,1.59,0,0,1,1.17-1.92l.18,0q4.62-1.08,9.25-2.13a1.6,1.6,0,0,1,2.06,1,1.51,1.51,0,0,1,.09.41q1,4.65,2,9.3a1.65,1.65,0,0,1-1.11,2.05l-.1,0a1.62,1.62,0,0,1-1.93-1.24l0-.13c-.44-2-.84-4-1.3-6.14-.26.29-.42.46-.56.65A35.33,35.33,0,0,0,6.83,47.71,35.92,35.92,0,0,0,41.08,80,34.73,34.73,0,0,0,57.15,77a1.78,1.78,0,0,1,2,.08,1.36,1.36,0,0,1,.56,1.62,2.46,2.46,0,0,1-1.07,1.18c-1.59.69-3.23,1.25-4.85,1.86l-.7.29-4.79,1c-.2,0-.4,0-.6,0-1.81.11-3.61.32-5.41.33A39.33,39.33,0,0,1,6.22,58.8c-.54-1.37-1-2.77-1.51-4.16Z\" style=\"fill:#94c13b;stroke:#94c13b;stroke-miterlimit:3.999495913980722;stroke-width:0.4999369892475902px\"><\/path><path id=\"Path_1067\" data-name=\"Path 1067\" d=\"M36.77,5.17c1.42-.1,2.83-.25,4.26-.3a38.38,38.38,0,0,1,26.47,9A37.91,37.91,0,0,1,81.18,37.64a38.72,38.72,0,0,1-6.66,29.1l-.38.57s0,0,0,.16c1.6-.34,3.18-.69,4.76-1a1.61,1.61,0,0,1,2,1.1,1.21,1.21,0,0,1,.06.38,1.58,1.58,0,0,1-1.41,1.7c-2.47.54-4.94,1.06-7.41,1.58-.67.15-1.34.31-2,.42a1.57,1.57,0,0,1-1.92-1.12l0-.15c-.7-3.17-1.37-6.34-2-9.52a1.62,1.62,0,0,1,1.19-2l.06,0A1.61,1.61,0,0,1,69.3,60.1a.29.29,0,0,0,0,.09c.4,1.77.76,3.55,1.14,5.33l.19.91c.28-.34.45-.54.6-.76a35.4,35.4,0,0,0,7-25.22A36,36,0,0,0,27.91,11.18a3.19,3.19,0,0,1-1.1.28,1.59,1.59,0,0,1-1.5-1.3,1.57,1.57,0,0,1,1-1.81c1.58-.64,3.18-1.21,4.78-1.81L32,6.19Z\" style=\"fill:#94c13b;stroke:#94c13b;stroke-miterlimit:3.999495913980722;stroke-width:0.4999369892475902px\"><\/path><\/g><\/g><\/svg>\t\t\t\t<\/span>\n\t\t\t<\/div>\n\t\t\t\n\t\t\t\t\t\t<div class=\"elementor-icon-box-content\">\n\n\t\t\t\t\t\t\t\t\t<h3 class=\"elementor-icon-box-title\">\n\t\t\t\t\t\t<span  >\n\t\t\t\t\t\t\tNapsauta \u201dAloita\u201d.\t\t\t\t\t\t<\/span>\n\t\t\t\t\t<\/h3>\n\t\t\t\t\n\t\t\t\t\t\t\t\t\t<p class=\"elementor-icon-box-description\">\n\t\t\t\t\t\tNapsauta \u201dAloita\u201d ja valitse sinulle tehty tai sinua odottava leikkaus. Ellet ole varma, mik\u00e4 vaihtoehto on oikein, t\u00e4yt\u00e4 sivulla lomake, ja meid\u00e4n ty\u00f6ntekij\u00e4mme ohjaavat oikeaan valintaan.\t\t\t\t\t<\/p>\n\t\t\t\t\n\t\t\t<\/div>\n\t\t\t\n\t\t<\/div>\n\t\t\t\t\t\t<\/div>\n\t\t\t\t<\/div>\n\t\t\t\t\t<\/div>\n\t\t<\/div>\n\t\t\t\t<div class=\"elementor-column elementor-col-33 elementor-inner-column elementor-element elementor-element-602260c9\" data-id=\"602260c9\" data-element_type=\"column\" data-e-type=\"column\">\n\t\t\t<div class=\"elementor-widget-wrap elementor-element-populated\">\n\t\t\t\t\t\t<div class=\"elementor-element elementor-element-8f20f81 elementor-view-default elementor-position-block-start elementor-mobile-position-block-start elementor-widget elementor-widget-icon-box\" data-id=\"8f20f81\" data-element_type=\"widget\" data-e-type=\"widget\" data-widget_type=\"icon-box.default\">\n\t\t\t\t<div class=\"elementor-widget-container\">\n\t\t\t\t\t\t\t<div class=\"elementor-icon-box-wrapper\">\n\n\t\t\t\t\t\t<div class=\"elementor-icon-box-icon\">\n\t\t\t\t<span  class=\"elementor-icon\">\n\t\t\t\t<svg xmlns=\"http:\/\/www.w3.org\/2000\/svg\" id=\"Laag_1\" data-name=\"Laag 1\" viewBox=\"0 0 84.8 88.16\"><g id=\"Group_1807\" data-name=\"Group 1807\"><g id=\"Group_1805\" data-name=\"Group 1805\"><path id=\"Path_1007\" data-name=\"Path 1007\" d=\"M56.76,38.26,40.81,54.2a3,3,0,0,1-4.28,0L28.3,46a3,3,0,0,1,4.27-4.28l6.1,6.09L52.48,34a3,3,0,0,1,4.28,4.28Z\" style=\"fill:#94c13b\"><\/path><\/g><g id=\"Group_1806\" data-name=\"Group 1806\"><path id=\"Path_1066\" data-name=\"Path 1066\" d=\"M3.69,49.84c-.09-1.37-.23-2.74-.28-4.11a39,39,0,0,1,7-24.11c.14-.21.3-.4.56-.74-.36,0-.55,0-.72.07-1.32.3-2.64.61-4,.89a1.62,1.62,0,0,1-2.07-1,1.46,1.46,0,0,1,0-.2,1.59,1.59,0,0,1,1.17-1.92l.18,0q4.62-1.08,9.25-2.13a1.6,1.6,0,0,1,2.06,1,1.51,1.51,0,0,1,.09.41q1,4.65,2,9.3a1.65,1.65,0,0,1-1.11,2.05l-.1,0a1.62,1.62,0,0,1-1.93-1.24l0-.13c-.44-2-.84-4-1.3-6.14-.26.29-.42.46-.56.65A35.33,35.33,0,0,0,6.83,47.71,35.92,35.92,0,0,0,41.08,80,34.73,34.73,0,0,0,57.15,77a1.78,1.78,0,0,1,2,.08,1.36,1.36,0,0,1,.56,1.62,2.46,2.46,0,0,1-1.07,1.18c-1.59.69-3.23,1.25-4.85,1.86l-.7.29-4.79,1c-.2,0-.4,0-.6,0-1.81.11-3.61.32-5.41.33A39.33,39.33,0,0,1,6.22,58.8c-.54-1.37-1-2.77-1.51-4.16Z\" style=\"fill:#94c13b;stroke:#94c13b;stroke-miterlimit:3.999495913980722;stroke-width:0.4999369892475902px\"><\/path><path id=\"Path_1067\" data-name=\"Path 1067\" d=\"M36.77,5.17c1.42-.1,2.83-.25,4.26-.3a38.38,38.38,0,0,1,26.47,9A37.91,37.91,0,0,1,81.18,37.64a38.72,38.72,0,0,1-6.66,29.1l-.38.57s0,0,0,.16c1.6-.34,3.18-.69,4.76-1a1.61,1.61,0,0,1,2,1.1,1.21,1.21,0,0,1,.06.38,1.58,1.58,0,0,1-1.41,1.7c-2.47.54-4.94,1.06-7.41,1.58-.67.15-1.34.31-2,.42a1.57,1.57,0,0,1-1.92-1.12l0-.15c-.7-3.17-1.37-6.34-2-9.52a1.62,1.62,0,0,1,1.19-2l.06,0A1.61,1.61,0,0,1,69.3,60.1a.29.29,0,0,0,0,.09c.4,1.77.76,3.55,1.14,5.33l.19.91c.28-.34.45-.54.6-.76a35.4,35.4,0,0,0,7-25.22A36,36,0,0,0,27.91,11.18a3.19,3.19,0,0,1-1.1.28,1.59,1.59,0,0,1-1.5-1.3,1.57,1.57,0,0,1,1-1.81c1.58-.64,3.18-1.21,4.78-1.81L32,6.19Z\" style=\"fill:#94c13b;stroke:#94c13b;stroke-miterlimit:3.999495913980722;stroke-width:0.4999369892475902px\"><\/path><\/g><\/g><\/svg>\t\t\t\t<\/span>\n\t\t\t<\/div>\n\t\t\t\n\t\t\t\t\t\t<div class=\"elementor-icon-box-content\">\n\n\t\t\t\t\t\t\t\t\t<h3 class=\"elementor-icon-box-title\">\n\t\t\t\t\t\t<span  >\n\t\t\t\t\t\t\tValitse, mink\u00e4 muodon haluat.\t\t\t\t\t\t<\/span>\n\t\t\t\t\t<\/h3>\n\t\t\t\t\n\t\t\t\t\t\t\t\t\t<p class=\"elementor-icon-box-description\">\n\t\t\t\t\t\tValitse kapseli tai imeskelt\u00e4v\u00e4 vitamiini.\t\t\t\t\t<\/p>\n\t\t\t\t\n\t\t\t<\/div>\n\t\t\t\n\t\t<\/div>\n\t\t\t\t\t\t<\/div>\n\t\t\t\t<\/div>\n\t\t\t\t\t<\/div>\n\t\t<\/div>\n\t\t\t\t<div class=\"elementor-column elementor-col-33 elementor-inner-column elementor-element elementor-element-1d9d462b\" data-id=\"1d9d462b\" data-element_type=\"column\" data-e-type=\"column\">\n\t\t\t<div class=\"elementor-widget-wrap elementor-element-populated\">\n\t\t\t\t\t\t<div class=\"elementor-element elementor-element-70fa995 elementor-view-default elementor-position-block-start elementor-mobile-position-block-start elementor-widget elementor-widget-icon-box\" data-id=\"70fa995\" data-element_type=\"widget\" data-e-type=\"widget\" data-widget_type=\"icon-box.default\">\n\t\t\t\t<div class=\"elementor-widget-container\">\n\t\t\t\t\t\t\t<div class=\"elementor-icon-box-wrapper\">\n\n\t\t\t\t\t\t<div class=\"elementor-icon-box-icon\">\n\t\t\t\t<span  class=\"elementor-icon\">\n\t\t\t\t<svg xmlns=\"http:\/\/www.w3.org\/2000\/svg\" id=\"Laag_1\" data-name=\"Laag 1\" viewBox=\"0 0 84.8 88.16\"><g id=\"Group_1807\" data-name=\"Group 1807\"><g id=\"Group_1805\" data-name=\"Group 1805\"><path id=\"Path_1007\" data-name=\"Path 1007\" d=\"M56.76,38.26,40.81,54.2a3,3,0,0,1-4.28,0L28.3,46a3,3,0,0,1,4.27-4.28l6.1,6.09L52.48,34a3,3,0,0,1,4.28,4.28Z\" style=\"fill:#94c13b\"><\/path><\/g><g id=\"Group_1806\" data-name=\"Group 1806\"><path id=\"Path_1066\" data-name=\"Path 1066\" d=\"M3.69,49.84c-.09-1.37-.23-2.74-.28-4.11a39,39,0,0,1,7-24.11c.14-.21.3-.4.56-.74-.36,0-.55,0-.72.07-1.32.3-2.64.61-4,.89a1.62,1.62,0,0,1-2.07-1,1.46,1.46,0,0,1,0-.2,1.59,1.59,0,0,1,1.17-1.92l.18,0q4.62-1.08,9.25-2.13a1.6,1.6,0,0,1,2.06,1,1.51,1.51,0,0,1,.09.41q1,4.65,2,9.3a1.65,1.65,0,0,1-1.11,2.05l-.1,0a1.62,1.62,0,0,1-1.93-1.24l0-.13c-.44-2-.84-4-1.3-6.14-.26.29-.42.46-.56.65A35.33,35.33,0,0,0,6.83,47.71,35.92,35.92,0,0,0,41.08,80,34.73,34.73,0,0,0,57.15,77a1.78,1.78,0,0,1,2,.08,1.36,1.36,0,0,1,.56,1.62,2.46,2.46,0,0,1-1.07,1.18c-1.59.69-3.23,1.25-4.85,1.86l-.7.29-4.79,1c-.2,0-.4,0-.6,0-1.81.11-3.61.32-5.41.33A39.33,39.33,0,0,1,6.22,58.8c-.54-1.37-1-2.77-1.51-4.16Z\" style=\"fill:#94c13b;stroke:#94c13b;stroke-miterlimit:3.999495913980722;stroke-width:0.4999369892475902px\"><\/path><path id=\"Path_1067\" data-name=\"Path 1067\" d=\"M36.77,5.17c1.42-.1,2.83-.25,4.26-.3a38.38,38.38,0,0,1,26.47,9A37.91,37.91,0,0,1,81.18,37.64a38.72,38.72,0,0,1-6.66,29.1l-.38.57s0,0,0,.16c1.6-.34,3.18-.69,4.76-1a1.61,1.61,0,0,1,2,1.1,1.21,1.21,0,0,1,.06.38,1.58,1.58,0,0,1-1.41,1.7c-2.47.54-4.94,1.06-7.41,1.58-.67.15-1.34.31-2,.42a1.57,1.57,0,0,1-1.92-1.12l0-.15c-.7-3.17-1.37-6.34-2-9.52a1.62,1.62,0,0,1,1.19-2l.06,0A1.61,1.61,0,0,1,69.3,60.1a.29.29,0,0,0,0,.09c.4,1.77.76,3.55,1.14,5.33l.19.91c.28-.34.45-.54.6-.76a35.4,35.4,0,0,0,7-25.22A36,36,0,0,0,27.91,11.18a3.19,3.19,0,0,1-1.1.28,1.59,1.59,0,0,1-1.5-1.3,1.57,1.57,0,0,1,1-1.81c1.58-.64,3.18-1.21,4.78-1.81L32,6.19Z\" style=\"fill:#94c13b;stroke:#94c13b;stroke-miterlimit:3.999495913980722;stroke-width:0.4999369892475902px\"><\/path><\/g><\/g><\/svg>\t\t\t\t<\/span>\n\t\t\t<\/div>\n\t\t\t\n\t\t\t\t\t\t<div class=\"elementor-icon-box-content\">\n\n\t\t\t\t\t\t\t\t\t<h3 class=\"elementor-icon-box-title\">\n\t\t\t\t\t\t<span  >\n\t\t\t\t\t\t\tAloita FitForMen parissa.\t\t\t\t\t\t<\/span>\n\t\t\t\t\t<\/h3>\n\t\t\t\t\n\t\t\t\t\t\t\t\t\t<p class=\"elementor-icon-box-description\">\n\t\t\t\t\t\tAloita sy\u00f6tt\u00e4m\u00e4ll\u00e4 s\u00e4hk\u00f6postiosoitteesi, postiosoitteesi ja maksutiedot. Kun olet laatinut tilauksen, l\u00e4het\u00e4mme v\u00e4litt\u00f6m\u00e4sti tilausvahvistuksen s\u00e4hk\u00f6postitse.\t\t\t\t\t<\/p>\n\t\t\t\t\n\t\t\t<\/div>\n\t\t\t\n\t\t<\/div>\n\t\t\t\t\t\t<\/div>\n\t\t\t\t<\/div>\n\t\t\t\t\t<\/div>\n\t\t<\/div>\n\t\t\t\t\t<\/div>\n\t\t<\/section>\n\t\t\t\t<div class=\"elementor-element elementor-element-5b8df0f3 elementor-align-center elementor-widget elementor-widget-button\" data-id=\"5b8df0f3\" data-element_type=\"widget\" data-e-type=\"widget\" data-widget_type=\"button.default\">\n\t\t\t\t<div class=\"elementor-widget-container\">\n\t\t\t\t\t\t\t\t\t<div class=\"elementor-button-wrapper\">\n\t\t\t\t\t<a class=\"elementor-button elementor-button-link elementor-size-md elementor-animation-grow\" href=\"https:\/\/fitforme.ee\/fi\/poll\/\">\n\t\t\t\t\t\t<span class=\"elementor-button-content-wrapper\">\n\t\t\t\t\t\t\t\t\t<span class=\"elementor-button-text\">Aloita<\/span>\n\t\t\t\t\t<\/span>\n\t\t\t\t\t<\/a>\n\t\t\t\t<\/div>\n\t\t\t\t\t\t\t\t<\/div>\n\t\t\t\t<\/div>\n\t\t\t\t<div class=\"elementor-element elementor-element-4baa8314 elementor-align-center elementor-widget elementor-widget-button\" data-id=\"4baa8314\" data-element_type=\"widget\" data-e-type=\"widget\" data-widget_type=\"button.default\">\n\t\t\t\t<div class=\"elementor-widget-container\">\n\t\t\t\t\t\t\t\t\t<div class=\"elementor-button-wrapper\">\n\t\t\t\t\t<a class=\"elementor-button elementor-button-link elementor-size-md\" href=\"https:\/\/fitforme.ee\/fi\/tuotteet\/\">\n\t\t\t\t\t\t<span class=\"elementor-button-content-wrapper\">\n\t\t\t\t\t\t\t\t\t<span class=\"elementor-button-text\">Meid\u00e4n tuotteemme<\/span>\n\t\t\t\t\t<\/span>\n\t\t\t\t\t<\/a>\n\t\t\t\t<\/div>\n\t\t\t\t\t\t\t\t<\/div>\n\t\t\t\t<\/div>\n\t\t\t\t\t<\/div>\n\t\t<\/div>\n\t\t\t\t\t<\/div>\n\t\t<\/section>\n\t\t\t\t<section class=\"elementor-section elementor-top-section elementor-element elementor-element-dafcc1c elementor-section-boxed elementor-section-height-default elementor-section-height-default\" data-id=\"dafcc1c\" data-element_type=\"section\" data-e-type=\"section\">\n\t\t\t\t\t\t<div class=\"elementor-container elementor-column-gap-default\">\n\t\t\t\t\t<div class=\"elementor-column elementor-col-100 elementor-top-column elementor-element elementor-element-7987cac\" data-id=\"7987cac\" data-element_type=\"column\" data-e-type=\"column\">\n\t\t\t<div class=\"elementor-widget-wrap elementor-element-populated\">\n\t\t\t\t\t\t<div class=\"elementor-element elementor-element-2ce9fae elementor-widget elementor-widget-heading\" data-id=\"2ce9fae\" data-element_type=\"widget\" data-e-type=\"widget\" data-widget_type=\"heading.default\">\n\t\t\t\t<div class=\"elementor-widget-container\">\n\t\t\t\t\t<h2 class=\"elementor-heading-title elementor-size-default\">Olemme olemassa auttaaksemme sinua.<\/h2>\t\t\t\t<\/div>\n\t\t\t\t<\/div>\n\t\t\t\t<div class=\"elementor-element elementor-element-9f98ee3 elementor-widget elementor-widget-text-editor\" data-id=\"9f98ee3\" data-element_type=\"widget\" data-e-type=\"widget\" data-widget_type=\"text-editor.default\">\n\t\t\t\t<div class=\"elementor-widget-container\">\n\t\t\t\t\t\t\t\t\tTarvitsetko apua ravintolis\u00e4n valinnassa? L\u00e4het\u00e4 s\u00e4hk\u00f6posti osoitteeseen tellimused@surgitech.ee. Olemme apuna matkallasi ja neuvomme vitamiinien ja lihavuusleikkausten osalta.\t\t\t\t\t\t\t\t<\/div>\n\t\t\t\t<\/div>\n\t\t\t\t\t<\/div>\n\t\t<\/div>\n\t\t\t\t\t<\/div>\n\t\t<\/section>\n\t\t\t\t<\/div>\n\t\t","protected":false},"excerpt":{"rendered":"<p>FitForMe-vitamiinien tilaaminen on helppoa. Tilaa FitForMe internetist\u00e4. Jotta tilaaminen olisi helpompaa, on meill\u00e4 verkkokauppa. Miten se toimii? Napsauta \u201dAloita\u201d. Napsauta \u201dAloita\u201d ja valitse sinulle tehty tai sinua odottava leikkaus. Ellet ole varma, mik\u00e4 vaihtoehto on oikein, t\u00e4yt\u00e4 sivulla lomake, ja meid\u00e4n ty\u00f6ntekij\u00e4mme ohjaavat oikeaan valintaan. Valitse, mink\u00e4 muodon haluat. Valitse kapseli tai imeskelt\u00e4v\u00e4 vitamiini. Aloita [&hellip;]<\/p>\n","protected":false},"author":13,"featured_media":0,"parent":0,"menu_order":0,"comment_status":"closed","ping_status":"closed","template":"","meta":{"footnotes":""},"class_list":["post-2256","page","type-page","status-publish","hentry"],"_links":{"self":[{"href":"https:\/\/fitforme.ee\/fi\/wp-json\/wp\/v2\/pages\/2256","targetHints":{"allow":["GET"]}}],"collection":[{"href":"https:\/\/fitforme.ee\/fi\/wp-json\/wp\/v2\/pages"}],"about":[{"href":"https:\/\/fitforme.ee\/fi\/wp-json\/wp\/v2\/types\/page"}],"author":[{"embeddable":true,"href":"https:\/\/fitforme.ee\/fi\/wp-json\/wp\/v2\/users\/13"}],"replies":[{"embeddable":true,"href":"https:\/\/fitforme.ee\/fi\/wp-json\/wp\/v2\/comments?post=2256"}],"version-history":[{"count":1,"href":"https:\/\/fitforme.ee\/fi\/wp-json\/wp\/v2\/pages\/2256\/revisions"}],"predecessor-version":[{"id":2736,"href":"https:\/\/fitforme.ee\/fi\/wp-json\/wp\/v2\/pages\/2256\/revisions\/2736"}],"wp:attachment":[{"href":"https:\/\/fitforme.ee\/fi\/wp-json\/wp\/v2\/media?parent=2256"}],"curies":[{"name":"wp","href":"https:\/\/api.w.org\/{rel}","templated":true}]}}