{"id":2258,"date":"2022-01-30T21:31:16","date_gmt":"2022-01-30T19:31:16","guid":{"rendered":"https:\/\/fitforme.ee\/poll\/"},"modified":"2022-06-04T17:40:11","modified_gmt":"2022-06-04T14:40:11","slug":"poll","status":"publish","type":"page","link":"https:\/\/fitforme.ee\/fi\/poll\/","title":{"rendered":"Kyselylomake"},"content":{"rendered":"\t\t<div data-elementor-type=\"wp-page\" data-elementor-id=\"2258\" class=\"elementor elementor-2258 elementor-165\" data-elementor-post-type=\"page\">\n\t\t\t\t\t\t<section class=\"elementor-section elementor-top-section elementor-element elementor-element-750a5c9a elementor-section-boxed elementor-section-height-default elementor-section-height-default\" data-id=\"750a5c9a\" data-element_type=\"section\" data-e-type=\"section\" data-settings=\"{&quot;background_background&quot;:&quot;classic&quot;}\">\n\t\t\t\t\t\t<div class=\"elementor-container elementor-column-gap-default\">\n\t\t\t\t\t<div class=\"elementor-column elementor-col-100 elementor-top-column elementor-element elementor-element-4cb8f223\" data-id=\"4cb8f223\" data-element_type=\"column\" data-e-type=\"column\">\n\t\t\t<div class=\"elementor-widget-wrap elementor-element-populated\">\n\t\t\t\t\t\t<div class=\"elementor-element elementor-element-3c9900b7 elementor-widget elementor-widget-heading\" data-id=\"3c9900b7\" data-element_type=\"widget\" data-e-type=\"widget\" data-widget_type=\"heading.default\">\n\t\t\t\t<div class=\"elementor-widget-container\">\n\t\t\t\t\t<h2 class=\"elementor-heading-title elementor-size-default\">Kolme yksinkertaista askelta.<\/h2>\t\t\t\t<\/div>\n\t\t\t\t<\/div>\n\t\t\t\t<div class=\"elementor-element elementor-element-6b1c466 elementor-widget elementor-widget-text-editor\" data-id=\"6b1c466\" data-element_type=\"widget\" data-e-type=\"widget\" data-widget_type=\"text-editor.default\">\n\t\t\t\t<div class=\"elementor-widget-container\">\n\t\t\t\t\t\t\t\t\tPysty\u00e4ksemme antamaan parhaimmat neuvot, haluamme ensin tiet\u00e4\u00e4 muutaman asian.\t\t\t\t\t\t\t\t<\/div>\n\t\t\t\t<\/div>\n\t\t\t\t<div class=\"elementor-element elementor-element-641f2101 elementor-align-center elementor-widget elementor-widget-button\" data-id=\"641f2101\" data-element_type=\"widget\" data-e-type=\"widget\" data-widget_type=\"button.default\">\n\t\t\t\t<div class=\"elementor-widget-container\">\n\t\t\t\t\t\t\t\t\t<div class=\"elementor-button-wrapper\">\n\t\t\t\t\t<a class=\"elementor-button elementor-button-link elementor-size-md elementor-animation-grow\" href=\"https:\/\/fitforme.ee\/fi\/poll\/onko-sinulle-tehty-bariatrinen-leikkaus-eli-lihavuusleikkaus\/\">\n\t\t\t\t\t\t<span class=\"elementor-button-content-wrapper\">\n\t\t\t\t\t\t\t\t\t<span class=\"elementor-button-text\">Aloita kyselylomake<\/span>\n\t\t\t\t\t<\/span>\n\t\t\t\t\t<\/a>\n\t\t\t\t<\/div>\n\t\t\t\t\t\t\t\t<\/div>\n\t\t\t\t<\/div>\n\t\t\t\t<div class=\"elementor-element elementor-element-5f3c6d3d elementor-align-center elementor-widget elementor-widget-button\" data-id=\"5f3c6d3d\" data-element_type=\"widget\" data-e-type=\"widget\" data-widget_type=\"button.default\">\n\t\t\t\t<div class=\"elementor-widget-container\">\n\t\t\t\t\t\t\t\t\t<div class=\"elementor-button-wrapper\">\n\t\t\t\t\t<a class=\"elementor-button elementor-button-link elementor-size-md\" href=\"https:\/\/fitforme.ee\/fi\/tuotteet\/\">\n\t\t\t\t\t\t<span class=\"elementor-button-content-wrapper\">\n\t\t\t\t\t\t\t\t\t<span class=\"elementor-button-text\">Selaa kaikkia tuotteita<\/span>\n\t\t\t\t\t<\/span>\n\t\t\t\t\t<\/a>\n\t\t\t\t<\/div>\n\t\t\t\t\t\t\t\t<\/div>\n\t\t\t\t<\/div>\n\t\t\t\t\t<\/div>\n\t\t<\/div>\n\t\t\t\t\t<\/div>\n\t\t<\/section>\n\t\t\t\t<\/div>\n\t\t","protected":false},"excerpt":{"rendered":"<p>Kolme yksinkertaista askelta. Pysty\u00e4ksemme antamaan parhaimmat neuvot, haluamme ensin tiet\u00e4\u00e4 muutaman asian. Aloita kyselylomake Selaa kaikkia tuotteita<\/p>\n","protected":false},"author":13,"featured_media":0,"parent":0,"menu_order":0,"comment_status":"closed","ping_status":"closed","template":"","meta":{"footnotes":""},"class_list":["post-2258","page","type-page","status-publish","hentry"],"_links":{"self":[{"href":"https:\/\/fitforme.ee\/fi\/wp-json\/wp\/v2\/pages\/2258","targetHints":{"allow":["GET"]}}],"collection":[{"href":"https:\/\/fitforme.ee\/fi\/wp-json\/wp\/v2\/pages"}],"about":[{"href":"https:\/\/fitforme.ee\/fi\/wp-json\/wp\/v2\/types\/page"}],"author":[{"embeddable":true,"href":"https:\/\/fitforme.ee\/fi\/wp-json\/wp\/v2\/users\/13"}],"replies":[{"embeddable":true,"href":"https:\/\/fitforme.ee\/fi\/wp-json\/wp\/v2\/comments?post=2258"}],"version-history":[{"count":1,"href":"https:\/\/fitforme.ee\/fi\/wp-json\/wp\/v2\/pages\/2258\/revisions"}],"predecessor-version":[{"id":2740,"href":"https:\/\/fitforme.ee\/fi\/wp-json\/wp\/v2\/pages\/2258\/revisions\/2740"}],"wp:attachment":[{"href":"https:\/\/fitforme.ee\/fi\/wp-json\/wp\/v2\/media?parent=2258"}],"curies":[{"name":"wp","href":"https:\/\/api.w.org\/{rel}","templated":true}]}}