{"id":2272,"date":"2022-01-30T21:31:29","date_gmt":"2022-01-30T19:31:29","guid":{"rendered":"https:\/\/fitforme.ee\/meista\/"},"modified":"2022-06-04T16:06:43","modified_gmt":"2022-06-04T13:06:43","slug":"meista","status":"publish","type":"page","link":"https:\/\/fitforme.ee\/fi\/meista\/","title":{"rendered":"Meist\u00e4"},"content":{"rendered":"\t\t<div data-elementor-type=\"wp-page\" data-elementor-id=\"2272\" class=\"elementor elementor-2272 elementor-167\" data-elementor-post-type=\"page\">\n\t\t\t\t\t\t<section class=\"elementor-section elementor-top-section elementor-element elementor-element-46a1021a elementor-section-boxed elementor-section-height-default elementor-section-height-default\" data-id=\"46a1021a\" data-element_type=\"section\" data-e-type=\"section\" data-settings=\"{&quot;shape_divider_bottom&quot;:&quot;mountains&quot;}\">\n\t\t\t\t\t\t\t<div class=\"elementor-background-overlay\"><\/div>\n\t\t\t\t\t\t<div class=\"elementor-shape elementor-shape-bottom\" aria-hidden=\"true\" data-negative=\"false\">\n\t\t\t<svg xmlns=\"http:\/\/www.w3.org\/2000\/svg\" viewBox=\"0 0 1000 100\" preserveAspectRatio=\"none\">\n\t<path class=\"elementor-shape-fill\" opacity=\"0.33\" d=\"M473,67.3c-203.9,88.3-263.1-34-320.3,0C66,119.1,0,59.7,0,59.7V0h1000v59.7 c0,0-62.1,26.1-94.9,29.3c-32.8,3.3-62.8-12.3-75.8-22.1C806,49.6,745.3,8.7,694.9,4.7S492.4,59,473,67.3z\"\/>\n\t<path class=\"elementor-shape-fill\" opacity=\"0.66\" d=\"M734,67.3c-45.5,0-77.2-23.2-129.1-39.1c-28.6-8.7-150.3-10.1-254,39.1 s-91.7-34.4-149.2,0C115.7,118.3,0,39.8,0,39.8V0h1000v36.5c0,0-28.2-18.5-92.1-18.5C810.2,18.1,775.7,67.3,734,67.3z\"\/>\n\t<path class=\"elementor-shape-fill\" d=\"M766.1,28.9c-200-57.5-266,65.5-395.1,19.5C242,1.8,242,5.4,184.8,20.6C128,35.8,132.3,44.9,89.9,52.5C28.6,63.7,0,0,0,0 h1000c0,0-9.9,40.9-83.6,48.1S829.6,47,766.1,28.9z\"\/>\n<\/svg>\t\t<\/div>\n\t\t\t\t\t<div class=\"elementor-container elementor-column-gap-default\">\n\t\t\t\t\t<div class=\"elementor-column elementor-col-50 elementor-top-column elementor-element elementor-element-1f35ddb1\" data-id=\"1f35ddb1\" data-element_type=\"column\" data-e-type=\"column\">\n\t\t\t<div class=\"elementor-widget-wrap elementor-element-populated\">\n\t\t\t\t\t\t<div class=\"elementor-element elementor-element-7b7061b6 elementor-widget elementor-widget-template\" data-id=\"7b7061b6\" data-element_type=\"widget\" data-e-type=\"widget\" data-widget_type=\"template.default\">\n\t\t\t\t<div class=\"elementor-widget-container\">\n\t\t\t\t\t\t\t<div class=\"elementor-template\">\n\t\t\t\t\t<div data-elementor-type=\"section\" data-elementor-id=\"462\" class=\"elementor elementor-462\" data-elementor-post-type=\"elementor_library\">\n\t\t\t\t\t<section class=\"elementor-section elementor-top-section elementor-element elementor-element-7a86fb55 elementor-section-boxed elementor-section-height-default elementor-section-height-default elementor-invisible\" data-id=\"7a86fb55\" data-element_type=\"section\" data-e-type=\"section\" data-settings=\"{&quot;animation&quot;:&quot;fadeIn&quot;}\">\n\t\t\t\t\t\t<div class=\"elementor-container elementor-column-gap-default\">\n\t\t\t\t\t<div class=\"elementor-column elementor-col-100 elementor-top-column elementor-element elementor-element-300f4bfc\" data-id=\"300f4bfc\" data-element_type=\"column\" data-e-type=\"column\">\n\t\t\t<div class=\"elementor-widget-wrap elementor-element-populated\">\n\t\t\t\t\t\t<div class=\"elementor-element elementor-element-6a992e9 elementor-nav-menu--dropdown-none elementor-widget elementor-widget-nav-menu\" data-id=\"6a992e9\" data-element_type=\"widget\" data-e-type=\"widget\" data-settings=\"{&quot;layout&quot;:&quot;vertical&quot;,&quot;submenu_icon&quot;:{&quot;value&quot;:&quot;&lt;i class=\\&quot;fas fa-caret-down\\&quot; aria-hidden=\\&quot;true\\&quot;&gt;&lt;\\\/i&gt;&quot;,&quot;library&quot;:&quot;fa-solid&quot;}}\" data-widget_type=\"nav-menu.default\">\n\t\t\t\t<div class=\"elementor-widget-container\">\n\t\t\t\t\t\t\t\t<nav aria-label=\"Menu\" class=\"elementor-nav-menu--main elementor-nav-menu__container elementor-nav-menu--layout-vertical e--pointer-underline e--animation-fade\">\n\t\t\t\t<ul id=\"menu-1-6a992e9\" class=\"elementor-nav-menu sm-vertical\"><li class=\"menu-item menu-item-type-post_type menu-item-object-page menu-item-2687\"><a href=\"https:\/\/fitforme.ee\/fi\/meista\/\" class=\"elementor-item\">Meist\u00e4<\/a><\/li>\n<li class=\"menu-item menu-item-type-post_type menu-item-object-page menu-item-2688\"><a href=\"https:\/\/fitforme.ee\/fi\/meista\/sairaanhoitotyontekijoille\/\" class=\"elementor-item\">Sairaanhoitoty\u00f6ntekij\u00f6ille<\/a><\/li>\n<li class=\"menu-item menu-item-type-post_type menu-item-object-page menu-item-2689\"><a href=\"https:\/\/fitforme.ee\/fi\/meista\/tuotteiden-edut\/\" class=\"elementor-item\">Tuotteiden edut<\/a><\/li>\n<li class=\"menu-item menu-item-type-post_type menu-item-object-page menu-item-2690\"><a href=\"https:\/\/fitforme.ee\/fi\/meista\/miksi-bariatrisen-leikkauksen-jalkeen-on-tarve-nauttia-multivitamiineja\/\" class=\"elementor-item\">Miksi bariatrisen leikkauksen j\u00e4lkeen on tarve nauttia multivitamiineja?<\/a><\/li>\n<\/ul>\t\t\t<\/nav>\n\t\t\t\t\t\t<nav class=\"elementor-nav-menu--dropdown elementor-nav-menu__container\" aria-hidden=\"true\">\n\t\t\t\t<ul id=\"menu-2-6a992e9\" class=\"elementor-nav-menu sm-vertical\"><li class=\"menu-item menu-item-type-post_type menu-item-object-page menu-item-2687\"><a href=\"https:\/\/fitforme.ee\/fi\/meista\/\" class=\"elementor-item\" tabindex=\"-1\">Meist\u00e4<\/a><\/li>\n<li class=\"menu-item menu-item-type-post_type menu-item-object-page menu-item-2688\"><a href=\"https:\/\/fitforme.ee\/fi\/meista\/sairaanhoitotyontekijoille\/\" class=\"elementor-item\" tabindex=\"-1\">Sairaanhoitoty\u00f6ntekij\u00f6ille<\/a><\/li>\n<li class=\"menu-item menu-item-type-post_type menu-item-object-page menu-item-2689\"><a href=\"https:\/\/fitforme.ee\/fi\/meista\/tuotteiden-edut\/\" class=\"elementor-item\" tabindex=\"-1\">Tuotteiden edut<\/a><\/li>\n<li class=\"menu-item menu-item-type-post_type menu-item-object-page menu-item-2690\"><a href=\"https:\/\/fitforme.ee\/fi\/meista\/miksi-bariatrisen-leikkauksen-jalkeen-on-tarve-nauttia-multivitamiineja\/\" class=\"elementor-item\" tabindex=\"-1\">Miksi bariatrisen leikkauksen j\u00e4lkeen on tarve nauttia multivitamiineja?<\/a><\/li>\n<\/ul>\t\t\t<\/nav>\n\t\t\t\t\t\t<\/div>\n\t\t\t\t<\/div>\n\t\t\t\t\t<\/div>\n\t\t<\/div>\n\t\t\t\t\t<\/div>\n\t\t<\/section>\n\t\t\t\t<\/div>\n\t\t\t\t<\/div>\n\t\t\t\t\t\t<\/div>\n\t\t\t\t<\/div>\n\t\t\t\t\t<\/div>\n\t\t<\/div>\n\t\t\t\t<div class=\"elementor-column elementor-col-50 elementor-top-column elementor-element elementor-element-5fa4300e\" data-id=\"5fa4300e\" data-element_type=\"column\" data-e-type=\"column\">\n\t\t\t<div class=\"elementor-widget-wrap elementor-element-populated\">\n\t\t\t\t\t\t<div class=\"elementor-element elementor-element-4faeff3 elementor-widget elementor-widget-heading\" data-id=\"4faeff3\" data-element_type=\"widget\" data-e-type=\"widget\" data-widget_type=\"heading.default\">\n\t\t\t\t<div class=\"elementor-widget-container\">\n\t\t\t\t\t<h2 class=\"elementor-heading-title elementor-size-default\">FitForMe<\/h2>\t\t\t\t<\/div>\n\t\t\t\t<\/div>\n\t\t\t\t<div class=\"elementor-element elementor-element-bb63c6c elementor-widget elementor-widget-text-editor\" data-id=\"bb63c6c\" data-element_type=\"widget\" data-e-type=\"widget\" data-widget_type=\"text-editor.default\">\n\t\t\t\t<div class=\"elementor-widget-container\">\n\t\t\t\t\t\t\t\t\tUskomme jokaisen ihmisen el\u00e4m\u00e4nlaadun parantamiseen. FitForMess\u00e4 autamme ihmisi\u00e4, jotka kulkevat bariatrisen kirurgian kautta kohti parempaa el\u00e4m\u00e4nlaatua. Teemme sen tarjoamalla tieteellisesti ty\u00f6stettyj\u00e4 ravintolisi\u00e4, jotka on sovellettu erilaisten bariatristen leikkausten tarpeisiin.\t\t\t\t\t\t\t\t<\/div>\n\t\t\t\t<\/div>\n\t\t\t\t<div class=\"elementor-element elementor-element-a9e273f elementor-widget elementor-widget-video\" data-id=\"a9e273f\" data-element_type=\"widget\" data-e-type=\"widget\" data-settings=\"{&quot;youtube_url&quot;:&quot;https:\\\/\\\/youtu.be\\\/Pp2yVq1f6QU&quot;,&quot;video_type&quot;:&quot;youtube&quot;,&quot;controls&quot;:&quot;yes&quot;}\" data-widget_type=\"video.default\">\n\t\t\t\t<div class=\"elementor-widget-container\">\n\t\t\t\t\t\t\t<div class=\"elementor-wrapper elementor-open-inline\">\n\t\t\t<div class=\"elementor-video\"><\/div>\t\t<\/div>\n\t\t\t\t\t\t<\/div>\n\t\t\t\t<\/div>\n\t\t\t\t<div class=\"elementor-element elementor-element-b234764 elementor-widget elementor-widget-heading\" data-id=\"b234764\" data-element_type=\"widget\" data-e-type=\"widget\" data-widget_type=\"heading.default\">\n\t\t\t\t<div class=\"elementor-widget-container\">\n\t\t\t\t\t<h2 class=\"elementor-heading-title elementor-size-default\">Perustumme tieteeseen<\/h2>\t\t\t\t<\/div>\n\t\t\t\t<\/div>\n\t\t\t\t<div class=\"elementor-element elementor-element-e41b79b elementor-widget elementor-widget-text-editor\" data-id=\"e41b79b\" data-element_type=\"widget\" data-e-type=\"widget\" data-widget_type=\"text-editor.default\">\n\t\t\t\t<div class=\"elementor-widget-container\">\n\t\t\t\t\t\t\t\t\tFitForMe ei valmista pelk\u00e4st\u00e4\u00e4n vitamiinilisi\u00e4. Meit\u00e4 kannustaa intohimo terveytt\u00e4 ja uusimpia tieteen kehityksi\u00e4 kohtaan. Uskomme, ett\u00e4 terveelliset el\u00e4m\u00e4ntavat on tarkoitettu kaikille.\r\n<br><br>\r\nMeid\u00e4n tuotteemme on kehitetty yhteisty\u00f6ss\u00e4 tutkijoiden ja l\u00e4\u00e4ketieteen ty\u00f6ntekij\u00f6iden kanssa koko maailmassa. Kehit\u00e4mme ja t\u00e4ydenn\u00e4mme tuotteitamme jatkuvasti uusimpien tieteellisten keksint\u00f6jen pohjalta.\r\n<br><br>\r\nTieteellisten tutkimusten perusteella tiedet\u00e4\u00e4n, ett\u00e4 mahan ohitusleikkauksen kokeneiden ihmisten on vaikeaa saada riitt\u00e4v\u00e4sti vitamiineja ja mineraaliaineita. Mutta juuri vitamiinit ja mineraalit pit\u00e4v\u00e4t meid\u00e4t tervein\u00e4 ja auttavat pysym\u00e4\u00e4n kunnossa!\t\t\t\t\t\t\t\t<\/div>\n\t\t\t\t<\/div>\n\t\t\t\t<div class=\"elementor-element elementor-element-2e238de elementor-widget elementor-widget-heading\" data-id=\"2e238de\" data-element_type=\"widget\" data-e-type=\"widget\" data-widget_type=\"heading.default\">\n\t\t\t\t<div class=\"elementor-widget-container\">\n\t\t\t\t\t<h2 class=\"elementor-heading-title elementor-size-default\">T\u00e4ydellinen omistautuminen<\/h2>\t\t\t\t<\/div>\n\t\t\t\t<\/div>\n\t\t\t\t<div class=\"elementor-element elementor-element-d64f3cc elementor-widget elementor-widget-text-editor\" data-id=\"d64f3cc\" data-element_type=\"widget\" data-e-type=\"widget\" data-widget_type=\"text-editor.default\">\n\t\t\t\t<div class=\"elementor-widget-container\">\n\t\t\t\t\t\t\t\t\tLeikkauksen j\u00e4lkeen voi sy\u00f6d\u00e4 vain pieni\u00e4 m\u00e4\u00e4ri\u00e4. Se tarkoittaa pienemp\u00e4\u00e4 kalorim\u00e4\u00e4r\u00e4\u00e4, mink\u00e4 tuloksena paino putoaa, mutta samalla elimist\u00f6 saa v\u00e4hemm\u00e4n ravintoaineita. Puutteiden t\u00e4ydent\u00e4miseksi ja terveyden tukemiseksi on tarpeen k\u00e4ytt\u00e4\u00e4 p\u00e4ivitt\u00e4in ravintolisi\u00e4.\r\n<br><br>\r\nOlemme omistautuneet sinulle: sin\u00e4 ja sinun terveytesi ovat meille ensiarvoisen t\u00e4rkeit\u00e4, mink\u00e4 vuoksi tarjoamme ensiluokkaisia ravintolisi\u00e4 parhaimman palvelun kanssa.\r\n<br><br>\r\nFitForMe auttaa sinua pysym\u00e4\u00e4n terveen\u00e4, ja autamme sinua jokaisessa vaiheessa.\t\t\t\t\t\t\t\t<\/div>\n\t\t\t\t<\/div>\n\t\t\t\t<div class=\"elementor-element elementor-element-671df36 elementor-widget elementor-widget-heading\" data-id=\"671df36\" data-element_type=\"widget\" data-e-type=\"widget\" data-widget_type=\"heading.default\">\n\t\t\t\t<div class=\"elementor-widget-container\">\n\t\t\t\t\t<h2 class=\"elementor-heading-title elementor-size-default\">Henkil\u00f6kuntamme<\/h2>\t\t\t\t<\/div>\n\t\t\t\t<\/div>\n\t\t\t\t<div class=\"elementor-element elementor-element-86561e0 elementor-widget elementor-widget-text-editor\" data-id=\"86561e0\" data-element_type=\"widget\" data-e-type=\"widget\" data-widget_type=\"text-editor.default\">\n\t\t\t\t<div class=\"elementor-widget-container\">\n\t\t\t\t\t\t\t\t\tOlemme aina valmiita vastaamaan kaikkiin kysymyksiisi. FitForMe auttaa sinua saavuttamaan bariatrisen toimenpiteen j\u00e4lkeen parhaimman el\u00e4m\u00e4nlaadun. Omalta puoleltamme tarjoamme tieteellisesti ty\u00f6stettyj\u00e4 ravintolisi\u00e4, jotka on sovellettu erilaisten bariatristen leikkausten tarpeisiin. Kysymyksien osalta ota meihin rohkeasti yhteytt\u00e4!\t\t\t\t\t\t\t\t<\/div>\n\t\t\t\t<\/div>\n\t\t\t\t\t<\/div>\n\t\t<\/div>\n\t\t\t\t\t<\/div>\n\t\t<\/section>\n\t\t\t\t<\/div>\n\t\t","protected":false},"excerpt":{"rendered":"<p>FitForMe Uskomme jokaisen ihmisen el\u00e4m\u00e4nlaadun parantamiseen. FitForMess\u00e4 autamme ihmisi\u00e4, jotka kulkevat bariatrisen kirurgian kautta kohti parempaa el\u00e4m\u00e4nlaatua. Teemme sen tarjoamalla tieteellisesti ty\u00f6stettyj\u00e4 ravintolisi\u00e4, jotka on sovellettu erilaisten bariatristen leikkausten tarpeisiin.https:\/\/youtu.be\/Pp2yVq1f6QU Perustumme tieteeseen FitForMe ei valmista pelk\u00e4st\u00e4\u00e4n vitamiinilisi\u00e4. Meit\u00e4 kannustaa intohimo terveytt\u00e4 ja uusimpia tieteen kehityksi\u00e4 kohtaan. Uskomme, ett\u00e4 terveelliset el\u00e4m\u00e4ntavat on tarkoitettu kaikille. Meid\u00e4n tuotteemme [&hellip;]<\/p>\n","protected":false},"author":13,"featured_media":0,"parent":0,"menu_order":0,"comment_status":"closed","ping_status":"closed","template":"","meta":{"footnotes":""},"class_list":["post-2272","page","type-page","status-publish","hentry"],"_links":{"self":[{"href":"https:\/\/fitforme.ee\/fi\/wp-json\/wp\/v2\/pages\/2272","targetHints":{"allow":["GET"]}}],"collection":[{"href":"https:\/\/fitforme.ee\/fi\/wp-json\/wp\/v2\/pages"}],"about":[{"href":"https:\/\/fitforme.ee\/fi\/wp-json\/wp\/v2\/types\/page"}],"author":[{"embeddable":true,"href":"https:\/\/fitforme.ee\/fi\/wp-json\/wp\/v2\/users\/13"}],"replies":[{"embeddable":true,"href":"https:\/\/fitforme.ee\/fi\/wp-json\/wp\/v2\/comments?post=2272"}],"version-history":[{"count":1,"href":"https:\/\/fitforme.ee\/fi\/wp-json\/wp\/v2\/pages\/2272\/revisions"}],"predecessor-version":[{"id":2625,"href":"https:\/\/fitforme.ee\/fi\/wp-json\/wp\/v2\/pages\/2272\/revisions\/2625"}],"wp:attachment":[{"href":"https:\/\/fitforme.ee\/fi\/wp-json\/wp\/v2\/media?parent=2272"}],"curies":[{"name":"wp","href":"https:\/\/api.w.org\/{rel}","templated":true}]}}