{"id":2274,"date":"2022-01-31T18:10:31","date_gmt":"2022-01-31T16:10:31","guid":{"rendered":"https:\/\/fitforme.ee\/meista\/miksi-bariatrisen-leikkauksen-jalkeen-on-tarve-nauttia-multivitamiineja\/"},"modified":"2022-06-04T16:07:38","modified_gmt":"2022-06-04T13:07:38","slug":"miksi-bariatrisen-leikkauksen-jalkeen-on-tarve-nauttia-multivitamiineja","status":"publish","type":"page","link":"https:\/\/fitforme.ee\/fi\/meista\/miksi-bariatrisen-leikkauksen-jalkeen-on-tarve-nauttia-multivitamiineja\/","title":{"rendered":"Miksi bariatrisen leikkauksen j\u00e4lkeen on tarve nauttia multivitamiineja?"},"content":{"rendered":"\t\t<div data-elementor-type=\"wp-page\" data-elementor-id=\"2274\" class=\"elementor elementor-2274 elementor-287\" data-elementor-post-type=\"page\">\n\t\t\t\t\t\t<section class=\"elementor-section elementor-top-section elementor-element elementor-element-78d5327 elementor-section-boxed elementor-section-height-default elementor-section-height-default\" data-id=\"78d5327\" data-element_type=\"section\" data-e-type=\"section\" data-settings=\"{&quot;shape_divider_bottom&quot;:&quot;mountains&quot;}\">\n\t\t\t\t\t\t\t<div class=\"elementor-background-overlay\"><\/div>\n\t\t\t\t\t\t<div class=\"elementor-shape elementor-shape-bottom\" aria-hidden=\"true\" data-negative=\"false\">\n\t\t\t<svg xmlns=\"http:\/\/www.w3.org\/2000\/svg\" viewBox=\"0 0 1000 100\" preserveAspectRatio=\"none\">\n\t<path class=\"elementor-shape-fill\" opacity=\"0.33\" d=\"M473,67.3c-203.9,88.3-263.1-34-320.3,0C66,119.1,0,59.7,0,59.7V0h1000v59.7 c0,0-62.1,26.1-94.9,29.3c-32.8,3.3-62.8-12.3-75.8-22.1C806,49.6,745.3,8.7,694.9,4.7S492.4,59,473,67.3z\"\/>\n\t<path class=\"elementor-shape-fill\" opacity=\"0.66\" d=\"M734,67.3c-45.5,0-77.2-23.2-129.1-39.1c-28.6-8.7-150.3-10.1-254,39.1 s-91.7-34.4-149.2,0C115.7,118.3,0,39.8,0,39.8V0h1000v36.5c0,0-28.2-18.5-92.1-18.5C810.2,18.1,775.7,67.3,734,67.3z\"\/>\n\t<path class=\"elementor-shape-fill\" d=\"M766.1,28.9c-200-57.5-266,65.5-395.1,19.5C242,1.8,242,5.4,184.8,20.6C128,35.8,132.3,44.9,89.9,52.5C28.6,63.7,0,0,0,0 h1000c0,0-9.9,40.9-83.6,48.1S829.6,47,766.1,28.9z\"\/>\n<\/svg>\t\t<\/div>\n\t\t\t\t\t<div class=\"elementor-container elementor-column-gap-default\">\n\t\t\t\t\t<div class=\"elementor-column elementor-col-50 elementor-top-column elementor-element elementor-element-6fa08736\" data-id=\"6fa08736\" data-element_type=\"column\" data-e-type=\"column\">\n\t\t\t<div class=\"elementor-widget-wrap elementor-element-populated\">\n\t\t\t\t\t\t<div class=\"elementor-element elementor-element-79c297b3 elementor-widget elementor-widget-template\" data-id=\"79c297b3\" data-element_type=\"widget\" data-e-type=\"widget\" data-widget_type=\"template.default\">\n\t\t\t\t<div class=\"elementor-widget-container\">\n\t\t\t\t\t\t\t<div class=\"elementor-template\">\n\t\t\t\t\t<div data-elementor-type=\"section\" data-elementor-id=\"462\" class=\"elementor elementor-462\" data-elementor-post-type=\"elementor_library\">\n\t\t\t\t\t<section class=\"elementor-section elementor-top-section elementor-element elementor-element-7a86fb55 elementor-section-boxed elementor-section-height-default elementor-section-height-default elementor-invisible\" data-id=\"7a86fb55\" data-element_type=\"section\" data-e-type=\"section\" data-settings=\"{&quot;animation&quot;:&quot;fadeIn&quot;}\">\n\t\t\t\t\t\t<div class=\"elementor-container elementor-column-gap-default\">\n\t\t\t\t\t<div class=\"elementor-column elementor-col-100 elementor-top-column elementor-element elementor-element-300f4bfc\" data-id=\"300f4bfc\" data-element_type=\"column\" data-e-type=\"column\">\n\t\t\t<div class=\"elementor-widget-wrap elementor-element-populated\">\n\t\t\t\t\t\t<div class=\"elementor-element elementor-element-6a992e9 elementor-nav-menu--dropdown-none elementor-widget elementor-widget-nav-menu\" data-id=\"6a992e9\" data-element_type=\"widget\" data-e-type=\"widget\" data-settings=\"{&quot;layout&quot;:&quot;vertical&quot;,&quot;submenu_icon&quot;:{&quot;value&quot;:&quot;&lt;i class=\\&quot;fas fa-caret-down\\&quot; aria-hidden=\\&quot;true\\&quot;&gt;&lt;\\\/i&gt;&quot;,&quot;library&quot;:&quot;fa-solid&quot;}}\" data-widget_type=\"nav-menu.default\">\n\t\t\t\t<div class=\"elementor-widget-container\">\n\t\t\t\t\t\t\t\t<nav aria-label=\"Menu\" class=\"elementor-nav-menu--main elementor-nav-menu__container elementor-nav-menu--layout-vertical e--pointer-underline e--animation-fade\">\n\t\t\t\t<ul id=\"menu-1-6a992e9\" class=\"elementor-nav-menu sm-vertical\"><li class=\"menu-item menu-item-type-post_type menu-item-object-page menu-item-2687\"><a href=\"https:\/\/fitforme.ee\/fi\/meista\/\" class=\"elementor-item\">Meist\u00e4<\/a><\/li>\n<li class=\"menu-item menu-item-type-post_type menu-item-object-page menu-item-2688\"><a href=\"https:\/\/fitforme.ee\/fi\/meista\/sairaanhoitotyontekijoille\/\" class=\"elementor-item\">Sairaanhoitoty\u00f6ntekij\u00f6ille<\/a><\/li>\n<li class=\"menu-item menu-item-type-post_type menu-item-object-page menu-item-2689\"><a href=\"https:\/\/fitforme.ee\/fi\/meista\/tuotteiden-edut\/\" class=\"elementor-item\">Tuotteiden edut<\/a><\/li>\n<li class=\"menu-item menu-item-type-post_type menu-item-object-page menu-item-2690\"><a href=\"https:\/\/fitforme.ee\/fi\/meista\/miksi-bariatrisen-leikkauksen-jalkeen-on-tarve-nauttia-multivitamiineja\/\" class=\"elementor-item\">Miksi bariatrisen leikkauksen j\u00e4lkeen on tarve nauttia multivitamiineja?<\/a><\/li>\n<\/ul>\t\t\t<\/nav>\n\t\t\t\t\t\t<nav class=\"elementor-nav-menu--dropdown elementor-nav-menu__container\" aria-hidden=\"true\">\n\t\t\t\t<ul id=\"menu-2-6a992e9\" class=\"elementor-nav-menu sm-vertical\"><li class=\"menu-item menu-item-type-post_type menu-item-object-page menu-item-2687\"><a href=\"https:\/\/fitforme.ee\/fi\/meista\/\" class=\"elementor-item\" tabindex=\"-1\">Meist\u00e4<\/a><\/li>\n<li class=\"menu-item menu-item-type-post_type menu-item-object-page menu-item-2688\"><a href=\"https:\/\/fitforme.ee\/fi\/meista\/sairaanhoitotyontekijoille\/\" class=\"elementor-item\" tabindex=\"-1\">Sairaanhoitoty\u00f6ntekij\u00f6ille<\/a><\/li>\n<li class=\"menu-item menu-item-type-post_type menu-item-object-page menu-item-2689\"><a href=\"https:\/\/fitforme.ee\/fi\/meista\/tuotteiden-edut\/\" class=\"elementor-item\" tabindex=\"-1\">Tuotteiden edut<\/a><\/li>\n<li class=\"menu-item menu-item-type-post_type menu-item-object-page menu-item-2690\"><a href=\"https:\/\/fitforme.ee\/fi\/meista\/miksi-bariatrisen-leikkauksen-jalkeen-on-tarve-nauttia-multivitamiineja\/\" class=\"elementor-item\" tabindex=\"-1\">Miksi bariatrisen leikkauksen j\u00e4lkeen on tarve nauttia multivitamiineja?<\/a><\/li>\n<\/ul>\t\t\t<\/nav>\n\t\t\t\t\t\t<\/div>\n\t\t\t\t<\/div>\n\t\t\t\t\t<\/div>\n\t\t<\/div>\n\t\t\t\t\t<\/div>\n\t\t<\/section>\n\t\t\t\t<\/div>\n\t\t\t\t<\/div>\n\t\t\t\t\t\t<\/div>\n\t\t\t\t<\/div>\n\t\t\t\t\t<\/div>\n\t\t<\/div>\n\t\t\t\t<div class=\"elementor-column elementor-col-50 elementor-top-column elementor-element elementor-element-7661eb80\" data-id=\"7661eb80\" data-element_type=\"column\" data-e-type=\"column\">\n\t\t\t<div class=\"elementor-widget-wrap elementor-element-populated\">\n\t\t\t\t\t\t<div class=\"elementor-element elementor-element-1d9f345 elementor-widget elementor-widget-text-editor\" data-id=\"1d9f345\" data-element_type=\"widget\" data-e-type=\"widget\" data-widget_type=\"text-editor.default\">\n\t\t\t\t<div class=\"elementor-widget-container\">\n\t\t\t\t\t\t\t\t\tLis\u00e4ravinteet bariatrisen leikkauksen j\u00e4lkeen ovat tarpeen, koska leikkaus aiheuttaa vitamiinien ja mineraaliaineiden imeytymisen heikkenemisen. Imeytymisen heikkeneminen johtuu seuraavista asioista:\t\t\t\t\t\t\t\t<\/div>\n\t\t\t\t<\/div>\n\t\t\t\t<div class=\"elementor-element elementor-element-2500c7e elementor-widget elementor-widget-text-editor\" data-id=\"2500c7e\" data-element_type=\"widget\" data-e-type=\"widget\" data-widget_type=\"text-editor.default\">\n\t\t\t\t<div class=\"elementor-widget-container\">\n\t\t\t\t\t\t\t\t\t<ul>\r\n \t<li aria-level=\"1\"><strong>Pienempi maha:<\/strong> mahan pienennyksen j\u00e4lkeen ei voi en\u00e4\u00e4 nauttia yht\u00e4 suuria m\u00e4\u00e4ri\u00e4, ja keho saa ruoasta v\u00e4hemm\u00e4n ravintoaineita.<\/li>\r\n \t<li aria-level=\"1\"><strong>Ruoan yliherkkyys: <\/strong>yliherkkyys on er\u00e4s mahdollisista sivuoireista leikkauksen j\u00e4lkeen. Saattaa olla, ett\u00e4 joidenkin potilaiden elimist\u00f6 ei en\u00e4\u00e4 tule toimeen tiettyjen ruoka-aineiden kanssa, kuten punainen liha ja maitotuotteet, jotka sis\u00e4lt\u00e4v\u00e4t paljon proteiinia, B12-vitamiinia ja rautaa.<\/li>\r\n \t<li aria-level=\"1\"><strong>Maha tuottaa v\u00e4hemm\u00e4n happoa, tai ei tuota lainkaan.<\/strong><\/li>\r\n \t<li aria-level=\"1\"><strong>Vatsahappo irrottaa ruoasta tarpeelliset mineraalit ja vitamiinit.<\/strong><\/li>\r\n \t<li aria-level=\"1\"><strong>Mahan sis\u00e4isen tekij\u00e4n eli glykoproteiinin pienempi ty\u00f6kyky tai sen puuttuminen.<\/strong><\/li>\r\n \t<li aria-level=\"1\"><strong>Glykoproteiini on tietyn tyyppinen proteiini, joka kuljettaa B12-vitamiinia ja mahdollistaa sen aktiivisen<\/strong> <strong>imeytymisen.<\/strong><\/li>\r\n \t<li aria-level=\"1\"><strong>Ohutsuolen ensimm\u00e4isen osan ohittaminen.<\/strong> Ravintoaineiden imeytyminen tapahtuu enimm\u00e4kseen ohutsuolen ensimm\u00e4isess\u00e4 osassa. Kaikkien bariatristen leikkausten osalta, mahalaukun kavennusleikkausta lukuun ottamatta, ohjataan ruoka kuitenkin siit\u00e4 ohi. Siten vitamiinit ja mineraalit eiv\u00e4t en\u00e4\u00e4 kulje sen osan l\u00e4pi, jossa ne ennen imeytyiv\u00e4t aktiivisesti.<\/li>\r\n<\/ul>\t\t\t\t\t\t\t\t<\/div>\n\t\t\t\t<\/div>\n\t\t\t\t\t<\/div>\n\t\t<\/div>\n\t\t\t\t\t<\/div>\n\t\t<\/section>\n\t\t\t\t<\/div>\n\t\t","protected":false},"excerpt":{"rendered":"<p>Lis\u00e4ravinteet bariatrisen leikkauksen j\u00e4lkeen ovat tarpeen, koska leikkaus aiheuttaa vitamiinien ja mineraaliaineiden imeytymisen heikkenemisen. Imeytymisen heikkeneminen johtuu seuraavista asioista: Pienempi maha: mahan pienennyksen j\u00e4lkeen ei voi en\u00e4\u00e4 nauttia yht\u00e4 suuria m\u00e4\u00e4ri\u00e4, ja keho saa ruoasta v\u00e4hemm\u00e4n ravintoaineita. Ruoan yliherkkyys: yliherkkyys on er\u00e4s mahdollisista sivuoireista leikkauksen j\u00e4lkeen. Saattaa olla, ett\u00e4 joidenkin potilaiden elimist\u00f6 ei en\u00e4\u00e4 tule [&hellip;]<\/p>\n","protected":false},"author":13,"featured_media":0,"parent":2272,"menu_order":0,"comment_status":"closed","ping_status":"closed","template":"","meta":{"footnotes":""},"class_list":["post-2274","page","type-page","status-publish","hentry"],"_links":{"self":[{"href":"https:\/\/fitforme.ee\/fi\/wp-json\/wp\/v2\/pages\/2274","targetHints":{"allow":["GET"]}}],"collection":[{"href":"https:\/\/fitforme.ee\/fi\/wp-json\/wp\/v2\/pages"}],"about":[{"href":"https:\/\/fitforme.ee\/fi\/wp-json\/wp\/v2\/types\/page"}],"author":[{"embeddable":true,"href":"https:\/\/fitforme.ee\/fi\/wp-json\/wp\/v2\/users\/13"}],"replies":[{"embeddable":true,"href":"https:\/\/fitforme.ee\/fi\/wp-json\/wp\/v2\/comments?post=2274"}],"version-history":[{"count":1,"href":"https:\/\/fitforme.ee\/fi\/wp-json\/wp\/v2\/pages\/2274\/revisions"}],"predecessor-version":[{"id":2628,"href":"https:\/\/fitforme.ee\/fi\/wp-json\/wp\/v2\/pages\/2274\/revisions\/2628"}],"up":[{"embeddable":true,"href":"https:\/\/fitforme.ee\/fi\/wp-json\/wp\/v2\/pages\/2272"}],"wp:attachment":[{"href":"https:\/\/fitforme.ee\/fi\/wp-json\/wp\/v2\/media?parent=2274"}],"curies":[{"name":"wp","href":"https:\/\/api.w.org\/{rel}","templated":true}]}}