{"id":2276,"date":"2022-01-31T17:56:01","date_gmt":"2022-01-31T15:56:01","guid":{"rendered":"https:\/\/fitforme.ee\/meista\/sairaanhoitotyontekijoille\/"},"modified":"2022-06-04T16:08:16","modified_gmt":"2022-06-04T13:08:16","slug":"sairaanhoitotyontekijoille","status":"publish","type":"page","link":"https:\/\/fitforme.ee\/fi\/meista\/sairaanhoitotyontekijoille\/","title":{"rendered":"Sairaanhoitoty\u00f6ntekij\u00f6ille"},"content":{"rendered":"\t\t<div data-elementor-type=\"wp-page\" data-elementor-id=\"2276\" class=\"elementor elementor-2276 elementor-252\" data-elementor-post-type=\"page\">\n\t\t\t\t\t\t<section class=\"elementor-section elementor-top-section elementor-element elementor-element-32f7a57 elementor-section-boxed elementor-section-height-default elementor-section-height-default\" data-id=\"32f7a57\" data-element_type=\"section\" data-e-type=\"section\" data-settings=\"{&quot;shape_divider_bottom&quot;:&quot;mountains&quot;}\">\n\t\t\t\t\t\t\t<div class=\"elementor-background-overlay\"><\/div>\n\t\t\t\t\t\t<div class=\"elementor-shape elementor-shape-bottom\" aria-hidden=\"true\" data-negative=\"false\">\n\t\t\t<svg xmlns=\"http:\/\/www.w3.org\/2000\/svg\" viewBox=\"0 0 1000 100\" preserveAspectRatio=\"none\">\n\t<path class=\"elementor-shape-fill\" opacity=\"0.33\" d=\"M473,67.3c-203.9,88.3-263.1-34-320.3,0C66,119.1,0,59.7,0,59.7V0h1000v59.7 c0,0-62.1,26.1-94.9,29.3c-32.8,3.3-62.8-12.3-75.8-22.1C806,49.6,745.3,8.7,694.9,4.7S492.4,59,473,67.3z\"\/>\n\t<path class=\"elementor-shape-fill\" opacity=\"0.66\" d=\"M734,67.3c-45.5,0-77.2-23.2-129.1-39.1c-28.6-8.7-150.3-10.1-254,39.1 s-91.7-34.4-149.2,0C115.7,118.3,0,39.8,0,39.8V0h1000v36.5c0,0-28.2-18.5-92.1-18.5C810.2,18.1,775.7,67.3,734,67.3z\"\/>\n\t<path class=\"elementor-shape-fill\" d=\"M766.1,28.9c-200-57.5-266,65.5-395.1,19.5C242,1.8,242,5.4,184.8,20.6C128,35.8,132.3,44.9,89.9,52.5C28.6,63.7,0,0,0,0 h1000c0,0-9.9,40.9-83.6,48.1S829.6,47,766.1,28.9z\"\/>\n<\/svg>\t\t<\/div>\n\t\t\t\t\t<div class=\"elementor-container elementor-column-gap-default\">\n\t\t\t\t\t<div class=\"elementor-column elementor-col-50 elementor-top-column elementor-element elementor-element-6415d563\" data-id=\"6415d563\" data-element_type=\"column\" data-e-type=\"column\">\n\t\t\t<div class=\"elementor-widget-wrap elementor-element-populated\">\n\t\t\t\t\t\t<div class=\"elementor-element elementor-element-f00e091 elementor-widget elementor-widget-template\" data-id=\"f00e091\" data-element_type=\"widget\" data-e-type=\"widget\" data-widget_type=\"template.default\">\n\t\t\t\t<div class=\"elementor-widget-container\">\n\t\t\t\t\t\t\t<div class=\"elementor-template\">\n\t\t\t\t\t<div data-elementor-type=\"section\" data-elementor-id=\"462\" class=\"elementor elementor-462\" data-elementor-post-type=\"elementor_library\">\n\t\t\t\t\t<section class=\"elementor-section elementor-top-section elementor-element elementor-element-7a86fb55 elementor-section-boxed elementor-section-height-default elementor-section-height-default elementor-invisible\" data-id=\"7a86fb55\" data-element_type=\"section\" data-e-type=\"section\" data-settings=\"{&quot;animation&quot;:&quot;fadeIn&quot;}\">\n\t\t\t\t\t\t<div class=\"elementor-container elementor-column-gap-default\">\n\t\t\t\t\t<div class=\"elementor-column elementor-col-100 elementor-top-column elementor-element elementor-element-300f4bfc\" data-id=\"300f4bfc\" data-element_type=\"column\" data-e-type=\"column\">\n\t\t\t<div class=\"elementor-widget-wrap elementor-element-populated\">\n\t\t\t\t\t\t<div class=\"elementor-element elementor-element-6a992e9 elementor-nav-menu--dropdown-none elementor-widget elementor-widget-nav-menu\" data-id=\"6a992e9\" data-element_type=\"widget\" data-e-type=\"widget\" data-settings=\"{&quot;layout&quot;:&quot;vertical&quot;,&quot;submenu_icon&quot;:{&quot;value&quot;:&quot;&lt;i class=\\&quot;fas fa-caret-down\\&quot; aria-hidden=\\&quot;true\\&quot;&gt;&lt;\\\/i&gt;&quot;,&quot;library&quot;:&quot;fa-solid&quot;}}\" data-widget_type=\"nav-menu.default\">\n\t\t\t\t<div class=\"elementor-widget-container\">\n\t\t\t\t\t\t\t\t<nav aria-label=\"Menu\" class=\"elementor-nav-menu--main elementor-nav-menu__container elementor-nav-menu--layout-vertical e--pointer-underline e--animation-fade\">\n\t\t\t\t<ul id=\"menu-1-6a992e9\" class=\"elementor-nav-menu sm-vertical\"><li class=\"menu-item menu-item-type-post_type menu-item-object-page menu-item-2687\"><a href=\"https:\/\/fitforme.ee\/fi\/meista\/\" class=\"elementor-item\">Meist\u00e4<\/a><\/li>\n<li class=\"menu-item menu-item-type-post_type menu-item-object-page menu-item-2688\"><a href=\"https:\/\/fitforme.ee\/fi\/meista\/sairaanhoitotyontekijoille\/\" class=\"elementor-item\">Sairaanhoitoty\u00f6ntekij\u00f6ille<\/a><\/li>\n<li class=\"menu-item menu-item-type-post_type menu-item-object-page menu-item-2689\"><a href=\"https:\/\/fitforme.ee\/fi\/meista\/tuotteiden-edut\/\" class=\"elementor-item\">Tuotteiden edut<\/a><\/li>\n<li class=\"menu-item menu-item-type-post_type menu-item-object-page menu-item-2690\"><a href=\"https:\/\/fitforme.ee\/fi\/meista\/miksi-bariatrisen-leikkauksen-jalkeen-on-tarve-nauttia-multivitamiineja\/\" class=\"elementor-item\">Miksi bariatrisen leikkauksen j\u00e4lkeen on tarve nauttia multivitamiineja?<\/a><\/li>\n<\/ul>\t\t\t<\/nav>\n\t\t\t\t\t\t<nav class=\"elementor-nav-menu--dropdown elementor-nav-menu__container\" aria-hidden=\"true\">\n\t\t\t\t<ul id=\"menu-2-6a992e9\" class=\"elementor-nav-menu sm-vertical\"><li class=\"menu-item menu-item-type-post_type menu-item-object-page menu-item-2687\"><a href=\"https:\/\/fitforme.ee\/fi\/meista\/\" class=\"elementor-item\" tabindex=\"-1\">Meist\u00e4<\/a><\/li>\n<li class=\"menu-item menu-item-type-post_type menu-item-object-page menu-item-2688\"><a href=\"https:\/\/fitforme.ee\/fi\/meista\/sairaanhoitotyontekijoille\/\" class=\"elementor-item\" tabindex=\"-1\">Sairaanhoitoty\u00f6ntekij\u00f6ille<\/a><\/li>\n<li class=\"menu-item menu-item-type-post_type menu-item-object-page menu-item-2689\"><a href=\"https:\/\/fitforme.ee\/fi\/meista\/tuotteiden-edut\/\" class=\"elementor-item\" tabindex=\"-1\">Tuotteiden edut<\/a><\/li>\n<li class=\"menu-item menu-item-type-post_type menu-item-object-page menu-item-2690\"><a href=\"https:\/\/fitforme.ee\/fi\/meista\/miksi-bariatrisen-leikkauksen-jalkeen-on-tarve-nauttia-multivitamiineja\/\" class=\"elementor-item\" tabindex=\"-1\">Miksi bariatrisen leikkauksen j\u00e4lkeen on tarve nauttia multivitamiineja?<\/a><\/li>\n<\/ul>\t\t\t<\/nav>\n\t\t\t\t\t\t<\/div>\n\t\t\t\t<\/div>\n\t\t\t\t\t<\/div>\n\t\t<\/div>\n\t\t\t\t\t<\/div>\n\t\t<\/section>\n\t\t\t\t<\/div>\n\t\t\t\t<\/div>\n\t\t\t\t\t\t<\/div>\n\t\t\t\t<\/div>\n\t\t\t\t\t<\/div>\n\t\t<\/div>\n\t\t\t\t<div class=\"elementor-column elementor-col-50 elementor-top-column elementor-element elementor-element-77697b6a\" data-id=\"77697b6a\" data-element_type=\"column\" data-e-type=\"column\">\n\t\t\t<div class=\"elementor-widget-wrap elementor-element-populated\">\n\t\t\t\t\t\t<div class=\"elementor-element elementor-element-e380d19 elementor-widget elementor-widget-heading\" data-id=\"e380d19\" data-element_type=\"widget\" data-e-type=\"widget\" data-widget_type=\"heading.default\">\n\t\t\t\t<div class=\"elementor-widget-container\">\n\t\t\t\t\t<h2 class=\"elementor-heading-title elementor-size-default\">Erilaisten bariatristen toimenpiteiden l\u00e4p\u00e4isseille ty\u00f6stetyt ravintolis\u00e4t, jotka on luotu yhteisty\u00f6ss\u00e4 l\u00e4\u00e4k\u00e4reiden ja tiedemiesten kanssa.<\/h2>\t\t\t\t<\/div>\n\t\t\t\t<\/div>\n\t\t\t\t<div class=\"elementor-element elementor-element-9efba19 elementor-widget elementor-widget-text-editor\" data-id=\"9efba19\" data-element_type=\"widget\" data-e-type=\"widget\" data-widget_type=\"text-editor.default\">\n\t\t\t\t<div class=\"elementor-widget-container\">\n\t\t\t\t\t\t\t\t\tTutustu FitForMen tieteellisen tutkimuksen sivuun.\t\t\t\t\t\t\t\t<\/div>\n\t\t\t\t<\/div>\n\t\t\t\t<div class=\"elementor-element elementor-element-05df53a elementor-widget elementor-widget-text-editor\" data-id=\"05df53a\" data-element_type=\"widget\" data-e-type=\"widget\" data-widget_type=\"text-editor.default\">\n\t\t\t\t<div class=\"elementor-widget-container\">\n\t\t\t\t\t\t\t\t\tSairaanhoitoty\u00f6ntekij\u00e4n\u00e4 tied\u00e4tte, ett\u00e4 lihavuusleikkauksen j\u00e4lkeen potilaan on vaikea saada riitt\u00e4v\u00e4sti vitamiineja ja mineraaliaineita. T\u00e4m\u00e4n vuoksi FitForMe on vuodesta 2009 l\u00e4htien ty\u00f6st\u00e4nyt ravintolisi\u00e4 auttaakseen potilaita, joille on tehty bariatrinen toimenpide. FitForMen ravintolisiss\u00e4 nautittavat vitamiinit ja mineraalit on sopeutettu bariatristen potilaiden tarpeisiin.\t\t\t\t\t\t\t\t<\/div>\n\t\t\t\t<\/div>\n\t\t\t\t<div class=\"elementor-element elementor-element-0d1c1a3 elementor-widget elementor-widget-heading\" data-id=\"0d1c1a3\" data-element_type=\"widget\" data-e-type=\"widget\" data-widget_type=\"heading.default\">\n\t\t\t\t<div class=\"elementor-widget-container\">\n\t\t\t\t\t<h2 class=\"elementor-heading-title elementor-size-default\">Missiomme<\/h2>\t\t\t\t<\/div>\n\t\t\t\t<\/div>\n\t\t\t\t<div class=\"elementor-element elementor-element-3db41bf elementor-widget elementor-widget-text-editor\" data-id=\"3db41bf\" data-element_type=\"widget\" data-e-type=\"widget\" data-widget_type=\"text-editor.default\">\n\t\t\t\t<div class=\"elementor-widget-container\">\n\t\t\t\t\t\t\t\t\tYlipainosta johtuvista sairauksista k\u00e4rsivien ihmisten m\u00e4\u00e4r\u00e4 maailmassa kasvaa vuosi vuodelta. T\u00e4m\u00e4n kasvun my\u00f6t\u00e4 tehd\u00e4\u00e4n vuosittain yh\u00e4 enemm\u00e4n bariatrisia toimenpiteit\u00e4. N\u00e4m\u00e4 toimenpiteet auttavat ihmisi\u00e4 pudottamaan painoa huomattavasti ja parantamaan el\u00e4m\u00e4nlaatuaan. Terveelliset el\u00e4m\u00e4ntavat ovat kuitenkin bariatrisen leikkauksen j\u00e4lkeen eritt\u00e4in t\u00e4rke\u00e4t, ja t\u00e4ss\u00e4 tulevat tietoisesti mukaan vitamiinit ja mineraaliaineet, jotka ovat \u00e4\u00e4rimm\u00e4isen t\u00e4rkeit\u00e4 elimist\u00f6n toimimiseksi.\r\n<br><br>\r\nFitForMen ravintolis\u00e4t on tarkoitettu potilaille, joille on tehty bariatrinen tai metabolinen kirurgia. Meid\u00e4n prioriteettimme on tukea potilaita leikkausten j\u00e4lkeen tarvittavilla ravintolisill\u00e4, jotka on tuotettu yhdess\u00e4 tiedemiesten kanssa erityisi\u00e4 ruokailutarpeita noudattaen.\r\n<br><br>\r\nMeid\u00e4n missiomme on parantaa bariatristen potilaiden el\u00e4m\u00e4nlaatua. Teemme sen tarjoamalla ihmisille maailman johtavia ravintolisi\u00e4, jotka on tieteellisesti todennettu, jotka ovat turvallisia ja tehokkaita ja sovellettu jokaista bariatrista leikkaustyyppi\u00e4 varten.\t\t\t\t\t\t\t\t<\/div>\n\t\t\t\t<\/div>\n\t\t\t\t<div class=\"elementor-element elementor-element-3b1a227 elementor-widget elementor-widget-heading\" data-id=\"3b1a227\" data-element_type=\"widget\" data-e-type=\"widget\" data-widget_type=\"heading.default\">\n\t\t\t\t<div class=\"elementor-widget-container\">\n\t\t\t\t\t<h2 class=\"elementor-heading-title elementor-size-default\">Tieteellisesti todistettu<\/h2>\t\t\t\t<\/div>\n\t\t\t\t<\/div>\n\t\t\t\t<div class=\"elementor-element elementor-element-6400ecc elementor-widget elementor-widget-text-editor\" data-id=\"6400ecc\" data-element_type=\"widget\" data-e-type=\"widget\" data-widget_type=\"text-editor.default\">\n\t\t\t\t<div class=\"elementor-widget-container\">\n\t\t\t\t\t\t\t\t\tKaikki tuotteemme on ty\u00f6stetty ajanmukaisten tieteellisten tutkimusten pohjalta. Esimerkiksi: WLS Forten tehokkuutta tutkittiin tavallisiin multivitamiineihin verrattuna Arnhemin Rijnstaten sairaalassa suoritetutussa tutkimuksessa, johon osallistuivat potilaat, joille oli suoritettu ohitusleikkaus. Samalla tavoin l\u00f6ydettiin useassa tutkimuksessa WLS Optimumin tehokkuus sleeve-potilaiden mikroravintoaineiden tilaan. Johtop\u00e4\u00e4t\u00f6s: FitForMe WLS multivitamiinit ovat ravintoainepuutoksen ennaltaehk\u00e4isemisess\u00e4 tehokkaampia kuin tavallisen koostumuksen multivitamiinit.\r\n<br><br>\r\nKaikki tutkimuksemme, kirjallisuus ja ravintolisiemme ty\u00f6st\u00e4misen ja kehitt\u00e4misen tiedot on l\u00f6ydett\u00e4viss\u00e4 tutkimustemme verkkosivulta.\t\t\t\t\t\t\t\t<\/div>\n\t\t\t\t<\/div>\n\t\t\t\t<div class=\"elementor-element elementor-element-bff7efc elementor-widget elementor-widget-heading\" data-id=\"bff7efc\" data-element_type=\"widget\" data-e-type=\"widget\" data-widget_type=\"heading.default\">\n\t\t\t\t<div class=\"elementor-widget-container\">\n\t\t\t\t\t<h2 class=\"elementor-heading-title elementor-size-default\">Kehitysty\u00f6 on jatkuva prosessi<\/h2>\t\t\t\t<\/div>\n\t\t\t\t<\/div>\n\t\t\t\t<div class=\"elementor-element elementor-element-223a0f6 elementor-widget elementor-widget-text-editor\" data-id=\"223a0f6\" data-element_type=\"widget\" data-e-type=\"widget\" data-widget_type=\"text-editor.default\">\n\t\t\t\t<div class=\"elementor-widget-container\">\n\t\t\t\t\t\t\t\t\tOmien tuotteiden p\u00e4ivitt\u00e4ist\u00e4 t\u00e4ydent\u00e4mist\u00e4 varten FitForMe tutkii jatkuvasti tuotteiden tehokkuutta ja asiakaskokemuksia sek\u00e4 kotimaassa ett\u00e4 ulkomailla. Tuloksia k\u00e4ytet\u00e4\u00e4n tuotekehittelyss\u00e4, yhteisty\u00f6ss\u00e4 ja asiakkaille tiedottamisessa.<br><br>\r\nOmien kliinisten tutkimusten ja uuden kirjallisuuden katsauksen pohjalta optimoimme \u00e4skett\u00e4in WLS Forten, WLS Optimumin ja WLS Maximumin ravintoarvoja. T\u00e4m\u00e4n vuoksi kasvatimme ravintolisien sis\u00e4lt\u00e4mien vitamiinien ja mineraaliaineiden annoksia soveltaen niit\u00e4 entist\u00e4 enemm\u00e4n ravintotarpeisiin erityyppisten bariatristen toimenpiteiden j\u00e4lkeen.\t\t\t\t\t\t\t\t<\/div>\n\t\t\t\t<\/div>\n\t\t\t\t<div class=\"elementor-element elementor-element-31abb9d elementor-widget elementor-widget-heading\" data-id=\"31abb9d\" data-element_type=\"widget\" data-e-type=\"widget\" data-widget_type=\"heading.default\">\n\t\t\t\t<div class=\"elementor-widget-container\">\n\t\t\t\t\t<h2 class=\"elementor-heading-title elementor-size-default\">Kysymykset ja yhteystiedot<\/h2>\t\t\t\t<\/div>\n\t\t\t\t<\/div>\n\t\t\t\t<div class=\"elementor-element elementor-element-9510d33 elementor-widget elementor-widget-text-editor\" data-id=\"9510d33\" data-element_type=\"widget\" data-e-type=\"widget\" data-widget_type=\"text-editor.default\">\n\t\t\t\t<div class=\"elementor-widget-container\">\n\t\t\t\t\t\t\t\t\tOta meihin yhteytt\u00e4 halutessasi tuotteista lis\u00e4tietoja.\t\t\t\t\t\t\t\t<\/div>\n\t\t\t\t<\/div>\n\t\t\t\t\t<\/div>\n\t\t<\/div>\n\t\t\t\t\t<\/div>\n\t\t<\/section>\n\t\t\t\t<\/div>\n\t\t","protected":false},"excerpt":{"rendered":"<p>Erilaisten bariatristen toimenpiteiden l\u00e4p\u00e4isseille ty\u00f6stetyt ravintolis\u00e4t, jotka on luotu yhteisty\u00f6ss\u00e4 l\u00e4\u00e4k\u00e4reiden ja tiedemiesten kanssa. Tutustu FitForMen tieteellisen tutkimuksen sivuun.Sairaanhoitoty\u00f6ntekij\u00e4n\u00e4 tied\u00e4tte, ett\u00e4 lihavuusleikkauksen j\u00e4lkeen potilaan on vaikea saada riitt\u00e4v\u00e4sti vitamiineja ja mineraaliaineita. T\u00e4m\u00e4n vuoksi FitForMe on vuodesta 2009 l\u00e4htien ty\u00f6st\u00e4nyt ravintolisi\u00e4 auttaakseen potilaita, joille on tehty bariatrinen toimenpide. FitForMen ravintolisiss\u00e4 nautittavat vitamiinit ja mineraalit on sopeutettu [&hellip;]<\/p>\n","protected":false},"author":13,"featured_media":0,"parent":2272,"menu_order":0,"comment_status":"closed","ping_status":"closed","template":"","meta":{"footnotes":""},"class_list":["post-2276","page","type-page","status-publish","hentry"],"_links":{"self":[{"href":"https:\/\/fitforme.ee\/fi\/wp-json\/wp\/v2\/pages\/2276","targetHints":{"allow":["GET"]}}],"collection":[{"href":"https:\/\/fitforme.ee\/fi\/wp-json\/wp\/v2\/pages"}],"about":[{"href":"https:\/\/fitforme.ee\/fi\/wp-json\/wp\/v2\/types\/page"}],"author":[{"embeddable":true,"href":"https:\/\/fitforme.ee\/fi\/wp-json\/wp\/v2\/users\/13"}],"replies":[{"embeddable":true,"href":"https:\/\/fitforme.ee\/fi\/wp-json\/wp\/v2\/comments?post=2276"}],"version-history":[{"count":1,"href":"https:\/\/fitforme.ee\/fi\/wp-json\/wp\/v2\/pages\/2276\/revisions"}],"predecessor-version":[{"id":2630,"href":"https:\/\/fitforme.ee\/fi\/wp-json\/wp\/v2\/pages\/2276\/revisions\/2630"}],"up":[{"embeddable":true,"href":"https:\/\/fitforme.ee\/fi\/wp-json\/wp\/v2\/pages\/2272"}],"wp:attachment":[{"href":"https:\/\/fitforme.ee\/fi\/wp-json\/wp\/v2\/media?parent=2276"}],"curies":[{"name":"wp","href":"https:\/\/api.w.org\/{rel}","templated":true}]}}