{"id":2278,"date":"2022-01-31T17:56:37","date_gmt":"2022-01-31T15:56:37","guid":{"rendered":"https:\/\/fitforme.ee\/meista\/tuotteiden-edut\/"},"modified":"2022-06-03T17:28:38","modified_gmt":"2022-06-03T14:28:38","slug":"tuotteiden-edut","status":"publish","type":"page","link":"https:\/\/fitforme.ee\/fi\/meista\/tuotteiden-edut\/","title":{"rendered":"Tuotteiden edut"},"content":{"rendered":"\t\t<div data-elementor-type=\"wp-page\" data-elementor-id=\"2278\" class=\"elementor elementor-2278 elementor-255\" data-elementor-post-type=\"page\">\n\t\t\t\t\t\t<section class=\"elementor-section elementor-top-section elementor-element elementor-element-79d29d36 elementor-section-boxed elementor-section-height-default elementor-section-height-default\" data-id=\"79d29d36\" data-element_type=\"section\" data-e-type=\"section\" data-settings=\"{&quot;shape_divider_bottom&quot;:&quot;mountains&quot;}\">\n\t\t\t\t\t\t\t<div class=\"elementor-background-overlay\"><\/div>\n\t\t\t\t\t\t<div class=\"elementor-shape elementor-shape-bottom\" aria-hidden=\"true\" data-negative=\"false\">\n\t\t\t<svg xmlns=\"http:\/\/www.w3.org\/2000\/svg\" viewBox=\"0 0 1000 100\" preserveAspectRatio=\"none\">\n\t<path class=\"elementor-shape-fill\" opacity=\"0.33\" d=\"M473,67.3c-203.9,88.3-263.1-34-320.3,0C66,119.1,0,59.7,0,59.7V0h1000v59.7 c0,0-62.1,26.1-94.9,29.3c-32.8,3.3-62.8-12.3-75.8-22.1C806,49.6,745.3,8.7,694.9,4.7S492.4,59,473,67.3z\"\/>\n\t<path class=\"elementor-shape-fill\" opacity=\"0.66\" d=\"M734,67.3c-45.5,0-77.2-23.2-129.1-39.1c-28.6-8.7-150.3-10.1-254,39.1 s-91.7-34.4-149.2,0C115.7,118.3,0,39.8,0,39.8V0h1000v36.5c0,0-28.2-18.5-92.1-18.5C810.2,18.1,775.7,67.3,734,67.3z\"\/>\n\t<path class=\"elementor-shape-fill\" d=\"M766.1,28.9c-200-57.5-266,65.5-395.1,19.5C242,1.8,242,5.4,184.8,20.6C128,35.8,132.3,44.9,89.9,52.5C28.6,63.7,0,0,0,0 h1000c0,0-9.9,40.9-83.6,48.1S829.6,47,766.1,28.9z\"\/>\n<\/svg>\t\t<\/div>\n\t\t\t\t\t<div class=\"elementor-container elementor-column-gap-default\">\n\t\t\t\t\t<div class=\"elementor-column elementor-col-50 elementor-top-column elementor-element elementor-element-511c9711\" data-id=\"511c9711\" data-element_type=\"column\" data-e-type=\"column\">\n\t\t\t<div class=\"elementor-widget-wrap elementor-element-populated\">\n\t\t\t\t\t\t<div class=\"elementor-element elementor-element-6b050047 elementor-widget elementor-widget-template\" data-id=\"6b050047\" data-element_type=\"widget\" data-e-type=\"widget\" data-widget_type=\"template.default\">\n\t\t\t\t<div class=\"elementor-widget-container\">\n\t\t\t\t\t\t\t<div class=\"elementor-template\">\n\t\t\t\t\t<div data-elementor-type=\"section\" data-elementor-id=\"462\" class=\"elementor elementor-462\" data-elementor-post-type=\"elementor_library\">\n\t\t\t\t\t<section class=\"elementor-section elementor-top-section elementor-element elementor-element-7a86fb55 elementor-section-boxed elementor-section-height-default elementor-section-height-default elementor-invisible\" data-id=\"7a86fb55\" data-element_type=\"section\" data-e-type=\"section\" data-settings=\"{&quot;animation&quot;:&quot;fadeIn&quot;}\">\n\t\t\t\t\t\t<div class=\"elementor-container elementor-column-gap-default\">\n\t\t\t\t\t<div class=\"elementor-column elementor-col-100 elementor-top-column elementor-element elementor-element-300f4bfc\" data-id=\"300f4bfc\" data-element_type=\"column\" data-e-type=\"column\">\n\t\t\t<div class=\"elementor-widget-wrap elementor-element-populated\">\n\t\t\t\t\t\t<div class=\"elementor-element elementor-element-6a992e9 elementor-nav-menu--dropdown-none elementor-widget elementor-widget-nav-menu\" data-id=\"6a992e9\" data-element_type=\"widget\" data-e-type=\"widget\" data-settings=\"{&quot;layout&quot;:&quot;vertical&quot;,&quot;submenu_icon&quot;:{&quot;value&quot;:&quot;&lt;i class=\\&quot;fas fa-caret-down\\&quot; aria-hidden=\\&quot;true\\&quot;&gt;&lt;\\\/i&gt;&quot;,&quot;library&quot;:&quot;fa-solid&quot;}}\" data-widget_type=\"nav-menu.default\">\n\t\t\t\t<div class=\"elementor-widget-container\">\n\t\t\t\t\t\t\t\t<nav aria-label=\"Menu\" class=\"elementor-nav-menu--main elementor-nav-menu__container elementor-nav-menu--layout-vertical e--pointer-underline e--animation-fade\">\n\t\t\t\t<ul id=\"menu-1-6a992e9\" class=\"elementor-nav-menu sm-vertical\"><li class=\"menu-item menu-item-type-post_type menu-item-object-page menu-item-2687\"><a href=\"https:\/\/fitforme.ee\/fi\/meista\/\" class=\"elementor-item\">Meist\u00e4<\/a><\/li>\n<li class=\"menu-item menu-item-type-post_type menu-item-object-page menu-item-2688\"><a href=\"https:\/\/fitforme.ee\/fi\/meista\/sairaanhoitotyontekijoille\/\" class=\"elementor-item\">Sairaanhoitoty\u00f6ntekij\u00f6ille<\/a><\/li>\n<li class=\"menu-item menu-item-type-post_type menu-item-object-page menu-item-2689\"><a href=\"https:\/\/fitforme.ee\/fi\/meista\/tuotteiden-edut\/\" class=\"elementor-item\">Tuotteiden edut<\/a><\/li>\n<li class=\"menu-item menu-item-type-post_type menu-item-object-page menu-item-2690\"><a href=\"https:\/\/fitforme.ee\/fi\/meista\/miksi-bariatrisen-leikkauksen-jalkeen-on-tarve-nauttia-multivitamiineja\/\" class=\"elementor-item\">Miksi bariatrisen leikkauksen j\u00e4lkeen on tarve nauttia multivitamiineja?<\/a><\/li>\n<\/ul>\t\t\t<\/nav>\n\t\t\t\t\t\t<nav class=\"elementor-nav-menu--dropdown elementor-nav-menu__container\" aria-hidden=\"true\">\n\t\t\t\t<ul id=\"menu-2-6a992e9\" class=\"elementor-nav-menu sm-vertical\"><li class=\"menu-item menu-item-type-post_type menu-item-object-page menu-item-2687\"><a href=\"https:\/\/fitforme.ee\/fi\/meista\/\" class=\"elementor-item\" tabindex=\"-1\">Meist\u00e4<\/a><\/li>\n<li class=\"menu-item menu-item-type-post_type menu-item-object-page menu-item-2688\"><a href=\"https:\/\/fitforme.ee\/fi\/meista\/sairaanhoitotyontekijoille\/\" class=\"elementor-item\" tabindex=\"-1\">Sairaanhoitoty\u00f6ntekij\u00f6ille<\/a><\/li>\n<li class=\"menu-item menu-item-type-post_type menu-item-object-page menu-item-2689\"><a href=\"https:\/\/fitforme.ee\/fi\/meista\/tuotteiden-edut\/\" class=\"elementor-item\" tabindex=\"-1\">Tuotteiden edut<\/a><\/li>\n<li class=\"menu-item menu-item-type-post_type menu-item-object-page menu-item-2690\"><a href=\"https:\/\/fitforme.ee\/fi\/meista\/miksi-bariatrisen-leikkauksen-jalkeen-on-tarve-nauttia-multivitamiineja\/\" class=\"elementor-item\" tabindex=\"-1\">Miksi bariatrisen leikkauksen j\u00e4lkeen on tarve nauttia multivitamiineja?<\/a><\/li>\n<\/ul>\t\t\t<\/nav>\n\t\t\t\t\t\t<\/div>\n\t\t\t\t<\/div>\n\t\t\t\t\t<\/div>\n\t\t<\/div>\n\t\t\t\t\t<\/div>\n\t\t<\/section>\n\t\t\t\t<\/div>\n\t\t\t\t<\/div>\n\t\t\t\t\t\t<\/div>\n\t\t\t\t<\/div>\n\t\t\t\t\t<\/div>\n\t\t<\/div>\n\t\t\t\t<div class=\"elementor-column elementor-col-50 elementor-top-column elementor-element elementor-element-66a51f4f\" data-id=\"66a51f4f\" data-element_type=\"column\" data-e-type=\"column\">\n\t\t\t<div class=\"elementor-widget-wrap elementor-element-populated\">\n\t\t\t\t\t\t<div class=\"elementor-element elementor-element-d50d407 elementor-widget elementor-widget-text-editor\" data-id=\"d50d407\" data-element_type=\"widget\" data-e-type=\"widget\" data-widget_type=\"text-editor.default\">\n\t\t\t\t<div class=\"elementor-widget-container\">\n\t\t\t\t\t\t\t\t\tJokainen menestys k\u00e4tkee salaisuuden. FitForMe seuraa jatkuvasti uusimpia tieteellisi\u00e4 kehityksi\u00e4 ja k\u00e4ytt\u00e4\u00e4 aina parhaimpia aineosia. Yhdess\u00e4 intohimoisen terveyden edist\u00e4misen kanssa se takaa laadukkaat tuotteet. Lue t\u00e4st\u00e4 lis\u00e4\u00e4 j\u00e4ljemp\u00e4n\u00e4.\t\t\t\t\t\t\t\t<\/div>\n\t\t\t\t<\/div>\n\t\t\t\t<div class=\"elementor-element elementor-element-de25033 elementor-widget elementor-widget-heading\" data-id=\"de25033\" data-element_type=\"widget\" data-e-type=\"widget\" data-widget_type=\"heading.default\">\n\t\t\t\t<div class=\"elementor-widget-container\">\n\t\t\t\t\t<h2 class=\"elementor-heading-title elementor-size-default\">Tieteellinen n\u00e4k\u00f6kanta<\/h2>\t\t\t\t<\/div>\n\t\t\t\t<\/div>\n\t\t\t\t<div class=\"elementor-element elementor-element-64efb88 elementor-widget elementor-widget-text-editor\" data-id=\"64efb88\" data-element_type=\"widget\" data-e-type=\"widget\" data-widget_type=\"text-editor.default\">\n\t\t\t\t<div class=\"elementor-widget-container\">\n\t\t\t\t\t\t\t\t\tTieteelliset tutkimuksenne on suoritettu yhteisty\u00f6ss\u00e4 Alankomaissa sijaitsevan Rijnstaten sairaalan kanssa Arnhemissa. Aloitimme vuonna 2017 my\u00f6s kansainv\u00e4liset tieteelliset tutkimukset. Mielest\u00e4mme tutkimuksien tulokset ovat bariatristen ravintolisien jatkuvaa t\u00e4ydent\u00e4mist\u00e4 varten eritt\u00e4in t\u00e4rkeit\u00e4.\t\t\t\t\t\t\t\t<\/div>\n\t\t\t\t<\/div>\n\t\t\t\t<div class=\"elementor-element elementor-element-c471a1d elementor-widget elementor-widget-heading\" data-id=\"c471a1d\" data-element_type=\"widget\" data-e-type=\"widget\" data-widget_type=\"heading.default\">\n\t\t\t\t<div class=\"elementor-widget-container\">\n\t\t\t\t\t<h2 class=\"elementor-heading-title elementor-size-default\">Valmistettu Hollannissa<\/h2>\t\t\t\t<\/div>\n\t\t\t\t<\/div>\n\t\t\t\t<div class=\"elementor-element elementor-element-9d94f01 elementor-widget elementor-widget-text-editor\" data-id=\"9d94f01\" data-element_type=\"widget\" data-e-type=\"widget\" data-widget_type=\"text-editor.default\">\n\t\t\t\t<div class=\"elementor-widget-container\">\n\t\t\t\t\t\t\t\t\tLaadukkaiden tuotteiden takaamiseksi maineikkaat hollantilaiset yritykset tuottavat kaikki ravintolis\u00e4mme. Yritykset noudattavat annettuja hallituksen m\u00e4\u00e4r\u00e4yksi\u00e4 ja s\u00e4\u00e4nt\u00f6j\u00e4, ja niill\u00e4 on vaadittu laatusertifikaatti.\t\t\t\t\t\t\t\t<\/div>\n\t\t\t\t<\/div>\n\t\t\t\t<div class=\"elementor-element elementor-element-bf786cf elementor-widget elementor-widget-heading\" data-id=\"bf786cf\" data-element_type=\"widget\" data-e-type=\"widget\" data-widget_type=\"heading.default\">\n\t\t\t\t<div class=\"elementor-widget-container\">\n\t\t\t\t\t<h2 class=\"elementor-heading-title elementor-size-default\">Helposti imeytyv\u00e4<\/h2>\t\t\t\t<\/div>\n\t\t\t\t<\/div>\n\t\t\t\t<div class=\"elementor-element elementor-element-8b25736 elementor-widget elementor-widget-text-editor\" data-id=\"8b25736\" data-element_type=\"widget\" data-e-type=\"widget\" data-widget_type=\"text-editor.default\">\n\t\t\t\t<div class=\"elementor-widget-container\">\n\t\t\t\t\t\t\t\t\tRavintolis\u00e4t ovat ainesosien laadun puolesta hyvin erilaisia. FitForMen ravintolis\u00e4t on koostettu ainoastaan parhaimmista ravintolisist\u00e4, jotka ihmisen keho omaksuu helposti.\t\t\t\t\t\t\t\t<\/div>\n\t\t\t\t<\/div>\n\t\t\t\t<div class=\"elementor-element elementor-element-7094ee0 elementor-widget elementor-widget-heading\" data-id=\"7094ee0\" data-element_type=\"widget\" data-e-type=\"widget\" data-widget_type=\"heading.default\">\n\t\t\t\t<div class=\"elementor-widget-container\">\n\t\t\t\t\t<h2 class=\"elementor-heading-title elementor-size-default\">Allergeeniton<\/h2>\t\t\t\t<\/div>\n\t\t\t\t<\/div>\n\t\t\t\t<div class=\"elementor-element elementor-element-3969c29 elementor-widget elementor-widget-text-editor\" data-id=\"3969c29\" data-element_type=\"widget\" data-e-type=\"widget\" data-widget_type=\"text-editor.default\">\n\t\t\t\t<div class=\"elementor-widget-container\">\n\t\t\t\t\t\t\t\t\tLaadukas ravintolis\u00e4 ei aiheuta allergisia reaktioita. Pyrimme pit\u00e4m\u00e4\u00e4n ravintolis\u00e4t allergeenittomina. Nyky\u00e4\u00e4n FitForMen ravintolis\u00e4t eiv\u00e4t sis\u00e4ll\u00e4 laktoosia, hiivaa, gluteenia, synteettisi\u00e4 hajusteita, v\u00e4rej\u00e4 tai makuja.\t\t\t\t\t\t\t\t<\/div>\n\t\t\t\t<\/div>\n\t\t\t\t<div class=\"elementor-element elementor-element-23993ae elementor-widget elementor-widget-heading\" data-id=\"23993ae\" data-element_type=\"widget\" data-e-type=\"widget\" data-widget_type=\"heading.default\">\n\t\t\t\t<div class=\"elementor-widget-container\">\n\t\t\t\t\t<h2 class=\"elementor-heading-title elementor-size-default\">Erityinen pakkaus<\/h2>\t\t\t\t<\/div>\n\t\t\t\t<\/div>\n\t\t\t\t<div class=\"elementor-element elementor-element-e79cc4e elementor-widget elementor-widget-text-editor\" data-id=\"e79cc4e\" data-element_type=\"widget\" data-e-type=\"widget\" data-widget_type=\"text-editor.default\">\n\t\t\t\t<div class=\"elementor-widget-container\">\n\t\t\t\t\t\t\t\t\tPakkaamme l\u00e4hes kaikki tablettimme ja kapselimme erityisiin blisterpakkauksiin, eli l\u00e4mp\u00f6muokattuihin muovista valmistettuihin kuplapakkauksiin. Pakkaus suojaa hapelta, kosteudelta, valolta ja bakteereilta ja on samalla eritt\u00e4in hygieeninen. Ravintolis\u00e4t, jotka eiv\u00e4t tarvitse blisterpakkausta, pakkaamme k\u00e4teviin ja hermeettisesti suljettuihin purkkeihin.\t\t\t\t\t\t\t\t<\/div>\n\t\t\t\t<\/div>\n\t\t\t\t\t<\/div>\n\t\t<\/div>\n\t\t\t\t\t<\/div>\n\t\t<\/section>\n\t\t\t\t<\/div>\n\t\t","protected":false},"excerpt":{"rendered":"<p>Jokainen menestys k\u00e4tkee salaisuuden. FitForMe seuraa jatkuvasti uusimpia tieteellisi\u00e4 kehityksi\u00e4 ja k\u00e4ytt\u00e4\u00e4 aina parhaimpia aineosia. Yhdess\u00e4 intohimoisen terveyden edist\u00e4misen kanssa se takaa laadukkaat tuotteet. Lue t\u00e4st\u00e4 lis\u00e4\u00e4 j\u00e4ljemp\u00e4n\u00e4. Tieteellinen n\u00e4k\u00f6kanta Tieteelliset tutkimuksenne on suoritettu yhteisty\u00f6ss\u00e4 Alankomaissa sijaitsevan Rijnstaten sairaalan kanssa Arnhemissa. Aloitimme vuonna 2017 my\u00f6s kansainv\u00e4liset tieteelliset tutkimukset. Mielest\u00e4mme tutkimuksien tulokset ovat bariatristen ravintolisien jatkuvaa [&hellip;]<\/p>\n","protected":false},"author":13,"featured_media":0,"parent":2272,"menu_order":0,"comment_status":"closed","ping_status":"closed","template":"","meta":{"footnotes":""},"class_list":["post-2278","page","type-page","status-publish","hentry"],"_links":{"self":[{"href":"https:\/\/fitforme.ee\/fi\/wp-json\/wp\/v2\/pages\/2278","targetHints":{"allow":["GET"]}}],"collection":[{"href":"https:\/\/fitforme.ee\/fi\/wp-json\/wp\/v2\/pages"}],"about":[{"href":"https:\/\/fitforme.ee\/fi\/wp-json\/wp\/v2\/types\/page"}],"author":[{"embeddable":true,"href":"https:\/\/fitforme.ee\/fi\/wp-json\/wp\/v2\/users\/13"}],"replies":[{"embeddable":true,"href":"https:\/\/fitforme.ee\/fi\/wp-json\/wp\/v2\/comments?post=2278"}],"version-history":[{"count":1,"href":"https:\/\/fitforme.ee\/fi\/wp-json\/wp\/v2\/pages\/2278\/revisions"}],"predecessor-version":[{"id":2279,"href":"https:\/\/fitforme.ee\/fi\/wp-json\/wp\/v2\/pages\/2278\/revisions\/2279"}],"up":[{"embeddable":true,"href":"https:\/\/fitforme.ee\/fi\/wp-json\/wp\/v2\/pages\/2272"}],"wp:attachment":[{"href":"https:\/\/fitforme.ee\/fi\/wp-json\/wp\/v2\/media?parent=2278"}],"curies":[{"name":"wp","href":"https:\/\/api.w.org\/{rel}","templated":true}]}}