{"id":2280,"date":"2022-01-30T21:38:32","date_gmt":"2022-01-30T19:38:32","guid":{"rendered":"https:\/\/fitforme.ee\/leikkauksen-tyyppi\/"},"modified":"2022-06-04T17:33:44","modified_gmt":"2022-06-04T14:33:44","slug":"leikkauksen-tyyppi","status":"publish","type":"page","link":"https:\/\/fitforme.ee\/fi\/leikkauksen-tyyppi\/","title":{"rendered":"Leikkauksen tyyppi"},"content":{"rendered":"\t\t<div data-elementor-type=\"wp-post\" data-elementor-id=\"2280\" class=\"elementor elementor-2280 elementor-182\" data-elementor-post-type=\"page\">\n\t\t\t\t\t\t<section class=\"elementor-section elementor-top-section elementor-element elementor-element-2e366ff elementor-section-boxed elementor-section-height-default elementor-section-height-default\" data-id=\"2e366ff\" data-element_type=\"section\" data-e-type=\"section\" data-settings=\"{&quot;background_background&quot;:&quot;classic&quot;,&quot;shape_divider_bottom&quot;:&quot;waves&quot;}\">\n\t\t\t\t\t<div class=\"elementor-shape elementor-shape-bottom\" aria-hidden=\"true\" data-negative=\"false\">\n\t\t\t<svg xmlns=\"http:\/\/www.w3.org\/2000\/svg\" viewBox=\"0 0 1000 100\" preserveAspectRatio=\"none\">\n\t<path class=\"elementor-shape-fill\" d=\"M421.9,6.5c22.6-2.5,51.5,0.4,75.5,5.3c23.6,4.9,70.9,23.5,100.5,35.7c75.8,32.2,133.7,44.5,192.6,49.7\n\tc23.6,2.1,48.7,3.5,103.4-2.5c54.7-6,106.2-25.6,106.2-25.6V0H0v30.3c0,0,72,32.6,158.4,30.5c39.2-0.7,92.8-6.7,134-22.4\n\tc21.2-8.1,52.2-18.2,79.7-24.2C399.3,7.9,411.6,7.5,421.9,6.5z\"\/>\n<\/svg>\t\t<\/div>\n\t\t\t\t\t<div class=\"elementor-container elementor-column-gap-default\">\n\t\t\t\t\t<div class=\"elementor-column elementor-col-100 elementor-top-column elementor-element elementor-element-94579c0\" data-id=\"94579c0\" data-element_type=\"column\" data-e-type=\"column\">\n\t\t\t<div class=\"elementor-widget-wrap elementor-element-populated\">\n\t\t\t\t\t\t<div class=\"elementor-element elementor-element-becf3a6 elementor-widget elementor-widget-heading\" data-id=\"becf3a6\" data-element_type=\"widget\" data-e-type=\"widget\" data-widget_type=\"heading.default\">\n\t\t\t\t<div class=\"elementor-widget-container\">\n\t\t\t\t\t<h2 class=\"elementor-heading-title elementor-size-default\">Tutustu tuotteisiimme<\/h2>\t\t\t\t<\/div>\n\t\t\t\t<\/div>\n\t\t\t\t<div class=\"elementor-element elementor-element-b48e856 elementor-widget elementor-widget-text-editor\" data-id=\"b48e856\" data-element_type=\"widget\" data-e-type=\"widget\" data-widget_type=\"text-editor.default\">\n\t\t\t\t<div class=\"elementor-widget-container\">\n\t\t\t\t\t\t\t\t\tFitForMe-multivitamiinit on ty\u00f6stetty erityisesti eri tyyppisi\u00e4 lihavuusleikkauksia varten. Riippumatta siit\u00e4, millainen bariatrinen toimenpide valitaan, on yksi asia varma: leikkauksen j\u00e4lkeen ihminen pystyy nauttimaan v\u00e4hemm\u00e4n ruokaa, ja sen vuoksi elimist\u00f6 saa v\u00e4hemm\u00e4n ravintoaineita. Se tekee p\u00e4ivitt\u00e4in tarvittavien ravintoaineiden saamisen vaikeaksi ja asettaa elimist\u00f6n toimintakyvyn koetukselle.\r\n\r\nTerveellisen el\u00e4m\u00e4ntavan, parantuneen el\u00e4m\u00e4nlaadun ja hyvinvoinnin s\u00e4ilytt\u00e4miseksi on t\u00e4rke\u00e4\u00e4 huomioida mahdolliset elimist\u00f6\u00e4 vaarantavat puutokset bariatristen leikkausten j\u00e4lkeen. T\u00e4st\u00e4 l\u00f6yd\u00e4t tarvittavat ravintolis\u00e4t, jotka on sopeutettu sinun tarpeisiisi yhteisty\u00f6ss\u00e4 tiedemiesten kanssa.\t\t\t\t\t\t\t\t<\/div>\n\t\t\t\t<\/div>\n\t\t\t\t<section class=\"elementor-section elementor-inner-section elementor-element elementor-element-1a5dffc elementor-section-boxed elementor-section-height-default elementor-section-height-default\" data-id=\"1a5dffc\" data-element_type=\"section\" data-e-type=\"section\">\n\t\t\t\t\t\t<div class=\"elementor-container elementor-column-gap-default\">\n\t\t\t\t\t<div class=\"elementor-column elementor-col-25 elementor-inner-column elementor-element elementor-element-9820dee\" data-id=\"9820dee\" data-element_type=\"column\" data-e-type=\"column\">\n\t\t\t<div class=\"elementor-widget-wrap elementor-element-populated\">\n\t\t\t\t\t\t<div class=\"elementor-element elementor-element-109f730 elementor-position-top elementor-widget elementor-widget-image-box\" data-id=\"109f730\" data-element_type=\"widget\" data-e-type=\"widget\" data-widget_type=\"image-box.default\">\n\t\t\t\t<div class=\"elementor-widget-container\">\n\t\t\t\t\t<div class=\"elementor-image-box-wrapper\"><figure class=\"elementor-image-box-img\"><a href=\"https:\/\/fitforme.ee\/fi\/leikkauksen-tyyppi\/sleeve-leikkaus\/\" tabindex=\"-1\"><img decoding=\"async\" width=\"150\" height=\"150\" src=\"https:\/\/fitforme.ee\/wp-content\/uploads\/2022\/03\/mao-pikisuunaline-resektsioon.png\" class=\"attachment-full size-full wp-image-1077\" alt=\"Sleeve operatsioon\" \/><\/a><\/figure><div class=\"elementor-image-box-content\"><h3 class=\"elementor-image-box-title\"><a href=\"https:\/\/fitforme.ee\/fi\/leikkauksen-tyyppi\/sleeve-leikkaus\/\">Sleeve-leikkaus<br><br><\/a><\/h3><\/div><\/div>\t\t\t\t<\/div>\n\t\t\t\t<\/div>\n\t\t\t\t\t<\/div>\n\t\t<\/div>\n\t\t\t\t<div class=\"elementor-column elementor-col-25 elementor-inner-column elementor-element elementor-element-c0ec0c7\" data-id=\"c0ec0c7\" data-element_type=\"column\" data-e-type=\"column\">\n\t\t\t<div class=\"elementor-widget-wrap elementor-element-populated\">\n\t\t\t\t\t\t<div class=\"elementor-element elementor-element-1db16e7 elementor-position-top elementor-widget elementor-widget-image-box\" data-id=\"1db16e7\" data-element_type=\"widget\" data-e-type=\"widget\" data-widget_type=\"image-box.default\">\n\t\t\t\t<div class=\"elementor-widget-container\">\n\t\t\t\t\t<div class=\"elementor-image-box-wrapper\"><figure class=\"elementor-image-box-img\"><a href=\"https:\/\/fitforme.ee\/fi\/leikkauksen-tyyppi\/bypass-leikkaus\/\" tabindex=\"-1\"><img decoding=\"async\" width=\"150\" height=\"150\" src=\"https:\/\/fitforme.ee\/wp-content\/uploads\/2022\/03\/mao-sunt.png\" class=\"attachment-full size-full wp-image-1078\" alt=\"Bypass operatsioon\" \/><\/a><\/figure><div class=\"elementor-image-box-content\"><h3 class=\"elementor-image-box-title\"><a href=\"https:\/\/fitforme.ee\/fi\/leikkauksen-tyyppi\/bypass-leikkaus\/\">Bypass-leikkaus<br><br><\/a><\/h3><\/div><\/div>\t\t\t\t<\/div>\n\t\t\t\t<\/div>\n\t\t\t\t\t<\/div>\n\t\t<\/div>\n\t\t\t\t<div class=\"elementor-column elementor-col-25 elementor-inner-column elementor-element elementor-element-7bd1e6c\" data-id=\"7bd1e6c\" data-element_type=\"column\" data-e-type=\"column\">\n\t\t\t<div class=\"elementor-widget-wrap elementor-element-populated\">\n\t\t\t\t\t\t<div class=\"elementor-element elementor-element-150866c elementor-position-top elementor-widget elementor-widget-image-box\" data-id=\"150866c\" data-element_type=\"widget\" data-e-type=\"widget\" data-widget_type=\"image-box.default\">\n\t\t\t\t<div class=\"elementor-widget-container\">\n\t\t\t\t\t<div class=\"elementor-image-box-wrapper\"><figure class=\"elementor-image-box-img\"><a href=\"https:\/\/fitforme.ee\/fi\/leikkauksen-tyyppi\/mini-bypass-leikkaus\/\" tabindex=\"-1\"><img decoding=\"async\" width=\"150\" height=\"150\" src=\"https:\/\/fitforme.ee\/wp-content\/uploads\/2022\/03\/maost-moodajuhtimise-operatsioon.png\" class=\"attachment-full size-full wp-image-1079\" alt=\"Mini-bypass operatsioon\" \/><\/a><\/figure><div class=\"elementor-image-box-content\"><h3 class=\"elementor-image-box-title\"><a href=\"https:\/\/fitforme.ee\/fi\/leikkauksen-tyyppi\/mini-bypass-leikkaus\/\">Mini-bypass-leikkaus<br><br><\/a><\/h3><\/div><\/div>\t\t\t\t<\/div>\n\t\t\t\t<\/div>\n\t\t\t\t\t<\/div>\n\t\t<\/div>\n\t\t\t\t<div class=\"elementor-column elementor-col-25 elementor-inner-column elementor-element elementor-element-82c7ea0\" data-id=\"82c7ea0\" data-element_type=\"column\" data-e-type=\"column\">\n\t\t\t<div class=\"elementor-widget-wrap elementor-element-populated\">\n\t\t\t\t\t\t<div class=\"elementor-element elementor-element-4cfe0fa elementor-position-top elementor-widget elementor-widget-image-box\" data-id=\"4cfe0fa\" data-element_type=\"widget\" data-e-type=\"widget\" data-widget_type=\"image-box.default\">\n\t\t\t\t<div class=\"elementor-widget-container\">\n\t\t\t\t\t<div class=\"elementor-image-box-wrapper\"><figure class=\"elementor-image-box-img\"><a href=\"https:\/\/fitforme.ee\/fi\/leikkauksen-tyyppi\/malapsorptiivinen-leikkaus\/\" tabindex=\"-1\"><img loading=\"lazy\" decoding=\"async\" width=\"150\" height=\"150\" src=\"https:\/\/fitforme.ee\/wp-content\/uploads\/2022\/03\/biliopankrease-umbersuunamine.png\" class=\"attachment-full size-full wp-image-1080\" alt=\"Malabsorbtiivne operatsioon\" \/><\/a><\/figure><div class=\"elementor-image-box-content\"><h3 class=\"elementor-image-box-title\"><a href=\"https:\/\/fitforme.ee\/fi\/leikkauksen-tyyppi\/malapsorptiivinen-leikkaus\/\">Malapsorptiivinen leikkaus<\/a><\/h3><\/div><\/div>\t\t\t\t<\/div>\n\t\t\t\t<\/div>\n\t\t\t\t\t<\/div>\n\t\t<\/div>\n\t\t\t\t\t<\/div>\n\t\t<\/section>\n\t\t\t\t\t<\/div>\n\t\t<\/div>\n\t\t\t\t\t<\/div>\n\t\t<\/section>\n\t\t\t\t<\/div>\n\t\t","protected":false},"excerpt":{"rendered":"<p>Tutustu tuotteisiimme FitForMe-multivitamiinit on ty\u00f6stetty erityisesti eri tyyppisi\u00e4 lihavuusleikkauksia varten. Riippumatta siit\u00e4, millainen bariatrinen toimenpide valitaan, on yksi asia varma: leikkauksen j\u00e4lkeen ihminen pystyy nauttimaan v\u00e4hemm\u00e4n ruokaa, ja sen vuoksi elimist\u00f6 saa v\u00e4hemm\u00e4n ravintoaineita. Se tekee p\u00e4ivitt\u00e4in tarvittavien ravintoaineiden saamisen vaikeaksi ja asettaa elimist\u00f6n toimintakyvyn koetukselle. Terveellisen el\u00e4m\u00e4ntavan, parantuneen el\u00e4m\u00e4nlaadun ja hyvinvoinnin s\u00e4ilytt\u00e4miseksi on t\u00e4rke\u00e4\u00e4 [&hellip;]<\/p>\n","protected":false},"author":13,"featured_media":0,"parent":0,"menu_order":0,"comment_status":"closed","ping_status":"closed","template":"","meta":{"footnotes":""},"class_list":["post-2280","page","type-page","status-publish","hentry"],"_links":{"self":[{"href":"https:\/\/fitforme.ee\/fi\/wp-json\/wp\/v2\/pages\/2280","targetHints":{"allow":["GET"]}}],"collection":[{"href":"https:\/\/fitforme.ee\/fi\/wp-json\/wp\/v2\/pages"}],"about":[{"href":"https:\/\/fitforme.ee\/fi\/wp-json\/wp\/v2\/types\/page"}],"author":[{"embeddable":true,"href":"https:\/\/fitforme.ee\/fi\/wp-json\/wp\/v2\/users\/13"}],"replies":[{"embeddable":true,"href":"https:\/\/fitforme.ee\/fi\/wp-json\/wp\/v2\/comments?post=2280"}],"version-history":[{"count":1,"href":"https:\/\/fitforme.ee\/fi\/wp-json\/wp\/v2\/pages\/2280\/revisions"}],"predecessor-version":[{"id":2732,"href":"https:\/\/fitforme.ee\/fi\/wp-json\/wp\/v2\/pages\/2280\/revisions\/2732"}],"wp:attachment":[{"href":"https:\/\/fitforme.ee\/fi\/wp-json\/wp\/v2\/media?parent=2280"}],"curies":[{"name":"wp","href":"https:\/\/api.w.org\/{rel}","templated":true}]}}