{"id":2284,"date":"2022-01-31T18:13:13","date_gmt":"2022-01-31T16:13:13","guid":{"rendered":"https:\/\/fitforme.ee\/leikkauksen-tyyppi\/malapsorptiivinen-leikkaus\/"},"modified":"2023-03-26T20:54:32","modified_gmt":"2023-03-26T17:54:32","slug":"malapsorptiivinen-leikkaus","status":"publish","type":"page","link":"https:\/\/fitforme.ee\/fi\/leikkauksen-tyyppi\/malapsorptiivinen-leikkaus\/","title":{"rendered":"Malapsorptiivinen leikkaus"},"content":{"rendered":"\t\t<div data-elementor-type=\"wp-page\" data-elementor-id=\"2284\" class=\"elementor elementor-2284 elementor-297\" data-elementor-post-type=\"page\">\n\t\t\t\t\t\t<section class=\"elementor-section elementor-top-section elementor-element elementor-element-2a377c22 elementor-section-boxed elementor-section-height-default elementor-section-height-default\" data-id=\"2a377c22\" data-element_type=\"section\" data-e-type=\"section\" data-settings=\"{&quot;shape_divider_bottom&quot;:&quot;mountains&quot;}\">\n\t\t\t\t\t\t\t<div class=\"elementor-background-overlay\"><\/div>\n\t\t\t\t\t\t<div class=\"elementor-shape elementor-shape-bottom\" aria-hidden=\"true\" data-negative=\"false\">\n\t\t\t<svg xmlns=\"http:\/\/www.w3.org\/2000\/svg\" viewBox=\"0 0 1000 100\" preserveAspectRatio=\"none\">\n\t<path class=\"elementor-shape-fill\" opacity=\"0.33\" d=\"M473,67.3c-203.9,88.3-263.1-34-320.3,0C66,119.1,0,59.7,0,59.7V0h1000v59.7 c0,0-62.1,26.1-94.9,29.3c-32.8,3.3-62.8-12.3-75.8-22.1C806,49.6,745.3,8.7,694.9,4.7S492.4,59,473,67.3z\"\/>\n\t<path class=\"elementor-shape-fill\" opacity=\"0.66\" d=\"M734,67.3c-45.5,0-77.2-23.2-129.1-39.1c-28.6-8.7-150.3-10.1-254,39.1 s-91.7-34.4-149.2,0C115.7,118.3,0,39.8,0,39.8V0h1000v36.5c0,0-28.2-18.5-92.1-18.5C810.2,18.1,775.7,67.3,734,67.3z\"\/>\n\t<path class=\"elementor-shape-fill\" d=\"M766.1,28.9c-200-57.5-266,65.5-395.1,19.5C242,1.8,242,5.4,184.8,20.6C128,35.8,132.3,44.9,89.9,52.5C28.6,63.7,0,0,0,0 h1000c0,0-9.9,40.9-83.6,48.1S829.6,47,766.1,28.9z\"\/>\n<\/svg>\t\t<\/div>\n\t\t\t\t\t<div class=\"elementor-container elementor-column-gap-default\">\n\t\t\t\t\t<div class=\"elementor-column elementor-col-100 elementor-top-column elementor-element elementor-element-19ec254f\" data-id=\"19ec254f\" data-element_type=\"column\" data-e-type=\"column\">\n\t\t\t<div class=\"elementor-widget-wrap elementor-element-populated\">\n\t\t\t\t\t\t<div class=\"elementor-element elementor-element-1d4b533 elementor-widget elementor-widget-text-editor\" data-id=\"1d4b533\" data-element_type=\"widget\" data-e-type=\"widget\" data-widget_type=\"text-editor.default\">\n\t\t\t\t<div class=\"elementor-widget-container\">\n\t\t\t\t\t\t\t\t\t<p>(pohjukaissuolen yhdist\u00e4minen tai biliopankreaalinen diversio)<\/p>\n\t\t\t\t\t\t\t\t<\/div>\n\t\t\t\t<\/div>\n\t\t\t\t<div class=\"elementor-element elementor-element-f45bc8c elementor-widget elementor-widget-text-editor\" data-id=\"f45bc8c\" data-element_type=\"widget\" data-e-type=\"widget\" data-widget_type=\"text-editor.default\">\n\t\t\t\t<div class=\"elementor-widget-container\">\n\t\t\t\t\t\t\t\t\t<p>Malapsorptiivisen leikkauksen j\u00e4lkeen ihminen voi sy\u00f6d\u00e4 vain pieni\u00e4 annoksia. Se tekee p\u00e4ivitt\u00e4isen ravintoaineiden tarpeen tyydytt\u00e4misen monimutkaiseksi. Sen tuloksena voi synty\u00e4 foolihapon, B12-vitamiinin, raudan sek\u00e4 A- ja D-vitamiinin puute. T\u00e4m\u00e4n vuoksi terveellisten el\u00e4m\u00e4ntapojen ja yleisen hyvinvoinnin s\u00e4ilytt\u00e4miseksi on t\u00e4rke\u00e4\u00e4 t\u00e4ydent\u00e4\u00e4 puutoksia erityisesti valmistetuilla multivitamiineilla.<\/p>\n\t\t\t\t\t\t\t\t<\/div>\n\t\t\t\t<\/div>\n\t\t\t\t<section class=\"elementor-section elementor-inner-section elementor-element elementor-element-f78f77c elementor-section-content-space-evenly elementor-section-boxed elementor-section-height-default elementor-section-height-default\" data-id=\"f78f77c\" data-element_type=\"section\" data-e-type=\"section\">\n\t\t\t\t\t\t<div class=\"elementor-container elementor-column-gap-default\">\n\t\t\t\t\t<div class=\"elementor-column elementor-col-33 elementor-inner-column elementor-element elementor-element-43be9cb\" data-id=\"43be9cb\" data-element_type=\"column\" data-e-type=\"column\">\n\t\t\t<div class=\"elementor-widget-wrap\">\n\t\t\t\t\t\t\t<\/div>\n\t\t<\/div>\n\t\t\t\t<div class=\"elementor-column elementor-col-33 elementor-inner-column elementor-element elementor-element-9a64466\" data-id=\"9a64466\" data-element_type=\"column\" data-e-type=\"column\">\n\t\t\t<div class=\"elementor-widget-wrap elementor-element-populated\">\n\t\t\t\t\t\t<div class=\"elementor-element elementor-element-780dcd8 elementor-widget elementor-widget-image\" data-id=\"780dcd8\" data-element_type=\"widget\" data-e-type=\"widget\" data-widget_type=\"image.default\">\n\t\t\t\t<div class=\"elementor-widget-container\">\n\t\t\t\t\t\t\t\t\t\t\t\t\t\t\t\t<a href=\"https:\/\/fitforme.ee\/fi\/tuotteet\/wls-maximum-kapselit\/\">\n\t\t\t\t\t\t\t<img fetchpriority=\"high\" decoding=\"async\" width=\"300\" height=\"300\" src=\"https:\/\/fitforme.ee\/wp-content\/uploads\/2022\/02\/WLSMaxi__VitA-300x300-1.png\" class=\"attachment-large size-large wp-image-2169\" alt=\"WLS Maximum kapslid\" \/>\t\t\t\t\t\t\t\t<\/a>\n\t\t\t\t\t\t\t\t\t\t\t\t\t\t\t<\/div>\n\t\t\t\t<\/div>\n\t\t\t\t<div class=\"elementor-element elementor-element-27a06da elementor-widget elementor-widget-heading\" data-id=\"27a06da\" data-element_type=\"widget\" data-e-type=\"widget\" data-widget_type=\"heading.default\">\n\t\t\t\t<div class=\"elementor-widget-container\">\n\t\t\t\t\t<h2 class=\"elementor-heading-title elementor-size-default\"><a href=\"https:\/\/fitforme.ee\/fi\/tuotteet\/wls-maximum-kapselit\/\">WLS Maximum -kapselit<\/a><\/h2>\t\t\t\t<\/div>\n\t\t\t\t<\/div>\n\t\t\t\t<div class=\"elementor-element elementor-element-330d338 elementor-icon-list--layout-traditional elementor-list-item-link-full_width elementor-widget elementor-widget-icon-list\" data-id=\"330d338\" data-element_type=\"widget\" data-e-type=\"widget\" data-widget_type=\"icon-list.default\">\n\t\t\t\t<div class=\"elementor-widget-container\">\n\t\t\t\t\t\t\t<ul class=\"elementor-icon-list-items\">\n\t\t\t\t\t\t\t<li class=\"elementor-icon-list-item\">\n\t\t\t\t\t\t\t\t\t\t\t<a href=\"https:\/\/fitforme.ee\/fi\/tuotteet\/wls-maximum-kapselit\/\">\n\n\t\t\t\t\t\t\t\t\t\t\t\t<span class=\"elementor-icon-list-icon\">\n\t\t\t\t\t\t\t<i aria-hidden=\"true\" class=\"fas fa-check\"><\/i>\t\t\t\t\t\t<\/span>\n\t\t\t\t\t\t\t\t\t\t<span class=\"elementor-icon-list-text\">Malapsorptiivisen leikkauksen (pohjukaissuolen yhdist\u00e4minen tai biliopankreaalinen diversio) j\u00e4lkeiseen k\u00e4ytt\u00f6\u00f6n<\/span>\n\t\t\t\t\t\t\t\t\t\t\t<\/a>\n\t\t\t\t\t\t\t\t\t<\/li>\n\t\t\t\t\t\t\t\t<li class=\"elementor-icon-list-item\">\n\t\t\t\t\t\t\t\t\t\t\t<a href=\"https:\/\/fitforme.ee\/fi\/tuotteet\/wls-maximum-kapselit\/\">\n\n\t\t\t\t\t\t\t\t\t\t\t\t<span class=\"elementor-icon-list-icon\">\n\t\t\t\t\t\t\t<i aria-hidden=\"true\" class=\"fas fa-check\"><\/i>\t\t\t\t\t\t<\/span>\n\t\t\t\t\t\t\t\t\t\t<span class=\"elementor-icon-list-text\">1 kapseli + 1 A-vitamiinitabletti p\u00e4iv\u00e4ss\u00e4<\/span>\n\t\t\t\t\t\t\t\t\t\t\t<\/a>\n\t\t\t\t\t\t\t\t\t<\/li>\n\t\t\t\t\t\t\t\t<li class=\"elementor-icon-list-item\">\n\t\t\t\t\t\t\t\t\t\t\t<a href=\"https:\/\/fitforme.ee\/fi\/tuotteet\/wls-maximum-kapselit\/\">\n\n\t\t\t\t\t\t\t\t\t\t\t\t<span class=\"elementor-icon-list-icon\">\n\t\t\t\t\t\t\t<i aria-hidden=\"true\" class=\"fas fa-check\"><\/i>\t\t\t\t\t\t<\/span>\n\t\t\t\t\t\t\t\t\t\t<span class=\"elementor-icon-list-text\">A-vitamiinit ilmaiseksi mukana<\/span>\n\t\t\t\t\t\t\t\t\t\t\t<\/a>\n\t\t\t\t\t\t\t\t\t<\/li>\n\t\t\t\t\t\t\t\t<li class=\"elementor-icon-list-item\">\n\t\t\t\t\t\t\t\t\t\t\t<a href=\"https:\/\/fitforme.ee\/fi\/tuotteet\/wls-maximum-kapselit\/\">\n\n\t\t\t\t\t\t\t\t\t\t\t\t<span class=\"elementor-icon-list-icon\">\n\t\t\t\t\t\t\t<i aria-hidden=\"true\" class=\"fas fa-check\"><\/i>\t\t\t\t\t\t<\/span>\n\t\t\t\t\t\t\t\t\t\t<span class=\"elementor-icon-list-text\">Helppo nauttia<\/span>\n\t\t\t\t\t\t\t\t\t\t\t<\/a>\n\t\t\t\t\t\t\t\t\t<\/li>\n\t\t\t\t\t\t<\/ul>\n\t\t\t\t\t\t<\/div>\n\t\t\t\t<\/div>\n\t\t\t\t<div class=\"elementor-element elementor-element-0e777eb elementor-widget elementor-widget-spacer\" data-id=\"0e777eb\" data-element_type=\"widget\" data-e-type=\"widget\" data-widget_type=\"spacer.default\">\n\t\t\t\t<div class=\"elementor-widget-container\">\n\t\t\t\t\t\t\t<div class=\"elementor-spacer\">\n\t\t\t<div class=\"elementor-spacer-inner\"><\/div>\n\t\t<\/div>\n\t\t\t\t\t\t<\/div>\n\t\t\t\t<\/div>\n\t\t\t\t<div class=\"elementor-element elementor-element-55802abb elementor-align-justify elementor-widget elementor-widget-button\" data-id=\"55802abb\" data-element_type=\"widget\" data-e-type=\"widget\" data-widget_type=\"button.default\">\n\t\t\t\t<div class=\"elementor-widget-container\">\n\t\t\t\t\t\t\t\t\t<div class=\"elementor-button-wrapper\">\n\t\t\t\t\t<a class=\"elementor-button elementor-button-link elementor-size-md elementor-animation-grow\" href=\"https:\/\/fitforme.ee\/fi\/tuotteet\/wls-maximum-kapselit\/\">\n\t\t\t\t\t\t<span class=\"elementor-button-content-wrapper\">\n\t\t\t\t\t\t\t\t\t<span class=\"elementor-button-text\">Tutustu l\u00e4hemmin<\/span>\n\t\t\t\t\t<\/span>\n\t\t\t\t\t<\/a>\n\t\t\t\t<\/div>\n\t\t\t\t\t\t\t\t<\/div>\n\t\t\t\t<\/div>\n\t\t\t\t\t<\/div>\n\t\t<\/div>\n\t\t\t\t<div class=\"elementor-column elementor-col-33 elementor-inner-column elementor-element elementor-element-6dfce20\" data-id=\"6dfce20\" data-element_type=\"column\" data-e-type=\"column\">\n\t\t\t<div class=\"elementor-widget-wrap\">\n\t\t\t\t\t\t\t<\/div>\n\t\t<\/div>\n\t\t\t\t\t<\/div>\n\t\t<\/section>\n\t\t\t\t\t<\/div>\n\t\t<\/div>\n\t\t\t\t\t<\/div>\n\t\t<\/section>\n\t\t\t\t<\/div>\n\t\t","protected":false},"excerpt":{"rendered":"<p>(pohjukaissuolen yhdist\u00e4minen tai biliopankreaalinen diversio) Malapsorptiivisen leikkauksen j\u00e4lkeen ihminen voi sy\u00f6d\u00e4 vain pieni\u00e4 annoksia. Se tekee p\u00e4ivitt\u00e4isen ravintoaineiden tarpeen tyydytt\u00e4misen monimutkaiseksi. Sen tuloksena voi synty\u00e4 foolihapon, B12-vitamiinin, raudan sek\u00e4 A- ja D-vitamiinin puute. T\u00e4m\u00e4n vuoksi terveellisten el\u00e4m\u00e4ntapojen ja yleisen hyvinvoinnin s\u00e4ilytt\u00e4miseksi on t\u00e4rke\u00e4\u00e4 t\u00e4ydent\u00e4\u00e4 puutoksia erityisesti valmistetuilla multivitamiineilla. WLS Maximum -kapselit Malapsorptiivisen leikkauksen (pohjukaissuolen yhdist\u00e4minen [&hellip;]<\/p>\n","protected":false},"author":13,"featured_media":0,"parent":2280,"menu_order":0,"comment_status":"closed","ping_status":"closed","template":"","meta":{"footnotes":""},"class_list":["post-2284","page","type-page","status-publish","hentry"],"_links":{"self":[{"href":"https:\/\/fitforme.ee\/fi\/wp-json\/wp\/v2\/pages\/2284","targetHints":{"allow":["GET"]}}],"collection":[{"href":"https:\/\/fitforme.ee\/fi\/wp-json\/wp\/v2\/pages"}],"about":[{"href":"https:\/\/fitforme.ee\/fi\/wp-json\/wp\/v2\/types\/page"}],"author":[{"embeddable":true,"href":"https:\/\/fitforme.ee\/fi\/wp-json\/wp\/v2\/users\/13"}],"replies":[{"embeddable":true,"href":"https:\/\/fitforme.ee\/fi\/wp-json\/wp\/v2\/comments?post=2284"}],"version-history":[{"count":1,"href":"https:\/\/fitforme.ee\/fi\/wp-json\/wp\/v2\/pages\/2284\/revisions"}],"predecessor-version":[{"id":3163,"href":"https:\/\/fitforme.ee\/fi\/wp-json\/wp\/v2\/pages\/2284\/revisions\/3163"}],"up":[{"embeddable":true,"href":"https:\/\/fitforme.ee\/fi\/wp-json\/wp\/v2\/pages\/2280"}],"wp:attachment":[{"href":"https:\/\/fitforme.ee\/fi\/wp-json\/wp\/v2\/media?parent=2284"}],"curies":[{"name":"wp","href":"https:\/\/api.w.org\/{rel}","templated":true}]}}