{"id":2290,"date":"2022-01-24T19:01:40","date_gmt":"2022-01-24T17:01:40","guid":{"rendered":"https:\/\/fitforme.ee\/tietosuojaseloste\/"},"modified":"2022-06-04T16:14:54","modified_gmt":"2022-06-04T13:14:54","slug":"tietosuojaseloste","status":"publish","type":"page","link":"https:\/\/fitforme.ee\/fi\/tietosuojaseloste\/","title":{"rendered":"Tietosuojaseloste"},"content":{"rendered":"\t\t<div data-elementor-type=\"wp-page\" data-elementor-id=\"2290\" class=\"elementor elementor-2290 elementor-3\" data-elementor-post-type=\"page\">\n\t\t\t\t\t\t<section class=\"elementor-section elementor-top-section elementor-element elementor-element-77c37128 elementor-section-boxed elementor-section-height-default elementor-section-height-default\" data-id=\"77c37128\" data-element_type=\"section\" data-e-type=\"section\" data-settings=\"{&quot;shape_divider_bottom&quot;:&quot;mountains&quot;}\">\n\t\t\t\t\t\t\t<div class=\"elementor-background-overlay\"><\/div>\n\t\t\t\t\t\t<div class=\"elementor-shape elementor-shape-bottom\" aria-hidden=\"true\" data-negative=\"false\">\n\t\t\t<svg xmlns=\"http:\/\/www.w3.org\/2000\/svg\" viewBox=\"0 0 1000 100\" preserveAspectRatio=\"none\">\n\t<path class=\"elementor-shape-fill\" opacity=\"0.33\" d=\"M473,67.3c-203.9,88.3-263.1-34-320.3,0C66,119.1,0,59.7,0,59.7V0h1000v59.7 c0,0-62.1,26.1-94.9,29.3c-32.8,3.3-62.8-12.3-75.8-22.1C806,49.6,745.3,8.7,694.9,4.7S492.4,59,473,67.3z\"\/>\n\t<path class=\"elementor-shape-fill\" opacity=\"0.66\" d=\"M734,67.3c-45.5,0-77.2-23.2-129.1-39.1c-28.6-8.7-150.3-10.1-254,39.1 s-91.7-34.4-149.2,0C115.7,118.3,0,39.8,0,39.8V0h1000v36.5c0,0-28.2-18.5-92.1-18.5C810.2,18.1,775.7,67.3,734,67.3z\"\/>\n\t<path class=\"elementor-shape-fill\" d=\"M766.1,28.9c-200-57.5-266,65.5-395.1,19.5C242,1.8,242,5.4,184.8,20.6C128,35.8,132.3,44.9,89.9,52.5C28.6,63.7,0,0,0,0 h1000c0,0-9.9,40.9-83.6,48.1S829.6,47,766.1,28.9z\"\/>\n<\/svg>\t\t<\/div>\n\t\t\t\t\t<div class=\"elementor-container elementor-column-gap-default\">\n\t\t\t\t\t<div class=\"elementor-column elementor-col-50 elementor-top-column elementor-element elementor-element-71fb3a5d\" data-id=\"71fb3a5d\" data-element_type=\"column\" data-e-type=\"column\">\n\t\t\t<div class=\"elementor-widget-wrap elementor-element-populated\">\n\t\t\t\t\t\t\t<\/div>\n\t\t<\/div>\n\t\t\t\t<div class=\"elementor-column elementor-col-50 elementor-top-column elementor-element elementor-element-580d7b9\" data-id=\"580d7b9\" data-element_type=\"column\" data-e-type=\"column\">\n\t\t\t<div class=\"elementor-widget-wrap elementor-element-populated\">\n\t\t\t\t\t\t<div class=\"elementor-element elementor-element-768fe9b0 elementor-widget elementor-widget-text-editor\" data-id=\"768fe9b0\" data-element_type=\"widget\" data-e-type=\"widget\" data-widget_type=\"text-editor.default\">\n\t\t\t\t<div class=\"elementor-widget-container\">\n\t\t\t\t\t\t\t\t\t<strong>HENKIL\u00d6TIETOJEN K\u00c4SITTELY<\/strong>\r\n<br><br>\r\nVerkkokaupan epood.surgitech.ee henkil\u00f6tietojen vastaava k\u00e4sittelij\u00e4 on Surgitech AS (rekisterinumero 10453754), osoite P\u00e4rnu mnt 148, Tallinn, 11317. Puhelin +372 6460660 ja s\u00e4hk\u00f6posti surgitech@surgitech.ee.\r\n<br><br>\r\n<strong>Mit\u00e4 henkil\u00f6tietoja k\u00e4sitell\u00e4\u00e4n?<\/strong>\r\n<br><br>\r\n\u2212 nimi, puhelinnumero ja s\u00e4hk\u00f6postiosoite<br>\r\n\u2212 tuotteen toimitusosoite<br>\r\n\u2212 pankkitilinumero<br>\r\n\u2212 tuotteiden ja palveluiden hinta ja maksuihin liittyv\u00e4t tiedot (ostohistoria)<br>\r\n\u2212 asiakastuen tiedot.\r\n<br><br>\r\n<strong>Mihin tarkoitukseen henkil\u00f6tietoja k\u00e4sitell\u00e4\u00e4n?<\/strong>\r\n<br><br>\r\nHenkil\u00f6tietoja k\u00e4sitell\u00e4\u00e4n asiakkaan tilauksen arviointia ja tuotteen toimitusta varten. Surgitech AS l\u00e4hett\u00e4\u00e4 maksujen suorittamiseksi tarvittavat henkil\u00f6tiedot valtuutetulle k\u00e4sittelij\u00e4lle, Maksekeskus AS:lle. Ostohistorian tietoja (ostop\u00e4iv\u00e4, tuote, m\u00e4\u00e4r\u00e4, asiakkaan tiedot) k\u00e4ytet\u00e4\u00e4n ostettujen tuotteiden ja palveluiden katsauksen laatimiseksi ja asiakkaan mieltymysten analysoimiseksi. Pankkitilinumeroa k\u00e4ytet\u00e4\u00e4n maksujen palauttamiseen asiakkaalle. Henkil\u00f6tietoja \u2013 kuten s\u00e4hk\u00f6postiosoite, puhelinnumero, asiakkaan nimi \u2013 k\u00e4ytet\u00e4\u00e4n ratkaisemaan tuotteiden ja palveluiden tarjoamiseen liittyvi\u00e4 asioita (asiakastuki). Verkkokaupan k\u00e4ytt\u00e4j\u00e4n IP-osoitetta tai muita verkkotunnisteita k\u00e4sitell\u00e4\u00e4n verkkokaupan tarjoamiseksi tietoyhteiskunnan palveluna ja verkon k\u00e4yt\u00f6n tilastojen tekemiseksi.\r\n<br><br>\r\n<strong>Juridinen peruste<\/strong>\r\n<br><br>\r\nHenkil\u00f6tietojen k\u00e4sittely tapahtuu asiakkaan kanssa solmitun sopimuksen t\u00e4ytt\u00e4miseksi. Henkil\u00f6tietojen k\u00e4sittely tapahtuu juridisten velvoitteiden t\u00e4ytt\u00e4miseksi (esim. kirjanpito ja kuluttajariita-asioiden ratkaisu).\r\n<br><br>\r\n<strong>Vastaanottajat, joille henkil\u00f6tiedot l\u00e4hetet\u00e4\u00e4n<\/strong>\r\n<br><br>\r\nHenkil\u00f6tiedot l\u00e4hetet\u00e4\u00e4n verkkokaupan asiakastuelle ostojen ja ostohistorian hallinnointia ja asiakasongelmien ratkaisua varten. Nimi, puhelinnumero ja s\u00e4hk\u00f6postiosoite l\u00e4hetet\u00e4\u00e4n asiakkaan valitsemalle kuljetuspalvelun tarjoajalle. Mik\u00e4li kyse on kuriirin toimittamasta tuotteesta, l\u00e4hetet\u00e4\u00e4n sille yhteystietojen lis\u00e4ksi asiakkaan osoite. Henkil\u00f6tietoja voidaan l\u00e4hett\u00e4\u00e4 tietoteknologiapalveluiden tarjoajalle, mik\u00e4li se on tarpeen verkkokaupan toiminnan tai webhotellin takaamiseksi.\r\n<br><br>\r\n<strong>Turvallisuus ja p\u00e4\u00e4sy tietoihin<\/strong>\r\n<br><br>\r\nHenkil\u00f6tietoihin p\u00e4\u00e4sy on verkkokaupan ty\u00f6ntekij\u00f6ill\u00e4, jotka voivat tutustua henkil\u00f6tietoihin ratkaistakseen verkkokaupan k\u00e4ytt\u00f6\u00f6n liittyvi\u00e4 teknisi\u00e4 kysymyksi\u00e4 ja tarjotakseen asiakastukipalveluja. Verkkokauppa k\u00e4ytt\u00e4\u00e4 asianmukaisia fyysisi\u00e4, organisatorisia ja tietoteknisi\u00e4 turvamenetelmi\u00e4 suojatakseen henkil\u00f6tietoja satunnaiselta tai laittomalta tuhoutumiselta, katoamiselta, muuttumiselta tai luvattomalta p\u00e4\u00e4sylt\u00e4 tai julkistamiselta. Henkil\u00f6tietojen l\u00e4hett\u00e4minen verkkokaupan valtuuttamille k\u00e4sittelij\u00f6ille (esim. kuljetuspalvelun tarjoaja ja webhotelli) tapahtuu verkkokaupan ja valtuutettujen k\u00e4sittelij\u00f6iden kesken solmittujen sopimusten perusteella. Valtuutetut k\u00e4sittelij\u00e4t ovat velvollisia takaamaan henkil\u00f6tietojen k\u00e4sittelyss\u00e4 asianmukaiset suojamenetelm\u00e4t.\r\n<br><br>\r\n<strong>Henkil\u00f6tietoihin tutustuminen ja niiden korjaaminen<\/strong>\r\n<br><br>\r\nHenkil\u00f6tietoihin voi tutustua ja tehd\u00e4 niihin korjauksia verkkokaupan k\u00e4ytt\u00e4j\u00e4profiilissa. Mik\u00e4li osto on suoritettu ilman k\u00e4ytt\u00e4j\u00e4tili\u00e4, voi henkil\u00f6tietoihin tutustua asiakastuen v\u00e4lityksell\u00e4.\r\n<br><br>\r\n<strong>Suostumuksen peruutus<\/strong>\r\n<br><br>\r\nMik\u00e4li henkil\u00f6tietojen k\u00e4sittely tapahtuu asiakkaan suostumuksesta, on asiakkaalla oikeus peruuttaa suostumus ilmoittamalla siit\u00e4 asiakastuelle s\u00e4hk\u00f6postitse.\r\n<br><br>\r\n<strong>S\u00e4ilytt\u00e4minen<\/strong>\r\n<br><br>\r\nVerkkokaupan asiakastili suljettaessa henkil\u00f6tiedot poistetaan, paitsi mik\u00e4li tietoja on s\u00e4ilytett\u00e4v\u00e4 kirjanpitoa varten tai kuluttajariidan ratkaisemista varten. Mik\u00e4li verkkokaupan osto on tehty ilman asiakastili\u00e4, s\u00e4ilytet\u00e4\u00e4n ostohistoriaa kolme vuotta. Maksuihin ja kuluttajariitoihin liittyvien riita-asioiden osalta s\u00e4ilytet\u00e4\u00e4n henkil\u00f6tietoja vaateen t\u00e4ytt\u00e4miseen tai vanhentumisajan loppuun saakka. Kirjanpidolle tarpeellisia henkil\u00f6tietoja s\u00e4ilytet\u00e4\u00e4n seitsem\u00e4n vuotta.\r\n<br><br>\r\n<strong>Poistaminen<\/strong>\r\n<br><br>\r\nHenkil\u00f6tietojen poistamiseksi on otettava yhteys asiakastukeen s\u00e4hk\u00f6postitse. K\u00e4ytt\u00e4j\u00e4hakemukseen vastataan viimeist\u00e4\u00e4n kuukauden kuluessa ja t\u00e4smennet\u00e4\u00e4n tietojen poistamisaika.\r\n<br><br>\r\n<strong>Suoramarkkinointi ja henkil\u00f6tietojen k\u00e4sittely<\/strong>\r\n<br><br>\r\nAsiakkaan sy\u00f6tt\u00e4mi\u00e4 henkil\u00f6tietoja (mm. nimi, puhelinnumero, osoite, s\u00e4hk\u00f6postiosoite) k\u00e4ytet\u00e4\u00e4n vain tilauksen k\u00e4sittelyyn ja asiakkaalle l\u00e4hett\u00e4miseen. Luovutamme henkil\u00f6tiedot kuljetusyritykselle tuotteen toimitusta varten. Emme luovuta asiakkaan tietoja kolmansille osapuolille.\r\n<br><br>\r\nVerkkokauppa l\u00e4hett\u00e4\u00e4 ostajalle uutiskirjeit\u00e4 ja tarjouksia ostajan s\u00e4hk\u00f6postiosoitteeseen vain siin\u00e4 tapauksessa, ett\u00e4 ostaja on antanut siihen suostumuksensa sy\u00f6tt\u00e4m\u00e4ll\u00e4 verkkosivulla s\u00e4hk\u00f6postiosoitteensa ja ilmoittanut toiveestaan suorapostitusilmoitusten saamiseksi.\r\n<br><br>\r\nOstajalla on milloin tahansa oikeus luopua s\u00e4hk\u00f6postiin l\u00e4hetett\u00e4vist\u00e4 tarjouksista ja uutiskirjeist\u00e4 ilmoittamalla siit\u00e4 meille s\u00e4hk\u00f6postitse tai noudattamalla tarjouksia sis\u00e4lt\u00e4v\u00e4n s\u00e4hk\u00f6postin ohjeita.\r\n<br><br>\r\nVerkkokaupan tilausymp\u00e4rist\u00f6ss\u00e4 s\u00e4ilytett\u00e4vi\u00e4 tietoja k\u00e4sitell\u00e4\u00e4n luottamuksellisina tietoina.\t\t\t\t\t\t\t\t<\/div>\n\t\t\t\t<\/div>\n\t\t\t\t\t<\/div>\n\t\t<\/div>\n\t\t\t\t\t<\/div>\n\t\t<\/section>\n\t\t\t\t<\/div>\n\t\t","protected":false},"excerpt":{"rendered":"<p>HENKIL\u00d6TIETOJEN K\u00c4SITTELY Verkkokaupan epood.surgitech.ee henkil\u00f6tietojen vastaava k\u00e4sittelij\u00e4 on Surgitech AS (rekisterinumero 10453754), osoite P\u00e4rnu mnt 148, Tallinn, 11317. Puhelin +372 6460660 ja s\u00e4hk\u00f6posti surgitech@surgitech.ee. Mit\u00e4 henkil\u00f6tietoja k\u00e4sitell\u00e4\u00e4n? \u2212 nimi, puhelinnumero ja s\u00e4hk\u00f6postiosoite \u2212 tuotteen toimitusosoite \u2212 pankkitilinumero \u2212 tuotteiden ja palveluiden hinta ja maksuihin liittyv\u00e4t tiedot (ostohistoria) \u2212 asiakastuen tiedot. Mihin tarkoitukseen henkil\u00f6tietoja k\u00e4sitell\u00e4\u00e4n? Henkil\u00f6tietoja [&hellip;]<\/p>\n","protected":false},"author":13,"featured_media":0,"parent":0,"menu_order":0,"comment_status":"closed","ping_status":"closed","template":"","meta":{"footnotes":""},"class_list":["post-2290","page","type-page","status-publish","hentry"],"_links":{"self":[{"href":"https:\/\/fitforme.ee\/fi\/wp-json\/wp\/v2\/pages\/2290","targetHints":{"allow":["GET"]}}],"collection":[{"href":"https:\/\/fitforme.ee\/fi\/wp-json\/wp\/v2\/pages"}],"about":[{"href":"https:\/\/fitforme.ee\/fi\/wp-json\/wp\/v2\/types\/page"}],"author":[{"embeddable":true,"href":"https:\/\/fitforme.ee\/fi\/wp-json\/wp\/v2\/users\/13"}],"replies":[{"embeddable":true,"href":"https:\/\/fitforme.ee\/fi\/wp-json\/wp\/v2\/comments?post=2290"}],"version-history":[{"count":1,"href":"https:\/\/fitforme.ee\/fi\/wp-json\/wp\/v2\/pages\/2290\/revisions"}],"predecessor-version":[{"id":2646,"href":"https:\/\/fitforme.ee\/fi\/wp-json\/wp\/v2\/pages\/2290\/revisions\/2646"}],"wp:attachment":[{"href":"https:\/\/fitforme.ee\/fi\/wp-json\/wp\/v2\/media?parent=2290"}],"curies":[{"name":"wp","href":"https:\/\/api.w.org\/{rel}","templated":true}]}}