{"id":2385,"date":"2022-01-31T17:10:20","date_gmt":"2022-01-31T15:10:20","guid":{"rendered":"https:\/\/fitforme.ee\/yleisehdot\/"},"modified":"2026-01-06T11:11:14","modified_gmt":"2026-01-06T09:11:14","slug":"yleisehdot","status":"publish","type":"page","link":"https:\/\/fitforme.ee\/fi\/yleisehdot\/","title":{"rendered":"Yleisehdot"},"content":{"rendered":"\t\t<div data-elementor-type=\"wp-page\" data-elementor-id=\"2385\" class=\"elementor elementor-2385 elementor-208\" data-elementor-post-type=\"page\">\n\t\t\t\t\t\t<section class=\"elementor-section elementor-top-section elementor-element elementor-element-ce4baa5 elementor-section-boxed elementor-section-height-default elementor-section-height-default\" data-id=\"ce4baa5\" data-element_type=\"section\" data-e-type=\"section\" data-settings=\"{&quot;shape_divider_bottom&quot;:&quot;mountains&quot;}\">\n\t\t\t\t\t\t\t<div class=\"elementor-background-overlay\"><\/div>\n\t\t\t\t\t\t<div class=\"elementor-shape elementor-shape-bottom\" aria-hidden=\"true\" data-negative=\"false\">\n\t\t\t<svg xmlns=\"http:\/\/www.w3.org\/2000\/svg\" viewBox=\"0 0 1000 100\" preserveAspectRatio=\"none\">\n\t<path class=\"elementor-shape-fill\" opacity=\"0.33\" d=\"M473,67.3c-203.9,88.3-263.1-34-320.3,0C66,119.1,0,59.7,0,59.7V0h1000v59.7 c0,0-62.1,26.1-94.9,29.3c-32.8,3.3-62.8-12.3-75.8-22.1C806,49.6,745.3,8.7,694.9,4.7S492.4,59,473,67.3z\"\/>\n\t<path class=\"elementor-shape-fill\" opacity=\"0.66\" d=\"M734,67.3c-45.5,0-77.2-23.2-129.1-39.1c-28.6-8.7-150.3-10.1-254,39.1 s-91.7-34.4-149.2,0C115.7,118.3,0,39.8,0,39.8V0h1000v36.5c0,0-28.2-18.5-92.1-18.5C810.2,18.1,775.7,67.3,734,67.3z\"\/>\n\t<path class=\"elementor-shape-fill\" d=\"M766.1,28.9c-200-57.5-266,65.5-395.1,19.5C242,1.8,242,5.4,184.8,20.6C128,35.8,132.3,44.9,89.9,52.5C28.6,63.7,0,0,0,0 h1000c0,0-9.9,40.9-83.6,48.1S829.6,47,766.1,28.9z\"\/>\n<\/svg>\t\t<\/div>\n\t\t\t\t\t<div class=\"elementor-container elementor-column-gap-default\">\n\t\t\t\t\t<div class=\"elementor-column elementor-col-50 elementor-top-column elementor-element elementor-element-7f25a38\" data-id=\"7f25a38\" data-element_type=\"column\" data-e-type=\"column\">\n\t\t\t<div class=\"elementor-widget-wrap elementor-element-populated\">\n\t\t\t\t\t\t\t<\/div>\n\t\t<\/div>\n\t\t\t\t<div class=\"elementor-column elementor-col-50 elementor-top-column elementor-element elementor-element-c73e9b3\" data-id=\"c73e9b3\" data-element_type=\"column\" data-e-type=\"column\">\n\t\t\t<div class=\"elementor-widget-wrap elementor-element-populated\">\n\t\t\t\t\t\t<div class=\"elementor-element elementor-element-5ad24ef6 elementor-widget elementor-widget-text-editor\" data-id=\"5ad24ef6\" data-element_type=\"widget\" data-e-type=\"widget\" data-widget_type=\"text-editor.default\">\n\t\t\t\t<div class=\"elementor-widget-container\">\n\t\t\t\t\t\t\t\t\t<p>N\u00e4it\u00e4 myyntiehtoja s\u00e4\u00e4telee AS Surgitech, rekisterinumero 10453754, P\u00e4rnu mnt 148.<\/p>\n\t\t\t\t\t\t\t\t<\/div>\n\t\t\t\t<\/div>\n\t\t\t\t<div class=\"elementor-element elementor-element-4f003cfe elementor-widget elementor-widget-heading\" data-id=\"4f003cfe\" data-element_type=\"widget\" data-e-type=\"widget\" data-widget_type=\"heading.default\">\n\t\t\t\t<div class=\"elementor-widget-container\">\n\t\t\t\t\t<h2 class=\"elementor-heading-title elementor-size-default\">1. Myyntisopimuksen voimassaolo, tuote- ja hintatiedot<\/h2>\t\t\t\t<\/div>\n\t\t\t\t<\/div>\n\t\t\t\t<div class=\"elementor-element elementor-element-18566932 elementor-widget elementor-widget-text-editor\" data-id=\"18566932\" data-element_type=\"widget\" data-e-type=\"widget\" data-widget_type=\"text-editor.default\">\n\t\t\t\t<div class=\"elementor-widget-container\">\n\t\t\t\t\t\t\t\t\t<ul>\n<li aria-level=\"1\">Myyntisopimukset ovat voimassa ostettaessa tuotteita verkkokaupasta. Henkil\u00f6tiedoista vastaava k\u00e4sittelij\u00e4 on Surgitech AS, joka l\u00e4hett\u00e4\u00e4 maksujen suorittamiseksi tarvittavat henkil\u00f6tiedot valtuutetulle k\u00e4sittelij\u00e4lle, Maksekeskus AS:lle.<\/li>\n<li aria-level=\"1\">Verkkokaupassa myyt\u00e4vien tuotteiden hinnat on merkitty tuotteiden oheen. Hintoihin lis\u00e4t\u00e4\u00e4n tuotteen<br \/>\ntoimitusmaksu.<\/li>\n<li aria-level=\"1\">Tuotteen toimitusmaksu riippuu sen toimitustavasta. Ostaja n\u00e4kee toimitusmaksun tilauksen laatiessaan.<\/li>\n<li aria-level=\"1\">Tuotetiedot on kuvattu verkkokaupassa tuotteen ohessa.<\/li>\n<\/ul>\n\t\t\t\t\t\t\t\t<\/div>\n\t\t\t\t<\/div>\n\t\t\t\t<div class=\"elementor-element elementor-element-27f257e3 elementor-widget elementor-widget-heading\" data-id=\"27f257e3\" data-element_type=\"widget\" data-e-type=\"widget\" data-widget_type=\"heading.default\">\n\t\t\t\t<div class=\"elementor-widget-container\">\n\t\t\t\t\t<h2 class=\"elementor-heading-title elementor-size-default\">2. Tilaustapa, tilauksen laatiminen ja maksaminen<\/h2>\t\t\t\t<\/div>\n\t\t\t\t<\/div>\n\t\t\t\t<div class=\"elementor-element elementor-element-3378739f elementor-widget elementor-widget-text-editor\" data-id=\"3378739f\" data-element_type=\"widget\" data-e-type=\"widget\" data-widget_type=\"text-editor.default\">\n\t\t\t\t<div class=\"elementor-widget-container\">\n\t\t\t\t\t\t\t\t\t<ul>\n<li aria-level=\"1\">Ostaja on tilausta laatiessaan velvollinen esitt\u00e4m\u00e4\u00e4n tilauksen toimitukseen tarvittavat tiedot: etu- ja sukunimi, osoite, puhelinnumero ja mahdollisesti s\u00e4hk\u00f6postisoite.<\/li>\n<li aria-level=\"1\">Mik\u00e4li ostaja ja tuotteen saaja ovat eri henkil\u00f6it\u00e4, on ostajan esitett\u00e4v\u00e4 my\u00f6s saajan tiedot.<\/li>\n<li aria-level=\"1\">Mik\u00e4li ostajan esitt\u00e4m\u00e4t tiedot ovat virheellisi\u00e4 ja\/tai puutteellisia, ei AS Surgitech takaa tilauksen oikeaa toimittamista. AS Surgitech ottaa mahdollisuuksien mukaan yhteytt\u00e4 ostajaan t\u00e4sment\u00e4\u00e4kseen virheellisi\u00e4 tai puutteellisia tietoja.<\/li>\n<li aria-level=\"1\">Tilauksen vahvistaessaan ostaja vahvistaa, ett\u00e4 hyv\u00e4ksyy n\u00e4iss\u00e4 yleisiss\u00e4 tilausehdoissa s\u00e4\u00e4detyt ehdot ja sitoutuu noudattamaan niit\u00e4.<\/li>\n<li aria-level=\"1\">Ostaja valitsee haluamansa tuotteen sek\u00e4 m\u00e4\u00e4r\u00e4n, tuotteen maksamis- ja toimitustavan ja vahvistaa tilauksen.<\/li>\n<li aria-level=\"1\">Ostoskorissa voi lis\u00e4t\u00e4, poistaa tai muuttaa tuotteita.<\/li>\n<li aria-level=\"1\">Toimitustapa valitaan ja toimitusmaksu lasketaan ostoskorissa.<\/li>\n<li aria-level=\"1\">Ostaja voi maksaa tilauksesta Maksekeskus AS:n tarjoaman pankkilinkin kautta. Pankkilinkin kautta maksaminen on nopea ja turvallinen tapa verkkokaupassa maksamiseen. Pankkilinkin kautta maksettaessa sinut ohjataan tilauksen laatimisen j\u00e4lkeen valitsemaasi nettipankkiin. Siell\u00e4 kuvataan esit\u00e4ytetty maksamism\u00e4\u00e4r\u00e4ys, jossa on maksettavaksi kuuluva summa. Vahvista maksu ja napsauta sen j\u00e4lkeen painiketta \u201dPalaa myyj\u00e4n sivulle\u201d. \u201dPalaa myyj\u00e4n sivulle\u201d napsauttaminen on t\u00e4rke\u00e4\u00e4. Jos n\u00e4in ei tehd\u00e4, maksutieto ei v\u00e4ltt\u00e4m\u00e4tt\u00e4 etene meille, ja tilauksen toimitus viiv\u00e4styy aiheettomasti.<\/li>\n<li aria-level=\"1\">Tilaus katsotaan onnistuneesti tehdyksi, kun olet suorittanut maksun.<\/li>\n<li aria-level=\"1\">L\u00e4het\u00e4mme tilausvahvistuksen ostajalle s\u00e4hk\u00f6postitse.<\/li>\n<li aria-level=\"1\">Mik\u00e4li haluat peruuttaa tilauksen, ota meihin yhteytt\u00e4 s\u00e4hk\u00f6postitse tellimused@surgitech.ee.<\/li>\n<li aria-level=\"1\">Verkkoymp\u00e4rist\u00f6ss\u00e4 tehdyt ostot maksetaan 100 % etuk\u00e4teen.<\/li>\n<li aria-level=\"1\">Ellei tilattua tuotetta voida l\u00e4hett\u00e4\u00e4 sen loputtua tai muusta syyst\u00e4, ilmoitetaan siit\u00e4 ostajalle mahdollisimman pian ja maksettu raha palautetaan (my\u00f6s toimituskulut) v\u00e4litt\u00f6m\u00e4sti, kuitenkin viimeist\u00e4\u00e4n kahden ty\u00f6p\u00e4iv\u00e4n kuluessa ilmoituksen saamisesta.<\/li>\n<li aria-level=\"1\">AS Surgitech sitoutuu toimittamaan ostajalle hyv\u00e4kuntoiset tuotteet ja pakkaukset.<\/li>\n<\/ul>\n\t\t\t\t\t\t\t\t<\/div>\n\t\t\t\t<\/div>\n\t\t\t\t<div class=\"elementor-element elementor-element-29a0698c elementor-widget elementor-widget-heading\" data-id=\"29a0698c\" data-element_type=\"widget\" data-e-type=\"widget\" data-widget_type=\"heading.default\">\n\t\t\t\t<div class=\"elementor-widget-container\">\n\t\t\t\t\t<h2 class=\"elementor-heading-title elementor-size-default\">3. Toimitus<\/h2>\t\t\t\t<\/div>\n\t\t\t\t<\/div>\n\t\t\t\t<div class=\"elementor-element elementor-element-60b5ff4d elementor-widget elementor-widget-text-editor\" data-id=\"60b5ff4d\" data-element_type=\"widget\" data-e-type=\"widget\" data-widget_type=\"text-editor.default\">\n\t\t\t\t<div class=\"elementor-widget-container\">\n\t\t\t\t\t\t\t\t\t<ul>\n<li aria-level=\"1\">Tilaus saapuu yleens\u00e4 ostajan ilmoittamaan toimitusosoitteeseen 3\u20137 ty\u00f6p\u00e4iv\u00e4n kuluessa myyntisopimuksen solmimisesta.<\/li>\n<li aria-level=\"1\">Tuotteen toimituskulut maksaa ostaja, ja hintatiedot on esitetty l\u00e4hetystavan ohessa.<\/li>\n<li aria-level=\"1\">V\u00e4hint\u00e4\u00e4n 40 \u20ac tilausten toimitus on Viron sis\u00e4ll\u00e4 ILMAINEN.<\/li>\n<li aria-level=\"1\">Mik\u00e4li tilaamiesi tuotteiden kokonaissumma j\u00e4\u00e4 alle 40 euron, lis\u00e4t\u00e4\u00e4n toimitusmaksu.<\/li>\n<li aria-level=\"1\">Halutessasi k\u00e4ytt\u00e4\u00e4 jotain muuta toimitustapaa kuin verkkokauppamme vaihtoehdot, ota meihin yhteytt\u00e4 s\u00e4hk\u00f6postitse tellimused@surgitech.ee.<\/li>\n<li aria-level=\"1\">Tilauksen voi tulla noutamaan itse osoitteesta P\u00e4rnu mnt 148, Tallinna, ty\u00f6p\u00e4ivin\u00e4 9.00\u201317.00 tilausvahvistuksen saamisen j\u00e4lkeen.<br>Varasto on suljettu lauantaisin ja sunnuntaisin sek\u00e4 valtiollisina juhlapyhin\u00e4. Tullessasi itse noutamaan tilauksen ei toimitusmaksua lis\u00e4t\u00e4.<\/li>\n<li aria-level=\"1\">Omnivan kautta tilattaessa tulee paketin pakettiautomaattiin saapuessa matkapuhelimeesi SMS-ilmoitus, jossa on automaatin sijainti ja ovikoodi.<\/li>\n<\/ul>\t\t\t\t\t\t\t\t<\/div>\n\t\t\t\t<\/div>\n\t\t\t\t<div class=\"elementor-element elementor-element-67b7ef1 elementor-widget elementor-widget-heading\" data-id=\"67b7ef1\" data-element_type=\"widget\" data-e-type=\"widget\" data-widget_type=\"heading.default\">\n\t\t\t\t<div class=\"elementor-widget-container\">\n\t\t\t\t\t<h2 class=\"elementor-heading-title elementor-size-default\">4. Peruutusoikeus, tuotteiden palautus ja vaihtaminen<\/h2>\t\t\t\t<\/div>\n\t\t\t\t<\/div>\n\t\t\t\t<div class=\"elementor-element elementor-element-58b83d38 elementor-widget elementor-widget-text-editor\" data-id=\"58b83d38\" data-element_type=\"widget\" data-e-type=\"widget\" data-widget_type=\"text-editor.default\">\n\t\t\t\t<div class=\"elementor-widget-container\">\n\t\t\t\t\t\t\t\t\t<ul>\n<li aria-level=\"1\">Tilauksen vastaanottamisen j\u00e4lkeen on tilaajalla oikeus peruuttaa verkkokaupassa solmittu sopimus 14 p\u00e4iv\u00e4n kuluessa.<\/li>\n<li aria-level=\"1\">Palautusoikeus ei koske juridisia henkil\u00f6it\u00e4.<\/li>\n<li aria-level=\"1\">Tuote palautettaessa on esitett\u00e4v\u00e4 hakemus tuotteen ostamisen peruuttamiseksi ja l\u00e4hetett\u00e4v\u00e4 se s\u00e4hk\u00f6postilla osoitteeseen tellimused@surgitech.ee viimeist\u00e4\u00e4n 14 p\u00e4iv\u00e4n kuluessa tuotteen saamisesta. Peruutushakemuksen vakiolomake l\u00f6ytyy t\u00e4st\u00e4: <a href=\"https:\/\/surgitechas-my.sharepoint.com\/:b:\/g\/personal\/krista_surgitech_ee\/EcZSTIVJOOVFtC9mnGcFSJIBGUF43Da4YELsBWLQGKVYVg?e=ZhzZG9f\">peruutushakemus<\/a><\/li>\n<li aria-level=\"1\">14 p\u00e4iv\u00e4n peruutusoikeutta k\u00e4ytett\u00e4ess\u00e4 ei tilattua tuotetta saa k\u00e4ytt\u00e4\u00e4 muulla tavoin kuin on tarpeen sen olemuksen, ominaisuuksien ja toimimisen tarkastamiseksi samalla tavoin kuin se on luvallista fyysisess\u00e4 kaupassa.<\/li>\n<li aria-level=\"1\">Mik\u00e4li tuotetta on k\u00e4ytetty muuhun tarkoitukseen kuin on tarpeen tuotteen olemuksen, ominaisuuksien tai toimimisen tarkistamiseksi tai siin\u00e4 on k\u00e4yt\u00f6n tai kulumisen merkkej\u00e4, on Surgitech AS:lla oikeus alentaa palautettavaa maksua tuotteen arvon alenemista vastaavasti.<\/li>\n<li aria-level=\"1\">Ostajalla ei ole palautusoikeutta tuotteeseen, joka ei ole kelvollinen palautettavaksi terveys- tai hygieenisist\u00e4 syist\u00e4, tai mik\u00e4li se on avattu toimituksen j\u00e4lkeen (esim. kosmetiikka).<\/li>\n<li aria-level=\"1\">Tuotteen palautuskulut maksaa ostaja, paitsi siin\u00e4 tapauksessa, ett\u00e4 palauttamisen syy johtuu siit\u00e4, ett\u00e4 palautettava tuote ei vastaa tilattua (esim. v\u00e4\u00e4r\u00e4 tai virheellinen tuote).<\/li>\n<li aria-level=\"1\">Tilaajan on palautettava tuote hakemuksen esitt\u00e4mist\u00e4 seuraavan 14 p\u00e4iv\u00e4n kuluessa tai esitett\u00e4v\u00e4 todistus siit\u00e4, ett\u00e4 h\u00e4n on luovuttanut tuotteen edell\u00e4 mainittuna aikana tuotteen kuljettajalle.<\/li>\n<li aria-level=\"1\">Verkkokaupasta tilattu tuote voidaan palauttaa my\u00f6s toimistoomme os. P\u00e4rnu mnt. 148.<\/li>\n<li aria-level=\"1\">AS Surgitech palauttaa kaikki tilaajalta sopimuksen perusteella saamansa maksut v\u00e4litt\u00f6m\u00e4sti palautettavan tuotteen saatuaan, kuitenkin viimeist\u00e4\u00e4n 14 p\u00e4iv\u00e4n kuluessa palautushakemuksen saamisesta. AS Surgitech siirt\u00e4\u00e4 tilaajan maksaman summan takaisin samalle pankkitilille, jolta maksu tapahtui.<\/li>\n<li aria-level=\"1\">AS Surgitech voi kielt\u00e4yty\u00e4 tekem\u00e4st\u00e4 palautusmaksua siihen saakka, kun on saanut sopimuskohteena olevan tuotteen takaisin, tai kunnes tilaaja on esitt\u00e4nyt tositteen siit\u00e4, ett\u00e4 on l\u00e4hett\u00e4nyt tuotteen takaisin riippuen siit\u00e4, kumpi on tapahtunut aikaisemmin.<\/li>\n<li aria-level=\"1\">Mik\u00e4li ostaja on valinnut AS Surgitechin tarjoamasta edullisimmasta tavanomaisesta tuotteen toimitustavasta poikkeavan toimitustavan, ei AS Surgitechin tarvitse palauttaa ostajalle kulua, joka ylitt\u00e4\u00e4 tavanomaisen toimitustavan kustannuksen.<\/li>\n<li aria-level=\"1\">AS Surgitechilla on oikeus vet\u00e4yty\u00e4 myyntitoimesta ja vaatia tuote ostajalta takaisin, mik\u00e4li tuotteen hinta verkkokaupassa on erehdyksess\u00e4 merkitty huomattavasti markkinahintaa edullisemmaksi.<\/li>\n<li aria-level=\"1\">AS Surgitech ei palauta maksuja k\u00e4teisell\u00e4.<\/li>\n<li aria-level=\"1\">AS Surgitech ei vastaa puutteista, jotka ovat syntyneet tuotteen tilaajalle luovuttamisen j\u00e4lkeen tai tilaajan toiminnan vuoksi (v\u00e4\u00e4r\u00e4 k\u00e4ytt\u00f6tapa, tapaturma tms.), tai mik\u00e4li kyse on tuotteen tavanomaisesta k\u00e4yt\u00f6st\u00e4 johtuvasta normaalista kulumisesta.<\/li>\n<li aria-level=\"1\">Mik\u00e4li verkkokaupasta ostetulla tuotteella on puutteita, joista AS Surgitech on vastuussa, AS Surgitech korjaa tai korvaa virheellisen tuotteen. Ellei tuotetta pystyt\u00e4 korjaamaan tai korvaamaan, AS Surgitech palauttaa tilaajalle kaikki myyntisopimukseen liittyv\u00e4t maksut.<\/li>\n<li aria-level=\"1\">Kaikki ongelmat ja murheet ratkaisemme neuvotteluteitse. Helpointa on soittaa meille +372 6460660 tai l\u00e4hett\u00e4\u00e4 s\u00e4hk\u00f6postia osoitteeseen tellimused@surgitech.ee.<\/li>\n<\/ul>\n\t\t\t\t\t\t\t\t<\/div>\n\t\t\t\t<\/div>\n\t\t\t\t<div class=\"elementor-element elementor-element-2f1aff3b elementor-widget elementor-widget-heading\" data-id=\"2f1aff3b\" data-element_type=\"widget\" data-e-type=\"widget\" data-widget_type=\"heading.default\">\n\t\t\t\t<div class=\"elementor-widget-container\">\n\t\t\t\t\t<h2 class=\"elementor-heading-title elementor-size-default\">5. Valituksen esitt\u00e4minen<\/h2>\t\t\t\t<\/div>\n\t\t\t\t<\/div>\n\t\t\t\t<div class=\"elementor-element elementor-element-6afc58f0 elementor-widget elementor-widget-text-editor\" data-id=\"6afc58f0\" data-element_type=\"widget\" data-e-type=\"widget\" data-widget_type=\"text-editor.default\">\n\t\t\t\t<div class=\"elementor-widget-container\">\n\t\t\t\t\t\t\t\t\t<ul>\n<li aria-level=\"1\">AS Surgitech vastaa ostajalle myydyn tuotteen sopimusehdoista poikkeavuudesta tai virheest\u00e4, joka oli olemassa jo tuotteen luovutushetkell\u00e4 ja joka ilmenee alle kahden vuoden aikana sen luovuttamisesta ostajalle. Siit\u00e4 ajasta ensimm\u00e4isen vuoden aikana tuotteen luovutuksesta ostajalle edellytet\u00e4\u00e4n, ett\u00e4 virhe oli olemassa jo tuote luovutettaessa. Oletuksen kumoaminen on Surgitechin vastuulla.<\/li>\n<li aria-level=\"1\">Ostajalla on virheen ilmetess\u00e4 oikeus k\u00e4\u00e4nty\u00e4 viimeist\u00e4\u00e4n kahden kuukauden kuluttua AS Surgitechin puoleen s\u00e4hk\u00f6postitse tellimused@surgitech.ee tai soittamalla ma\u2013pe 9:00\u201317:00 puhelimeen +372 6460660.<\/li>\n<li aria-level=\"1\">AS Surgitech ei vastaa virheist\u00e4, jotka ovat syntyneet tuotteen tilaajalle luovuttamisen j\u00e4lkeen.<\/li>\n<li aria-level=\"1\">Mik\u00e4li verkkokaupasta ostetussa tuotteessa on virheit\u00e4, joista AS Surgitech on vastuussa, AS Surgitech korjaa tai korvaa virheellisen tuotteen. Ellei tuotetta pystyt\u00e4 korjaamaan tai korvaamaan, AS Surgitech palauttaa tilaajalle kaikki myyntisopimukseen liittyv\u00e4t maksut.<\/li>\n<li aria-level=\"1\">AS Surgitech vastaa ostajan tekem\u00e4\u00e4n valitukseen kirjallisesti tai kirjallisesti tulostettavassa muodossa 15 p\u00e4iv\u00e4n kuluessa.<\/li>\n<\/ul>\n\t\t\t\t\t\t\t\t<\/div>\n\t\t\t\t<\/div>\n\t\t\t\t<div class=\"elementor-element elementor-element-507a1251 elementor-widget elementor-widget-heading\" data-id=\"507a1251\" data-element_type=\"widget\" data-e-type=\"widget\" data-widget_type=\"heading.default\">\n\t\t\t\t<div class=\"elementor-widget-container\">\n\t\t\t\t\t<h2 class=\"elementor-heading-title elementor-size-default\">6. Riita-asioiden ratkaisu<\/h2>\t\t\t\t<\/div>\n\t\t\t\t<\/div>\n\t\t\t\t<div class=\"elementor-element elementor-element-2d6955cd elementor-widget elementor-widget-text-editor\" data-id=\"2d6955cd\" data-element_type=\"widget\" data-e-type=\"widget\" data-widget_type=\"text-editor.default\">\n\t\t\t\t<div class=\"elementor-widget-container\">\n\t\t\t\t\t\t\t\t\t<ul>\n<li aria-level=\"1\">N\u00e4m\u00e4 sopimusehdot ja tuotteen tilausehdot perustuvat Viron tasavallan lains\u00e4\u00e4d\u00e4nt\u00f6\u00f6n. Kaikki erimielisyydet pyrit\u00e4\u00e4n ratkaisemaan asiakkaan etujen mukaisesti neuvotteluteitse parhaimman ratkaisun l\u00f6yt\u00e4miseksi.<\/li>\n<li aria-level=\"1\">Mik\u00e4li ostajalla on AS Surgitechin verkkokaupan osalta valituksia, on ne l\u00e4hetett\u00e4v\u00e4 osoitteeseen tellimused@surgitech.ee tai otettava yhteys puhelimitse +372 6460660 (ma\u2013pe 9:00\u201317:00).<\/li>\n<li aria-level=\"1\">Elleiv\u00e4t ostaja ja AS Surgitech pysty ratkaisemaan riita-asiaa sopimuksella, on ostajalla mahdollisuus k\u00e4\u00e4nty\u00e4 kuluttajariitalautakunnan puoleen. Kuluttajariitalautakunta sijaitsee Kuluttajansuojan ja teknisen valvontaviraston (Tarbijakaitse ja Tehnilise J\u00e4relvalve Ameti) tiloissa, joka sijaitsee osoitteessa Pronksi tn 12, Tallinn 10117, puhelin: +372 620 1707, s-posti: info@tarbijakaitseamet.ee. K\u00e4sittelyehtoihin voi tutustua ja ilmoituksen tehd\u00e4 <a href=\"http:\/\/www.komisjon.ee\/\">t\u00e4ss\u00e4<\/a>. Kuluttajariitalautakunnan toimivallassa on ratkaista ostajan ja AS Surgitechin kesken solmittuun sopimukseen perustuvia riitoja. Ostajan valituksen tarkastaminen lautakunnassa on ilmaista. Ostaja voi k\u00e4\u00e4nty\u00e4 Euroopan unionin kuluttajariitoja ratkaisevan elimen puoleen <a href=\"https:\/\/ec.europa.eu\/consumers\/odr\/main\/index.cfm?event=main.home.show&amp;lng=ET\">t\u00e4ss\u00e4<\/a>.<\/li>\n<\/ul>\n\t\t\t\t\t\t\t\t<\/div>\n\t\t\t\t<\/div>\n\t\t\t\t<div class=\"elementor-element elementor-element-5d0fde66 elementor-widget elementor-widget-heading\" data-id=\"5d0fde66\" data-element_type=\"widget\" data-e-type=\"widget\" data-widget_type=\"heading.default\">\n\t\t\t\t<div class=\"elementor-widget-container\">\n\t\t\t\t\t<h2 class=\"elementor-heading-title elementor-size-default\">7. Myyj\u00e4n oikeudet ja velvollisuudet<\/h2>\t\t\t\t<\/div>\n\t\t\t\t<\/div>\n\t\t\t\t<div class=\"elementor-element elementor-element-2c8fa001 elementor-widget elementor-widget-text-editor\" data-id=\"2c8fa001\" data-element_type=\"widget\" data-e-type=\"widget\" data-widget_type=\"text-editor.default\">\n\t\t\t\t<div class=\"elementor-widget-container\">\n\t\t\t\t\t\t\t\t\t<ul>\n<li aria-level=\"1\">Myyj\u00e4 voi tehd\u00e4 AS Surgitechin verkkokaupan osto-ohjeisiin muutoksia muuttamalla tietoja verkkosivulla ilmoittamatta siit\u00e4 ostajille erikseen.<\/li>\n<li aria-level=\"1\">Mik\u00e4li tilattu tuote on jostain syyst\u00e4 loppunut varastosta tai sen myyminen on muuttunut mahdottomaksi, tarjoamme ostajalle sen tilalle samanarvoista tai parempaa tuotetta. Ellei ostaja halua valittua tuotetta korvattavan, palautamme maksetun maksun viimeist\u00e4\u00e4n kahden ty\u00f6p\u00e4iv\u00e4n kuluessa ilmoituksen l\u00e4hett\u00e4misest\u00e4.<\/li>\n<li aria-level=\"1\">Emme vastaa teknisten ongelmien vuoksi ostajalle mahdollisesti aiheutuvista vahingoista. Teknisill\u00e4 ongelmilla tarkoitetaan AS Surgitechista riippumattomia tekij\u00f6it\u00e4, esimerkiksi internet-yhteyden katkeaminen tai palvelimen rikkeet.<\/li>\n<li aria-level=\"1\">AS Surgitech ei vastaa tilatun tuotteen my\u00f6h\u00e4isemm\u00e4st\u00e4 toimittamisesta postilaitoksen viiv\u00e4stymisen vuoksi tai muista meist\u00e4 riippumattomista syist\u00e4.<\/li>\n<\/ul>\n\t\t\t\t\t\t\t\t<\/div>\n\t\t\t\t<\/div>\n\t\t\t\t<div class=\"elementor-element elementor-element-ce7e11b elementor-widget elementor-widget-spacer\" data-id=\"ce7e11b\" data-element_type=\"widget\" data-e-type=\"widget\" data-widget_type=\"spacer.default\">\n\t\t\t\t<div class=\"elementor-widget-container\">\n\t\t\t\t\t\t\t<div class=\"elementor-spacer\">\n\t\t\t<div class=\"elementor-spacer-inner\"><\/div>\n\t\t<\/div>\n\t\t\t\t\t\t<\/div>\n\t\t\t\t<\/div>\n\t\t\t\t<div class=\"elementor-element elementor-element-340201e9 elementor-widget elementor-widget-text-editor\" data-id=\"340201e9\" data-element_type=\"widget\" data-e-type=\"widget\" data-widget_type=\"text-editor.default\">\n\t\t\t\t<div class=\"elementor-widget-container\">\n\t\t\t\t\t\t\t\t\t<p>Kaikki kysymykset l\u00e4hetet\u00e4\u00e4n osoitteeseen tellimused@surgitech.ee<\/p>\n<p>Nopeimman vastauksen saat soittamalla ty\u00f6p\u00e4ivin\u00e4 klo 9:00\u201317:00 puh. +372 6460660<\/p>\n<p><em>Hyvi\u00e4 ostoksia!<\/em><br \/>\n<br \/>\n<em>AS Surgitech<\/em><\/p>\n\t\t\t\t\t\t\t\t<\/div>\n\t\t\t\t<\/div>\n\t\t\t\t\t<\/div>\n\t\t<\/div>\n\t\t\t\t\t<\/div>\n\t\t<\/section>\n\t\t\t\t<\/div>\n\t\t","protected":false},"excerpt":{"rendered":"<p>N\u00e4it\u00e4 myyntiehtoja s\u00e4\u00e4telee AS Surgitech, rekisterinumero 10453754, P\u00e4rnu mnt 148. 1. Myyntisopimuksen voimassaolo, tuote- ja hintatiedot Myyntisopimukset ovat voimassa ostettaessa tuotteita verkkokaupasta. Henkil\u00f6tiedoista vastaava k\u00e4sittelij\u00e4 on Surgitech AS, joka l\u00e4hett\u00e4\u00e4 maksujen suorittamiseksi tarvittavat henkil\u00f6tiedot valtuutetulle k\u00e4sittelij\u00e4lle, Maksekeskus AS:lle. Verkkokaupassa myyt\u00e4vien tuotteiden hinnat on merkitty tuotteiden oheen. Hintoihin lis\u00e4t\u00e4\u00e4n tuotteen toimitusmaksu. Tuotteen toimitusmaksu riippuu sen toimitustavasta. [&hellip;]<\/p>\n","protected":false},"author":13,"featured_media":0,"parent":0,"menu_order":0,"comment_status":"closed","ping_status":"closed","template":"","meta":{"footnotes":""},"class_list":["post-2385","page","type-page","status-publish","hentry"],"_links":{"self":[{"href":"https:\/\/fitforme.ee\/fi\/wp-json\/wp\/v2\/pages\/2385","targetHints":{"allow":["GET"]}}],"collection":[{"href":"https:\/\/fitforme.ee\/fi\/wp-json\/wp\/v2\/pages"}],"about":[{"href":"https:\/\/fitforme.ee\/fi\/wp-json\/wp\/v2\/types\/page"}],"author":[{"embeddable":true,"href":"https:\/\/fitforme.ee\/fi\/wp-json\/wp\/v2\/users\/13"}],"replies":[{"embeddable":true,"href":"https:\/\/fitforme.ee\/fi\/wp-json\/wp\/v2\/comments?post=2385"}],"version-history":[{"count":1,"href":"https:\/\/fitforme.ee\/fi\/wp-json\/wp\/v2\/pages\/2385\/revisions"}],"predecessor-version":[{"id":7822,"href":"https:\/\/fitforme.ee\/fi\/wp-json\/wp\/v2\/pages\/2385\/revisions\/7822"}],"wp:attachment":[{"href":"https:\/\/fitforme.ee\/fi\/wp-json\/wp\/v2\/media?parent=2385"}],"curies":[{"name":"wp","href":"https:\/\/api.w.org\/{rel}","templated":true}]}}