{"id":2462,"date":"2022-03-31T15:58:41","date_gmt":"2022-03-31T12:58:41","guid":{"rendered":"https:\/\/fitforme.ee\/tuotteet\/kalsium-forte-appelsiini\/"},"modified":"2024-05-13T22:38:10","modified_gmt":"2024-05-13T19:38:10","slug":"kalsium-forte-appelsiini","status":"publish","type":"page","link":"https:\/\/fitforme.ee\/fi\/tuotteet\/kalsium-forte-appelsiini\/","title":{"rendered":"Kalsium Forte Appelsiini"},"content":{"rendered":"\t\t<div data-elementor-type=\"wp-page\" data-elementor-id=\"2462\" class=\"elementor elementor-2462 elementor-1318\" data-elementor-post-type=\"page\">\n\t\t\t\t\t\t<section class=\"elementor-section elementor-top-section elementor-element elementor-element-6dda32e2 elementor-section-boxed elementor-section-height-default elementor-section-height-default\" data-id=\"6dda32e2\" data-element_type=\"section\" data-e-type=\"section\" data-settings=\"{&quot;shape_divider_bottom&quot;:&quot;mountains&quot;}\">\n\t\t\t\t\t\t\t<div class=\"elementor-background-overlay\"><\/div>\n\t\t\t\t\t\t<div class=\"elementor-shape elementor-shape-bottom\" aria-hidden=\"true\" data-negative=\"false\">\n\t\t\t<svg xmlns=\"http:\/\/www.w3.org\/2000\/svg\" viewBox=\"0 0 1000 100\" preserveAspectRatio=\"none\">\n\t<path class=\"elementor-shape-fill\" opacity=\"0.33\" d=\"M473,67.3c-203.9,88.3-263.1-34-320.3,0C66,119.1,0,59.7,0,59.7V0h1000v59.7 c0,0-62.1,26.1-94.9,29.3c-32.8,3.3-62.8-12.3-75.8-22.1C806,49.6,745.3,8.7,694.9,4.7S492.4,59,473,67.3z\"\/>\n\t<path class=\"elementor-shape-fill\" opacity=\"0.66\" d=\"M734,67.3c-45.5,0-77.2-23.2-129.1-39.1c-28.6-8.7-150.3-10.1-254,39.1 s-91.7-34.4-149.2,0C115.7,118.3,0,39.8,0,39.8V0h1000v36.5c0,0-28.2-18.5-92.1-18.5C810.2,18.1,775.7,67.3,734,67.3z\"\/>\n\t<path class=\"elementor-shape-fill\" d=\"M766.1,28.9c-200-57.5-266,65.5-395.1,19.5C242,1.8,242,5.4,184.8,20.6C128,35.8,132.3,44.9,89.9,52.5C28.6,63.7,0,0,0,0 h1000c0,0-9.9,40.9-83.6,48.1S829.6,47,766.1,28.9z\"\/>\n<\/svg>\t\t<\/div>\n\t\t\t\t\t<div class=\"elementor-container elementor-column-gap-default\">\n\t\t\t\t\t<div class=\"elementor-column elementor-col-50 elementor-top-column elementor-element elementor-element-6bc7b6cb\" data-id=\"6bc7b6cb\" data-element_type=\"column\" data-e-type=\"column\">\n\t\t\t<div class=\"elementor-widget-wrap elementor-element-populated\">\n\t\t\t\t\t\t<section class=\"elementor-section elementor-inner-section elementor-element elementor-element-29f41b3a elementor-section-boxed elementor-section-height-default elementor-section-height-default\" data-id=\"29f41b3a\" data-element_type=\"section\" data-e-type=\"section\" data-settings=\"{&quot;sticky&quot;:&quot;top&quot;,&quot;sticky_on&quot;:[&quot;desktop&quot;,&quot;tablet&quot;],&quot;sticky_parent&quot;:&quot;yes&quot;,&quot;sticky_offset&quot;:0,&quot;sticky_effects_offset&quot;:0,&quot;sticky_anchor_link_offset&quot;:0}\">\n\t\t\t\t\t\t<div class=\"elementor-container elementor-column-gap-default\">\n\t\t\t\t\t<div class=\"elementor-column elementor-col-100 elementor-inner-column elementor-element elementor-element-7ceb415f\" data-id=\"7ceb415f\" data-element_type=\"column\" data-e-type=\"column\">\n\t\t\t<div class=\"elementor-widget-wrap elementor-element-populated\">\n\t\t\t\t\t\t<div class=\"elementor-element elementor-element-b3e1fb1 elementor-widget elementor-widget-image\" data-id=\"b3e1fb1\" data-element_type=\"widget\" data-e-type=\"widget\" data-widget_type=\"image.default\">\n\t\t\t\t<div class=\"elementor-widget-container\">\n\t\t\t\t\t\t\t\t\t\t\t\t\t\t\t<img fetchpriority=\"high\" decoding=\"async\" width=\"300\" height=\"300\" src=\"https:\/\/fitforme.ee\/wp-content\/uploads\/2022\/03\/CalciumForteOrange_voor-500x500-2.png\" class=\"attachment-full size-full wp-image-2227\" alt=\"Kaltsium Forte Apelsin\" \/>\t\t\t\t\t\t\t\t\t\t\t\t\t\t\t<\/div>\n\t\t\t\t<\/div>\n\t\t\t\t\t<\/div>\n\t\t<\/div>\n\t\t\t\t\t<\/div>\n\t\t<\/section>\n\t\t\t\t\t<\/div>\n\t\t<\/div>\n\t\t\t\t<div class=\"elementor-column elementor-col-50 elementor-top-column elementor-element elementor-element-49f4b9be\" data-id=\"49f4b9be\" data-element_type=\"column\" data-e-type=\"column\">\n\t\t\t<div class=\"elementor-widget-wrap elementor-element-populated\">\n\t\t\t\t\t\t<div class=\"elementor-element elementor-element-7b2dc92 elementor-icon-list--layout-traditional elementor-list-item-link-full_width elementor-widget elementor-widget-icon-list\" data-id=\"7b2dc92\" data-element_type=\"widget\" data-e-type=\"widget\" data-widget_type=\"icon-list.default\">\n\t\t\t\t<div class=\"elementor-widget-container\">\n\t\t\t\t\t\t\t<ul class=\"elementor-icon-list-items\">\n\t\t\t\t\t\t\t<li class=\"elementor-icon-list-item\">\n\t\t\t\t\t\t\t\t\t\t\t<a href=\"https:\/\/fitforme.ee\/fi\/tuotteet\/kalsium-forte-appelsiini\/\">\n\n\t\t\t\t\t\t\t\t\t\t\t\t<span class=\"elementor-icon-list-icon\">\n\t\t\t\t\t\t\t<i aria-hidden=\"true\" class=\"fas fa-check\"><\/i>\t\t\t\t\t\t<\/span>\n\t\t\t\t\t\t\t\t\t\t<span class=\"elementor-icon-list-text\">Sis\u00e4lt\u00e4\u00e4 D3-vitamiinia, joka edist\u00e4\u00e4 kalsiumin imeytymist\u00e4<\/span>\n\t\t\t\t\t\t\t\t\t\t\t<\/a>\n\t\t\t\t\t\t\t\t\t<\/li>\n\t\t\t\t\t\t\t\t<li class=\"elementor-icon-list-item\">\n\t\t\t\t\t\t\t\t\t\t\t<a href=\"https:\/\/fitforme.ee\/fi\/tuotteet\/kalsium-forte-appelsiini\/\">\n\n\t\t\t\t\t\t\t\t\t\t\t\t<span class=\"elementor-icon-list-icon\">\n\t\t\t\t\t\t\t<i aria-hidden=\"true\" class=\"fas fa-check\"><\/i>\t\t\t\t\t\t<\/span>\n\t\t\t\t\t\t\t\t\t\t<span class=\"elementor-icon-list-text\">Sis\u00e4lt\u00e4\u00e4 kalsiumsitraattia<\/span>\n\t\t\t\t\t\t\t\t\t\t\t<\/a>\n\t\t\t\t\t\t\t\t\t<\/li>\n\t\t\t\t\t\t\t\t<li class=\"elementor-icon-list-item\">\n\t\t\t\t\t\t\t\t\t\t\t<a href=\"https:\/\/fitforme.ee\/fi\/tuotteet\/kalsium-forte-appelsiini\/\">\n\n\t\t\t\t\t\t\t\t\t\t\t\t<span class=\"elementor-icon-list-icon\">\n\t\t\t\t\t\t\t<i aria-hidden=\"true\" class=\"fas fa-check\"><\/i>\t\t\t\t\t\t<\/span>\n\t\t\t\t\t\t\t\t\t\t<span class=\"elementor-icon-list-text\">Appelsiininmakuinen<\/span>\n\t\t\t\t\t\t\t\t\t\t\t<\/a>\n\t\t\t\t\t\t\t\t\t<\/li>\n\t\t\t\t\t\t<\/ul>\n\t\t\t\t\t\t<\/div>\n\t\t\t\t<\/div>\n\t\t\t\t<div class=\"elementor-element elementor-element-6ecb2f8 elementor-widget elementor-widget-spacer\" data-id=\"6ecb2f8\" data-element_type=\"widget\" data-e-type=\"widget\" data-widget_type=\"spacer.default\">\n\t\t\t\t<div class=\"elementor-widget-container\">\n\t\t\t\t\t\t\t<div class=\"elementor-spacer\">\n\t\t\t<div class=\"elementor-spacer-inner\"><\/div>\n\t\t<\/div>\n\t\t\t\t\t\t<\/div>\n\t\t\t\t<\/div>\n\t\t\t\t<div class=\"elementor-element elementor-element-39154e3d elementor-widget elementor-widget-heading\" data-id=\"39154e3d\" data-element_type=\"widget\" data-e-type=\"widget\" data-widget_type=\"heading.default\">\n\t\t\t\t<div class=\"elementor-widget-container\">\n\t\t\t\t\t<h2 class=\"elementor-heading-title elementor-size-default\">Tilaa itsellesi tarpeellinen m\u00e4\u00e4r\u00e4<\/h2>\t\t\t\t<\/div>\n\t\t\t\t<\/div>\n\t\t\t\t<section class=\"elementor-section elementor-inner-section elementor-element elementor-element-ffcb64c elementor-section-boxed elementor-section-height-default elementor-section-height-default\" data-id=\"ffcb64c\" data-element_type=\"section\" data-e-type=\"section\">\n\t\t\t\t\t\t<div class=\"elementor-container elementor-column-gap-default\">\n\t\t\t\t\t<div class=\"elementor-column elementor-col-50 elementor-inner-column elementor-element elementor-element-b2b1c60\" data-id=\"b2b1c60\" data-element_type=\"column\" data-e-type=\"column\">\n\t\t\t<div class=\"elementor-widget-wrap elementor-element-populated\">\n\t\t\t\t\t\t<div class=\"elementor-element elementor-element-fae7716 elementor-align-justify elementor-widget elementor-widget-button\" data-id=\"fae7716\" data-element_type=\"widget\" data-e-type=\"widget\" data-widget_type=\"button.default\">\n\t\t\t\t<div class=\"elementor-widget-container\">\n\t\t\t\t\t\t\t\t\t<div class=\"elementor-button-wrapper\">\n\t\t\t\t\t<a class=\"elementor-button elementor-button-link elementor-size-md elementor-animation-grow\" href=\"https:\/\/fitforme.ee\/fi\/ostoskori\/?add-to-cart=3212\">\n\t\t\t\t\t\t<span class=\"elementor-button-content-wrapper\">\n\t\t\t\t\t\t\t\t\t<span class=\"elementor-button-text\">1,5 KUUKAUTTA<\/span>\n\t\t\t\t\t<\/span>\n\t\t\t\t\t<\/a>\n\t\t\t\t<\/div>\n\t\t\t\t\t\t\t\t<\/div>\n\t\t\t\t<\/div>\n\t\t\t\t<div class=\"elementor-element elementor-element-c3a52f1 elementor-widget elementor-widget-text-editor\" data-id=\"c3a52f1\" data-element_type=\"widget\" data-e-type=\"widget\" data-widget_type=\"text-editor.default\">\n\t\t\t\t<div class=\"elementor-widget-container\">\n\t\t\t\t\t\t\t\t\t<p>(<span class=\"regular-price\"><span class=\"woocommerce-Price-amount amount\"><bdi>31,55&nbsp;<span class=\"woocommerce-Price-currencySymbol\">&euro;<\/span><\/bdi><\/span><\/span> \/ 45 p\u00e4iv\u00e4\u00e4)<\/p>\n\t\t\t\t\t\t\t\t<\/div>\n\t\t\t\t<\/div>\n\t\t\t\t<div class=\"elementor-element elementor-element-36d4d41 laoseis elementor-widget elementor-widget-shortcode\" data-id=\"36d4d41\" data-element_type=\"widget\" data-e-type=\"widget\" data-widget_type=\"shortcode.default\">\n\t\t\t\t<div class=\"elementor-widget-container\">\n\t\t\t\t\t\t\t<div class=\"elementor-shortcode\">Varastossa<\/div>\n\t\t\t\t\t\t<\/div>\n\t\t\t\t<\/div>\n\t\t\t\t\t<\/div>\n\t\t<\/div>\n\t\t\t\t<div class=\"elementor-column elementor-col-50 elementor-inner-column elementor-element elementor-element-94dc1ec\" data-id=\"94dc1ec\" data-element_type=\"column\" data-e-type=\"column\">\n\t\t\t<div class=\"elementor-widget-wrap elementor-element-populated\">\n\t\t\t\t\t\t<div class=\"elementor-element elementor-element-d548aee elementor-align-justify elementor-widget elementor-widget-button\" data-id=\"d548aee\" data-element_type=\"widget\" data-e-type=\"widget\" data-widget_type=\"button.default\">\n\t\t\t\t<div class=\"elementor-widget-container\">\n\t\t\t\t\t\t\t\t\t<div class=\"elementor-button-wrapper\">\n\t\t\t\t\t<a class=\"elementor-button elementor-button-link elementor-size-md elementor-animation-grow\" href=\"https:\/\/fitforme.ee\/fi\/ostoskori\/?add-to-cart=3863\">\n\t\t\t\t\t\t<span class=\"elementor-button-content-wrapper\">\n\t\t\t\t\t\t\t\t\t<span class=\"elementor-button-text\">3 KUUKAUTTA<\/span>\n\t\t\t\t\t<\/span>\n\t\t\t\t\t<\/a>\n\t\t\t\t<\/div>\n\t\t\t\t\t\t\t\t<\/div>\n\t\t\t\t<\/div>\n\t\t\t\t<div class=\"elementor-element elementor-element-a88adbd elementor-widget elementor-widget-text-editor\" data-id=\"a88adbd\" data-element_type=\"widget\" data-e-type=\"widget\" data-widget_type=\"text-editor.default\">\n\t\t\t\t<div class=\"elementor-widget-container\">\n\t\t\t\t\t\t\t\t\t<p>(<span class=\"regular-price\"><span class=\"woocommerce-Price-amount amount\"><bdi>63,10&nbsp;<span class=\"woocommerce-Price-currencySymbol\">&euro;<\/span><\/bdi><\/span><\/span> \/ 90 p\u00e4iv\u00e4\u00e4)<\/p>\n\t\t\t\t\t\t\t\t<\/div>\n\t\t\t\t<\/div>\n\t\t\t\t<div class=\"elementor-element elementor-element-c5f2d37 laoseis elementor-widget elementor-widget-shortcode\" data-id=\"c5f2d37\" data-element_type=\"widget\" data-e-type=\"widget\" data-widget_type=\"shortcode.default\">\n\t\t\t\t<div class=\"elementor-widget-container\">\n\t\t\t\t\t\t\t<div class=\"elementor-shortcode\">Varastossa<\/div>\n\t\t\t\t\t\t<\/div>\n\t\t\t\t<\/div>\n\t\t\t\t\t<\/div>\n\t\t<\/div>\n\t\t\t\t\t<\/div>\n\t\t<\/section>\n\t\t\t\t<div class=\"elementor-element elementor-element-6bb7153b elementor-widget elementor-widget-spacer\" data-id=\"6bb7153b\" data-element_type=\"widget\" data-e-type=\"widget\" data-widget_type=\"spacer.default\">\n\t\t\t\t<div class=\"elementor-widget-container\">\n\t\t\t\t\t\t\t<div class=\"elementor-spacer\">\n\t\t\t<div class=\"elementor-spacer-inner\"><\/div>\n\t\t<\/div>\n\t\t\t\t\t\t<\/div>\n\t\t\t\t<\/div>\n\t\t\t\t\t<\/div>\n\t\t<\/div>\n\t\t\t\t\t<\/div>\n\t\t<\/section>\n\t\t\t\t<section class=\"elementor-section elementor-top-section elementor-element elementor-element-7dd6a2b1 elementor-section-full_width elementor-section-height-default elementor-section-height-default\" data-id=\"7dd6a2b1\" data-element_type=\"section\" data-e-type=\"section\">\n\t\t\t\t\t\t<div class=\"elementor-container elementor-column-gap-no\">\n\t\t\t\t\t<div class=\"elementor-column elementor-col-100 elementor-top-column elementor-element elementor-element-1c2bae81\" data-id=\"1c2bae81\" data-element_type=\"column\" data-e-type=\"column\">\n\t\t\t<div class=\"elementor-widget-wrap elementor-element-populated\">\n\t\t\t\t\t\t<div class=\"elementor-element elementor-element-3056cc9 elementor-widget elementor-widget-template\" data-id=\"3056cc9\" data-element_type=\"widget\" data-e-type=\"widget\" data-widget_type=\"template.default\">\n\t\t\t\t<div class=\"elementor-widget-container\">\n\t\t\t\t\t\t\t<div class=\"elementor-template\">\n\t\t\t\t\t<div data-elementor-type=\"section\" data-elementor-id=\"2423\" class=\"elementor elementor-2423 elementor-1399 elementor-1399\" data-elementor-post-type=\"elementor_library\">\n\t\t\t\t\t<section class=\"elementor-section elementor-top-section elementor-element elementor-element-5ddcd3c4 elementor-section-boxed elementor-section-height-default elementor-section-height-default\" data-id=\"5ddcd3c4\" data-element_type=\"section\" data-e-type=\"section\">\n\t\t\t\t\t\t<div class=\"elementor-container elementor-column-gap-default\">\n\t\t\t\t\t<div class=\"elementor-column elementor-col-100 elementor-top-column elementor-element elementor-element-6f7e7ef5\" data-id=\"6f7e7ef5\" data-element_type=\"column\" data-e-type=\"column\">\n\t\t\t<div class=\"elementor-widget-wrap elementor-element-populated\">\n\t\t\t\t\t\t<div class=\"elementor-element elementor-element-14b1f1fa elementor-icon-list--layout-inline elementor-align-center elementor-list-item-link-full_width elementor-widget elementor-widget-icon-list\" data-id=\"14b1f1fa\" data-element_type=\"widget\" data-e-type=\"widget\" data-widget_type=\"icon-list.default\">\n\t\t\t\t<div class=\"elementor-widget-container\">\n\t\t\t\t\t\t\t<ul class=\"elementor-icon-list-items elementor-inline-items\">\n\t\t\t\t\t\t\t<li class=\"elementor-icon-list-item elementor-inline-item\">\n\t\t\t\t\t\t\t\t\t\t\t<span class=\"elementor-icon-list-icon\">\n\t\t\t\t\t\t\t<i aria-hidden=\"true\" class=\"fas fa-shipping-fast\"><\/i>\t\t\t\t\t\t<\/span>\n\t\t\t\t\t\t\t\t\t\t<span class=\"elementor-icon-list-text\">Suomen sis\u00e4iset toimitukset ILMAISEKSI 130 euron tilauksesta alkaen!<\/span>\n\t\t\t\t\t\t\t\t\t<\/li>\n\t\t\t\t\t\t<\/ul>\n\t\t\t\t\t\t<\/div>\n\t\t\t\t<\/div>\n\t\t\t\t\t<\/div>\n\t\t<\/div>\n\t\t\t\t\t<\/div>\n\t\t<\/section>\n\t\t\t\t<\/div>\n\t\t\t\t<\/div>\n\t\t\t\t\t\t<\/div>\n\t\t\t\t<\/div>\n\t\t\t\t\t<\/div>\n\t\t<\/div>\n\t\t\t\t\t<\/div>\n\t\t<\/section>\n\t\t\t\t<section class=\"elementor-section elementor-top-section elementor-element elementor-element-3ee3f835 elementor-section-boxed elementor-section-height-default elementor-section-height-default\" data-id=\"3ee3f835\" data-element_type=\"section\" data-e-type=\"section\" id=\"edasi\">\n\t\t\t\t\t\t<div class=\"elementor-container elementor-column-gap-default\">\n\t\t\t\t\t<div class=\"elementor-column elementor-col-100 elementor-top-column elementor-element elementor-element-2cc02356\" data-id=\"2cc02356\" data-element_type=\"column\" data-e-type=\"column\">\n\t\t\t<div class=\"elementor-widget-wrap elementor-element-populated\">\n\t\t\t\t\t\t<div class=\"elementor-element elementor-element-3b5ef28a elementor-widget elementor-widget-spacer\" data-id=\"3b5ef28a\" data-element_type=\"widget\" data-e-type=\"widget\" data-widget_type=\"spacer.default\">\n\t\t\t\t<div class=\"elementor-widget-container\">\n\t\t\t\t\t\t\t<div class=\"elementor-spacer\">\n\t\t\t<div class=\"elementor-spacer-inner\"><\/div>\n\t\t<\/div>\n\t\t\t\t\t\t<\/div>\n\t\t\t\t<\/div>\n\t\t\t\t<div class=\"elementor-element elementor-element-1cbb14ca elementor-tabs-alignment-stretch elementor-tabs-view-horizontal elementor-widget elementor-widget-tabs\" data-id=\"1cbb14ca\" data-element_type=\"widget\" data-e-type=\"widget\" data-widget_type=\"tabs.default\">\n\t\t\t\t<div class=\"elementor-widget-container\">\n\t\t\t\t\t\t\t<div class=\"elementor-tabs\">\n\t\t\t<div class=\"elementor-tabs-wrapper\" role=\"tablist\" >\n\t\t\t\t\t\t\t\t\t<div id=\"elementor-tab-title-4821\" class=\"elementor-tab-title elementor-tab-desktop-title\" aria-selected=\"true\" data-tab=\"1\" role=\"tab\" tabindex=\"0\" aria-controls=\"elementor-tab-content-4821\" aria-expanded=\"false\">KUVAUS<\/div>\n\t\t\t\t\t\t\t\t\t<div id=\"elementor-tab-title-4822\" class=\"elementor-tab-title elementor-tab-desktop-title\" aria-selected=\"false\" data-tab=\"2\" role=\"tab\" tabindex=\"-1\" aria-controls=\"elementor-tab-content-4822\" aria-expanded=\"false\">AINESOSAT<\/div>\n\t\t\t\t\t\t\t<\/div>\n\t\t\t<div class=\"elementor-tabs-content-wrapper\" role=\"tablist\" aria-orientation=\"vertical\">\n\t\t\t\t\t\t\t\t\t<div class=\"elementor-tab-title elementor-tab-mobile-title\" aria-selected=\"true\" data-tab=\"1\" role=\"tab\" tabindex=\"0\" aria-controls=\"elementor-tab-content-4821\" aria-expanded=\"false\">KUVAUS<\/div>\n\t\t\t\t\t<div id=\"elementor-tab-content-4821\" class=\"elementor-tab-content elementor-clearfix\" data-tab=\"1\" role=\"tabpanel\" aria-labelledby=\"elementor-tab-title-4821\" tabindex=\"0\" hidden=\"false\">\t\t<div data-elementor-type=\"section\" data-elementor-id=\"2545\" class=\"elementor elementor-2545 elementor-2298 elementor-2298\" data-elementor-post-type=\"elementor_library\">\n\t\t\t\t\t<section class=\"elementor-section elementor-top-section elementor-element elementor-element-5a94696 elementor-section-boxed elementor-section-height-default elementor-section-height-default\" data-id=\"5a94696\" data-element_type=\"section\" data-e-type=\"section\">\n\t\t\t\t\t\t<div class=\"elementor-container elementor-column-gap-default\">\n\t\t\t\t\t<div class=\"elementor-column elementor-col-100 elementor-top-column elementor-element elementor-element-510e8ee\" data-id=\"510e8ee\" data-element_type=\"column\" data-e-type=\"column\">\n\t\t\t<div class=\"elementor-widget-wrap elementor-element-populated\">\n\t\t\t\t\t\t<div class=\"elementor-element elementor-element-69ab43c elementor-widget elementor-widget-text-editor\" data-id=\"69ab43c\" data-element_type=\"widget\" data-e-type=\"widget\" data-widget_type=\"text-editor.default\">\n\t\t\t\t<div class=\"elementor-widget-container\">\n\t\t\t\t\t\t\t\t\t<strong>Kalsium Forte Appelsiini<\/strong>\t\t\t\t\t\t\t\t<\/div>\n\t\t\t\t<\/div>\n\t\t\t\t<div class=\"elementor-element elementor-element-222ed05 elementor-widget elementor-widget-text-editor\" data-id=\"222ed05\" data-element_type=\"widget\" data-e-type=\"widget\" data-widget_type=\"text-editor.default\">\n\t\t\t\t<div class=\"elementor-widget-container\">\n\t\t\t\t\t\t\t\t\tLeikkauksen j\u00e4lkeen keho tarvitsee paljon enemm\u00e4n <strong>kalsiumia<\/strong>, joka auttaa pit\u00e4m\u00e4\u00e4n luut ja hampaat vahvoina ja tervein\u00e4. FitForMe <strong>Calcium Forte<\/strong> -ravintolis\u00e4 sis\u00e4lt\u00e4\u00e4 kalsiumsitraattia, joka on elimist\u00f6\u00f6n helposti imeytyv\u00e4 kalsiumin muoto. Kalsium Forte sis\u00e4lt\u00e4\u00e4 D3-vitamiinia, joka edist\u00e4\u00e4 kalsiumin imeytymist\u00e4. Purutableteilla on <strong>appelsiini maku!<\/strong>\r\n<br><br>\r\nNautittaessa kalsiumia samaan aikaan yhdess\u00e4 WLS Optimumin ravintolis\u00e4n kanssa v\u00e4henee WLS Optimumin sis\u00e4lt\u00e4m\u00e4n raudan imeytyminen, joten n\u00e4m\u00e4 ravintolis\u00e4t on otettava eri kellonaikoihin. Ravintolisien ottamisen v\u00e4liin pit\u00e4isi j\u00e4\u00e4d\u00e4 v\u00e4hint\u00e4\u00e4n kahden tunnin aikav\u00e4li. Kun otat kaksi tablettia p\u00e4iv\u00e4ss\u00e4, ne suositellaan otettavan erikseen, jotta taataan kalsiumin ihanteellinen imeytyminen elimist\u00f6\u00f6n.\r\n<br><br>\r\n<strong>Suositeltava annos:<\/strong> 1\u20132 tablettia p\u00e4iv\u00e4ss\u00e4 ruokavalion t\u00e4ydent\u00e4miseksi. Suositellaan otettavan ennen ruokailua tai ruokailun aikana. \u00c4l\u00e4 ylit\u00e4 suositeltua p\u00e4ivitt\u00e4ist\u00e4 annosta, ellei l\u00e4\u00e4k\u00e4ri ole toisin m\u00e4\u00e4r\u00e4nnyt. Tuote ei sovi alle 18-vuotiaille lapsille.\t\t\t\t\t\t\t\t<\/div>\n\t\t\t\t<\/div>\n\t\t\t\t<div class=\"elementor-element elementor-element-f55afc9 elementor-widget elementor-widget-text-editor\" data-id=\"f55afc9\" data-element_type=\"widget\" data-e-type=\"widget\" data-widget_type=\"text-editor.default\">\n\t\t\t\t<div class=\"elementor-widget-container\">\n\t\t\t\t\t\t\t\t\t<strong>Kalsium Forte Appelsiini p\u00e4ivitt\u00e4inen annos (1\u20132 tablettia) sis\u00e4lt\u00e4\u00e4:<\/strong>\t\t\t\t\t\t\t\t<\/div>\n\t\t\t\t<\/div>\n\t\t\t\t<div class=\"elementor-element elementor-element-497816c elementor-widget elementor-widget-text-editor\" data-id=\"497816c\" data-element_type=\"widget\" data-e-type=\"widget\" data-widget_type=\"text-editor.default\">\n\t\t\t\t<div class=\"elementor-widget-container\">\n\t\t\t\t\t\t\t\t\t<table>\r\n<thead>\r\n<tr>\r\n<th>Vitamiinit:<\/th>\r\n<th>Tehoaine:<\/th>\r\n<th>M\u00e4\u00e4r\u00e4:<\/th>\r\n<th>RDA*<\/th>\r\n<\/tr>\r\n<\/thead>\r\n<tbody>\r\n<tr>\r\n<td>D3-vitamiin<\/td>\r\n<td>kolekaltsiferool<\/td>\r\n<td>12,5\u201325 mcg<\/td>\r\n<td>250\u2013500%<\/td>\r\n<\/tr>\r\n<tr>\r\n<td><strong>Mineraaliaineet:<\/strong><\/td>\r\n<td><strong>Tehoaine:<\/strong><\/td>\r\n<td><strong>M\u00e4\u00e4r\u00e4:<\/strong><\/td>\r\n<td><strong>RDA*<\/strong><\/td>\r\n<\/tr>\r\n<tr>\r\n<td>kaltsium<\/td>\r\n<td>kaltsiumtsitraat<\/td>\r\n<td>500\u20131000 mg<\/td>\r\n<td>62,5\u2013125%<\/td>\r\n<\/tr>\r\n<\/tbody>\r\n<\/table>\t\t\t\t\t\t\t\t<\/div>\n\t\t\t\t<\/div>\n\t\t\t\t<div class=\"elementor-element elementor-element-6517f23 elementor-widget elementor-widget-text-editor\" data-id=\"6517f23\" data-element_type=\"widget\" data-e-type=\"widget\" data-widget_type=\"text-editor.default\">\n\t\t\t\t<div class=\"elementor-widget-container\">\n\t\t\t\t\t\t\t\t\t*RDA = suositeltu p\u00e4ivitt\u00e4inen annos EU:n direktiivin 2008\/100\/EY mukaisesti.\t\t\t\t\t\t\t\t<\/div>\n\t\t\t\t<\/div>\n\t\t\t\t<div class=\"elementor-element elementor-element-b3e70df elementor-widget elementor-widget-text-editor\" data-id=\"b3e70df\" data-element_type=\"widget\" data-e-type=\"widget\" data-widget_type=\"text-editor.default\">\n\t\t\t\t<div class=\"elementor-widget-container\">\n\t\t\t\t\t\t\t\t\t<strong>S\u00e4ilytys:<\/strong> S\u00e4ilytett\u00e4v\u00e4 kuivassa paikassa alle 25 \u00b0C:ssa. S\u00e4ilytett\u00e4v\u00e4 lasten ulottumattomissa.\r\n<br><br>\r\nRavintolis\u00e4 ei korvaa terveellisi\u00e4 el\u00e4m\u00e4ntapoja eik\u00e4 tasapainoista ravintoa!\t\t\t\t\t\t\t\t<\/div>\n\t\t\t\t<\/div>\n\t\t\t\t\t<\/div>\n\t\t<\/div>\n\t\t\t\t\t<\/div>\n\t\t<\/section>\n\t\t\t\t<\/div>\n\t\t\n<\/div>\n\t\t\t\t\t\t\t\t\t<div class=\"elementor-tab-title elementor-tab-mobile-title\" aria-selected=\"false\" data-tab=\"2\" role=\"tab\" tabindex=\"-1\" aria-controls=\"elementor-tab-content-4822\" aria-expanded=\"false\">AINESOSAT<\/div>\n\t\t\t\t\t<div id=\"elementor-tab-content-4822\" class=\"elementor-tab-content elementor-clearfix\" data-tab=\"2\" role=\"tabpanel\" aria-labelledby=\"elementor-tab-title-4822\" tabindex=\"0\" hidden=\"hidden\">\t\t<div data-elementor-type=\"section\" data-elementor-id=\"2524\" class=\"elementor elementor-2524 elementor-2301 elementor-2301\" data-elementor-post-type=\"elementor_library\">\n\t\t\t\t\t<section class=\"elementor-section elementor-top-section elementor-element elementor-element-2d73beb elementor-section-boxed elementor-section-height-default elementor-section-height-default\" data-id=\"2d73beb\" data-element_type=\"section\" data-e-type=\"section\">\n\t\t\t\t\t\t<div class=\"elementor-container elementor-column-gap-default\">\n\t\t\t\t\t<div class=\"elementor-column elementor-col-100 elementor-top-column elementor-element elementor-element-50aa7c2\" data-id=\"50aa7c2\" data-element_type=\"column\" data-e-type=\"column\">\n\t\t\t<div class=\"elementor-widget-wrap elementor-element-populated\">\n\t\t\t\t\t\t<div class=\"elementor-element elementor-element-ec54c72 elementor-widget elementor-widget-text-editor\" data-id=\"ec54c72\" data-element_type=\"widget\" data-e-type=\"widget\" data-widget_type=\"text-editor.default\">\n\t\t\t\t<div class=\"elementor-widget-container\">\n\t\t\t\t\t\t\t\t\tKalsiumsitraatti, makeuttajat (ksylitoli, sukraloosi), paakkuuntumisenestoaine (puuvilla\u00f6ljy), luonnolliset aromivahventeet (apelsinin haju- ja makuaine (sis\u00e4lt\u00e4\u00e4 maissia), vaniljan haju- ja makuaine), t\u00e4yteaine (piidioksidi), p\u00e4\u00e4llysaine (hydroksipropyyliselluloosa), kolekalsiferoli (D3-vitamiini).\t\t\t\t\t\t\t\t<\/div>\n\t\t\t\t<\/div>\n\t\t\t\t\t<\/div>\n\t\t<\/div>\n\t\t\t\t\t<\/div>\n\t\t<\/section>\n\t\t\t\t<\/div>\n\t\t\n<\/div>\n\t\t\t\t\t\t\t<\/div>\n\t\t<\/div>\n\t\t\t\t\t\t<\/div>\n\t\t\t\t<\/div>\n\t\t\t\t\t<\/div>\n\t\t<\/div>\n\t\t\t\t\t<\/div>\n\t\t<\/section>\n\t\t\t\t<\/div>\n\t\t","protected":false},"excerpt":{"rendered":"<p>Sis\u00e4lt\u00e4\u00e4 D3-vitamiinia, joka edist\u00e4\u00e4 kalsiumin imeytymist\u00e4 Sis\u00e4lt\u00e4\u00e4 kalsiumsitraattia Appelsiininmakuinen Tilaa itsellesi tarpeellinen m\u00e4\u00e4r\u00e4 1,5 KUUKAUTTA ( \/ 45 p\u00e4iv\u00e4\u00e4) 3 KUUKAUTTA ( \/ 90 p\u00e4iv\u00e4\u00e4) KUVAUS AINESOSAT KUVAUS Kaltsium Forte Apelsin P\u00e4rast operatsiooni vajab Teie keha palju rohkem\u00a0kaltsiumi, mis aitab hoida teie luud ja hambad tugevate ning tervetena. FitForMe Calcium Forte toidulisand sisaldab kaltsiumtsitraati, mis [&hellip;]<\/p>\n","protected":false},"author":13,"featured_media":0,"parent":2399,"menu_order":0,"comment_status":"closed","ping_status":"closed","template":"","meta":{"footnotes":""},"class_list":["post-2462","page","type-page","status-publish","hentry"],"_links":{"self":[{"href":"https:\/\/fitforme.ee\/fi\/wp-json\/wp\/v2\/pages\/2462","targetHints":{"allow":["GET"]}}],"collection":[{"href":"https:\/\/fitforme.ee\/fi\/wp-json\/wp\/v2\/pages"}],"about":[{"href":"https:\/\/fitforme.ee\/fi\/wp-json\/wp\/v2\/types\/page"}],"author":[{"embeddable":true,"href":"https:\/\/fitforme.ee\/fi\/wp-json\/wp\/v2\/users\/13"}],"replies":[{"embeddable":true,"href":"https:\/\/fitforme.ee\/fi\/wp-json\/wp\/v2\/comments?post=2462"}],"version-history":[{"count":1,"href":"https:\/\/fitforme.ee\/fi\/wp-json\/wp\/v2\/pages\/2462\/revisions"}],"predecessor-version":[{"id":4315,"href":"https:\/\/fitforme.ee\/fi\/wp-json\/wp\/v2\/pages\/2462\/revisions\/4315"}],"up":[{"embeddable":true,"href":"https:\/\/fitforme.ee\/fi\/wp-json\/wp\/v2\/pages\/2399"}],"wp:attachment":[{"href":"https:\/\/fitforme.ee\/fi\/wp-json\/wp\/v2\/media?parent=2462"}],"curies":[{"name":"wp","href":"https:\/\/api.w.org\/{rel}","templated":true}]}}