{"id":4193,"date":"2024-05-10T10:27:45","date_gmt":"2024-05-10T07:27:45","guid":{"rendered":"https:\/\/fitforme.ee\/tuotteet\/kalsium-pehmea-vadelman-makuinen-purutabletti\/"},"modified":"2024-07-26T10:53:09","modified_gmt":"2024-07-26T07:53:09","slug":"kalsium-pehmea-vadelman-makuinen-purutabletti","status":"publish","type":"page","link":"https:\/\/fitforme.ee\/fi\/tuotteet\/kalsium-pehmea-vadelman-makuinen-purutabletti\/","title":{"rendered":"Kalsium pehme\u00e4 vadelman makuinen purutabletti"},"content":{"rendered":"\t\t<div data-elementor-type=\"wp-post\" data-elementor-id=\"4193\" class=\"elementor elementor-4193 elementor-4163\" data-elementor-post-type=\"page\">\n\t\t\t\t\t\t<section class=\"elementor-section elementor-top-section elementor-element elementor-element-5001671a elementor-section-boxed elementor-section-height-default elementor-section-height-default\" data-id=\"5001671a\" data-element_type=\"section\" data-e-type=\"section\" data-settings=\"{&quot;shape_divider_bottom&quot;:&quot;mountains&quot;}\">\n\t\t\t\t\t\t\t<div class=\"elementor-background-overlay\"><\/div>\n\t\t\t\t\t\t<div class=\"elementor-shape elementor-shape-bottom\" aria-hidden=\"true\" data-negative=\"false\">\n\t\t\t<svg xmlns=\"http:\/\/www.w3.org\/2000\/svg\" viewBox=\"0 0 1000 100\" preserveAspectRatio=\"none\">\n\t<path class=\"elementor-shape-fill\" opacity=\"0.33\" d=\"M473,67.3c-203.9,88.3-263.1-34-320.3,0C66,119.1,0,59.7,0,59.7V0h1000v59.7 c0,0-62.1,26.1-94.9,29.3c-32.8,3.3-62.8-12.3-75.8-22.1C806,49.6,745.3,8.7,694.9,4.7S492.4,59,473,67.3z\"\/>\n\t<path class=\"elementor-shape-fill\" opacity=\"0.66\" d=\"M734,67.3c-45.5,0-77.2-23.2-129.1-39.1c-28.6-8.7-150.3-10.1-254,39.1 s-91.7-34.4-149.2,0C115.7,118.3,0,39.8,0,39.8V0h1000v36.5c0,0-28.2-18.5-92.1-18.5C810.2,18.1,775.7,67.3,734,67.3z\"\/>\n\t<path class=\"elementor-shape-fill\" d=\"M766.1,28.9c-200-57.5-266,65.5-395.1,19.5C242,1.8,242,5.4,184.8,20.6C128,35.8,132.3,44.9,89.9,52.5C28.6,63.7,0,0,0,0 h1000c0,0-9.9,40.9-83.6,48.1S829.6,47,766.1,28.9z\"\/>\n<\/svg>\t\t<\/div>\n\t\t\t\t\t<div class=\"elementor-container elementor-column-gap-default\">\n\t\t\t\t\t<div class=\"elementor-column elementor-col-50 elementor-top-column elementor-element elementor-element-187755c7\" data-id=\"187755c7\" data-element_type=\"column\" data-e-type=\"column\">\n\t\t\t<div class=\"elementor-widget-wrap elementor-element-populated\">\n\t\t\t\t\t\t<section class=\"elementor-section elementor-inner-section elementor-element elementor-element-75ee5ade elementor-section-boxed elementor-section-height-default elementor-section-height-default\" data-id=\"75ee5ade\" data-element_type=\"section\" data-e-type=\"section\" data-settings=\"{&quot;sticky&quot;:&quot;top&quot;,&quot;sticky_on&quot;:[&quot;desktop&quot;,&quot;tablet&quot;],&quot;sticky_parent&quot;:&quot;yes&quot;,&quot;sticky_offset&quot;:0,&quot;sticky_effects_offset&quot;:0,&quot;sticky_anchor_link_offset&quot;:0}\">\n\t\t\t\t\t\t<div class=\"elementor-container elementor-column-gap-default\">\n\t\t\t\t\t<div class=\"elementor-column elementor-col-100 elementor-inner-column elementor-element elementor-element-15a70c3c\" data-id=\"15a70c3c\" data-element_type=\"column\" data-e-type=\"column\">\n\t\t\t<div class=\"elementor-widget-wrap elementor-element-populated\">\n\t\t\t\t\t\t<div class=\"elementor-element elementor-element-dcc9009 elementor-widget elementor-widget-image\" data-id=\"dcc9009\" data-element_type=\"widget\" data-e-type=\"widget\" data-widget_type=\"image.default\">\n\t\t\t\t<div class=\"elementor-widget-container\">\n\t\t\t\t\t\t\t\t\t\t\t\t\t\t\t<img fetchpriority=\"high\" decoding=\"async\" width=\"294\" height=\"294\" src=\"https:\/\/fitforme.ee\/wp-content\/uploads\/2024\/05\/Kaltsium-pehme-narimistbl-N90-vaarikamaitseline-1.png\" class=\"attachment-full size-full wp-image-4150\" alt=\"Kaltsium pehme n\u00e4rimistablett vaarikamaitseline\" \/>\t\t\t\t\t\t\t\t\t\t\t\t\t\t\t<\/div>\n\t\t\t\t<\/div>\n\t\t\t\t\t<\/div>\n\t\t<\/div>\n\t\t\t\t\t<\/div>\n\t\t<\/section>\n\t\t\t\t\t<\/div>\n\t\t<\/div>\n\t\t\t\t<div class=\"elementor-column elementor-col-50 elementor-top-column elementor-element elementor-element-730e529d\" data-id=\"730e529d\" data-element_type=\"column\" data-e-type=\"column\">\n\t\t\t<div class=\"elementor-widget-wrap elementor-element-populated\">\n\t\t\t\t\t\t<div class=\"elementor-element elementor-element-344067e8 elementor-icon-list--layout-traditional elementor-list-item-link-full_width elementor-widget elementor-widget-icon-list\" data-id=\"344067e8\" data-element_type=\"widget\" data-e-type=\"widget\" data-widget_type=\"icon-list.default\">\n\t\t\t\t<div class=\"elementor-widget-container\">\n\t\t\t\t\t\t\t<ul class=\"elementor-icon-list-items\">\n\t\t\t\t\t\t\t<li class=\"elementor-icon-list-item\">\n\t\t\t\t\t\t\t\t\t\t\t<a href=\"https:\/\/fitforme.ee\/fi\/tuotteet\/kalsium-forte-appelsiini\/\">\n\n\t\t\t\t\t\t\t\t\t\t\t\t<span class=\"elementor-icon-list-icon\">\n\t\t\t\t\t\t\t<i aria-hidden=\"true\" class=\"fas fa-check\"><\/i>\t\t\t\t\t\t<\/span>\n\t\t\t\t\t\t\t\t\t\t<span class=\"elementor-icon-list-text\">Sis\u00e4lt\u00e4\u00e4 D3-vitamiinia, joka edist\u00e4\u00e4 kalsiumin imeytymist\u00e4<\/span>\n\t\t\t\t\t\t\t\t\t\t\t<\/a>\n\t\t\t\t\t\t\t\t\t<\/li>\n\t\t\t\t\t\t\t\t<li class=\"elementor-icon-list-item\">\n\t\t\t\t\t\t\t\t\t\t\t<a href=\"https:\/\/fitforme.ee\/fi\/tuotteet\/kalsium-forte-appelsiini\/\">\n\n\t\t\t\t\t\t\t\t\t\t\t\t<span class=\"elementor-icon-list-icon\">\n\t\t\t\t\t\t\t<i aria-hidden=\"true\" class=\"fas fa-check\"><\/i>\t\t\t\t\t\t<\/span>\n\t\t\t\t\t\t\t\t\t\t<span class=\"elementor-icon-list-text\">Sis\u00e4lt\u00e4\u00e4 kalsiumsitraattia<\/span>\n\t\t\t\t\t\t\t\t\t\t\t<\/a>\n\t\t\t\t\t\t\t\t\t<\/li>\n\t\t\t\t\t\t\t\t<li class=\"elementor-icon-list-item\">\n\t\t\t\t\t\t\t\t\t\t\t<a href=\"https:\/\/fitforme.ee\/fi\/tuotteet\/kalsium-forte-appelsiini\/\">\n\n\t\t\t\t\t\t\t\t\t\t\t\t<span class=\"elementor-icon-list-icon\">\n\t\t\t\t\t\t\t<i aria-hidden=\"true\" class=\"fas fa-check\"><\/i>\t\t\t\t\t\t<\/span>\n\t\t\t\t\t\t\t\t\t\t<span class=\"elementor-icon-list-text\">Kalsium pehme\u00e4 vadelman makuinen  purutabletti<\/span>\n\t\t\t\t\t\t\t\t\t\t\t<\/a>\n\t\t\t\t\t\t\t\t\t<\/li>\n\t\t\t\t\t\t<\/ul>\n\t\t\t\t\t\t<\/div>\n\t\t\t\t<\/div>\n\t\t\t\t<div class=\"elementor-element elementor-element-37626cb6 elementor-widget elementor-widget-spacer\" data-id=\"37626cb6\" data-element_type=\"widget\" data-e-type=\"widget\" data-widget_type=\"spacer.default\">\n\t\t\t\t<div class=\"elementor-widget-container\">\n\t\t\t\t\t\t\t<div class=\"elementor-spacer\">\n\t\t\t<div class=\"elementor-spacer-inner\"><\/div>\n\t\t<\/div>\n\t\t\t\t\t\t<\/div>\n\t\t\t\t<\/div>\n\t\t\t\t<div class=\"elementor-element elementor-element-296da1c0 elementor-widget elementor-widget-heading\" data-id=\"296da1c0\" data-element_type=\"widget\" data-e-type=\"widget\" data-widget_type=\"heading.default\">\n\t\t\t\t<div class=\"elementor-widget-container\">\n\t\t\t\t\t<h2 class=\"elementor-heading-title elementor-size-default\">Tilaa itsellesi tarpeellinen m\u00e4\u00e4r\u00e4<\/h2>\t\t\t\t<\/div>\n\t\t\t\t<\/div>\n\t\t\t\t<section class=\"elementor-section elementor-inner-section elementor-element elementor-element-3e304f53 elementor-section-boxed elementor-section-height-default elementor-section-height-default\" data-id=\"3e304f53\" data-element_type=\"section\" data-e-type=\"section\">\n\t\t\t\t\t\t<div class=\"elementor-container elementor-column-gap-default\">\n\t\t\t\t\t<div class=\"elementor-column elementor-col-50 elementor-inner-column elementor-element elementor-element-2fdae34\" data-id=\"2fdae34\" data-element_type=\"column\" data-e-type=\"column\">\n\t\t\t<div class=\"elementor-widget-wrap elementor-element-populated\">\n\t\t\t\t\t\t<div class=\"elementor-element elementor-element-78b11947 elementor-align-justify elementor-widget elementor-widget-button\" data-id=\"78b11947\" data-element_type=\"widget\" data-e-type=\"widget\" data-widget_type=\"button.default\">\n\t\t\t\t<div class=\"elementor-widget-container\">\n\t\t\t\t\t\t\t\t\t<div class=\"elementor-button-wrapper\">\n\t\t\t\t\t<a class=\"elementor-button elementor-button-link elementor-size-md elementor-animation-grow\" href=\"https:\/\/fitforme.ee\/fi\/ostoskori\/?add-to-cart=4147\">\n\t\t\t\t\t\t<span class=\"elementor-button-content-wrapper\">\n\t\t\t\t\t\t\t\t\t<span class=\"elementor-button-text\">1,5 KUUKAUTTA<\/span>\n\t\t\t\t\t<\/span>\n\t\t\t\t\t<\/a>\n\t\t\t\t<\/div>\n\t\t\t\t\t\t\t\t<\/div>\n\t\t\t\t<\/div>\n\t\t\t\t<div class=\"elementor-element elementor-element-2e8e9660 elementor-widget elementor-widget-text-editor\" data-id=\"2e8e9660\" data-element_type=\"widget\" data-e-type=\"widget\" data-widget_type=\"text-editor.default\">\n\t\t\t\t<div class=\"elementor-widget-container\">\n\t\t\t\t\t\t\t\t\t<p>(<span class=\"regular-price\"><span class=\"woocommerce-Price-amount amount\"><bdi>43,15&nbsp;<span class=\"woocommerce-Price-currencySymbol\">&euro;<\/span><\/bdi><\/span><\/span> \/ 45 p\u00e4iv\u00e4\u00e4)<\/p>\n\t\t\t\t\t\t\t\t<\/div>\n\t\t\t\t<\/div>\n\t\t\t\t<div class=\"elementor-element elementor-element-69a2577c laoseis elementor-widget elementor-widget-shortcode\" data-id=\"69a2577c\" data-element_type=\"widget\" data-e-type=\"widget\" data-widget_type=\"shortcode.default\">\n\t\t\t\t<div class=\"elementor-widget-container\">\n\t\t\t\t\t\t\t<div class=\"elementor-shortcode\">Varastossa<\/div>\n\t\t\t\t\t\t<\/div>\n\t\t\t\t<\/div>\n\t\t\t\t\t<\/div>\n\t\t<\/div>\n\t\t\t\t<div class=\"elementor-column elementor-col-50 elementor-inner-column elementor-element elementor-element-16daf247\" data-id=\"16daf247\" data-element_type=\"column\" data-e-type=\"column\">\n\t\t\t<div class=\"elementor-widget-wrap elementor-element-populated\">\n\t\t\t\t\t\t<div class=\"elementor-element elementor-element-7effd038 elementor-align-justify elementor-widget elementor-widget-button\" data-id=\"7effd038\" data-element_type=\"widget\" data-e-type=\"widget\" data-widget_type=\"button.default\">\n\t\t\t\t<div class=\"elementor-widget-container\">\n\t\t\t\t\t\t\t\t\t<div class=\"elementor-button-wrapper\">\n\t\t\t\t\t<a class=\"elementor-button elementor-button-link elementor-size-md elementor-animation-grow\" href=\"https:\/\/fitforme.ee\/fi\/ostoskori\/?add-to-cart=4152\">\n\t\t\t\t\t\t<span class=\"elementor-button-content-wrapper\">\n\t\t\t\t\t\t\t\t\t<span class=\"elementor-button-text\">3 KUUKAUTTA<\/span>\n\t\t\t\t\t<\/span>\n\t\t\t\t\t<\/a>\n\t\t\t\t<\/div>\n\t\t\t\t\t\t\t\t<\/div>\n\t\t\t\t<\/div>\n\t\t\t\t<div class=\"elementor-element elementor-element-4d798e4c elementor-widget elementor-widget-text-editor\" data-id=\"4d798e4c\" data-element_type=\"widget\" data-e-type=\"widget\" data-widget_type=\"text-editor.default\">\n\t\t\t\t<div class=\"elementor-widget-container\">\n\t\t\t\t\t\t\t\t\t<p>(<span class=\"regular-price\"><span class=\"woocommerce-Price-amount amount\"><bdi>86,30&nbsp;<span class=\"woocommerce-Price-currencySymbol\">&euro;<\/span><\/bdi><\/span><\/span> \/ 90 p\u00e4iv\u00e4\u00e4)<\/p>\n\t\t\t\t\t\t\t\t<\/div>\n\t\t\t\t<\/div>\n\t\t\t\t<div class=\"elementor-element elementor-element-16213453 laoseis elementor-widget elementor-widget-shortcode\" data-id=\"16213453\" data-element_type=\"widget\" data-e-type=\"widget\" data-widget_type=\"shortcode.default\">\n\t\t\t\t<div class=\"elementor-widget-container\">\n\t\t\t\t\t\t\t<div class=\"elementor-shortcode\">Varastossa<\/div>\n\t\t\t\t\t\t<\/div>\n\t\t\t\t<\/div>\n\t\t\t\t\t<\/div>\n\t\t<\/div>\n\t\t\t\t\t<\/div>\n\t\t<\/section>\n\t\t\t\t<div class=\"elementor-element elementor-element-7798eba6 elementor-widget elementor-widget-spacer\" data-id=\"7798eba6\" data-element_type=\"widget\" data-e-type=\"widget\" data-widget_type=\"spacer.default\">\n\t\t\t\t<div class=\"elementor-widget-container\">\n\t\t\t\t\t\t\t<div class=\"elementor-spacer\">\n\t\t\t<div class=\"elementor-spacer-inner\"><\/div>\n\t\t<\/div>\n\t\t\t\t\t\t<\/div>\n\t\t\t\t<\/div>\n\t\t\t\t\t<\/div>\n\t\t<\/div>\n\t\t\t\t\t<\/div>\n\t\t<\/section>\n\t\t\t\t<section class=\"elementor-section elementor-top-section elementor-element elementor-element-ac46b0d elementor-section-full_width elementor-section-height-default elementor-section-height-default\" data-id=\"ac46b0d\" data-element_type=\"section\" data-e-type=\"section\">\n\t\t\t\t\t\t<div class=\"elementor-container elementor-column-gap-no\">\n\t\t\t\t\t<div class=\"elementor-column elementor-col-100 elementor-top-column elementor-element elementor-element-d90b428\" data-id=\"d90b428\" data-element_type=\"column\" data-e-type=\"column\">\n\t\t\t<div class=\"elementor-widget-wrap elementor-element-populated\">\n\t\t\t\t\t\t<div class=\"elementor-element elementor-element-67b5a234 elementor-widget elementor-widget-template\" data-id=\"67b5a234\" data-element_type=\"widget\" data-e-type=\"widget\" data-widget_type=\"template.default\">\n\t\t\t\t<div class=\"elementor-widget-container\">\n\t\t\t\t\t\t\t<div class=\"elementor-template\">\n\t\t\t\t\t<div data-elementor-type=\"section\" data-elementor-id=\"2423\" class=\"elementor elementor-2423 elementor-1399 elementor-1399\" data-elementor-post-type=\"elementor_library\">\n\t\t\t\t\t<section class=\"elementor-section elementor-top-section elementor-element elementor-element-5ddcd3c4 elementor-section-boxed elementor-section-height-default elementor-section-height-default\" data-id=\"5ddcd3c4\" data-element_type=\"section\" data-e-type=\"section\">\n\t\t\t\t\t\t<div class=\"elementor-container elementor-column-gap-default\">\n\t\t\t\t\t<div class=\"elementor-column elementor-col-100 elementor-top-column elementor-element elementor-element-6f7e7ef5\" data-id=\"6f7e7ef5\" data-element_type=\"column\" data-e-type=\"column\">\n\t\t\t<div class=\"elementor-widget-wrap elementor-element-populated\">\n\t\t\t\t\t\t<div class=\"elementor-element elementor-element-14b1f1fa elementor-icon-list--layout-inline elementor-align-center elementor-list-item-link-full_width elementor-widget elementor-widget-icon-list\" data-id=\"14b1f1fa\" data-element_type=\"widget\" data-e-type=\"widget\" data-widget_type=\"icon-list.default\">\n\t\t\t\t<div class=\"elementor-widget-container\">\n\t\t\t\t\t\t\t<ul class=\"elementor-icon-list-items elementor-inline-items\">\n\t\t\t\t\t\t\t<li class=\"elementor-icon-list-item elementor-inline-item\">\n\t\t\t\t\t\t\t\t\t\t\t<span class=\"elementor-icon-list-icon\">\n\t\t\t\t\t\t\t<i aria-hidden=\"true\" class=\"fas fa-shipping-fast\"><\/i>\t\t\t\t\t\t<\/span>\n\t\t\t\t\t\t\t\t\t\t<span class=\"elementor-icon-list-text\">Suomen sis\u00e4iset toimitukset ILMAISEKSI 130 euron tilauksesta alkaen!<\/span>\n\t\t\t\t\t\t\t\t\t<\/li>\n\t\t\t\t\t\t<\/ul>\n\t\t\t\t\t\t<\/div>\n\t\t\t\t<\/div>\n\t\t\t\t\t<\/div>\n\t\t<\/div>\n\t\t\t\t\t<\/div>\n\t\t<\/section>\n\t\t\t\t<\/div>\n\t\t\t\t<\/div>\n\t\t\t\t\t\t<\/div>\n\t\t\t\t<\/div>\n\t\t\t\t\t<\/div>\n\t\t<\/div>\n\t\t\t\t\t<\/div>\n\t\t<\/section>\n\t\t\t\t<section class=\"elementor-section elementor-top-section elementor-element elementor-element-36b54115 elementor-section-boxed elementor-section-height-default elementor-section-height-default\" data-id=\"36b54115\" data-element_type=\"section\" data-e-type=\"section\" id=\"edasi\">\n\t\t\t\t\t\t<div class=\"elementor-container elementor-column-gap-default\">\n\t\t\t\t\t<div class=\"elementor-column elementor-col-100 elementor-top-column elementor-element elementor-element-63e0578c\" data-id=\"63e0578c\" data-element_type=\"column\" data-e-type=\"column\">\n\t\t\t<div class=\"elementor-widget-wrap elementor-element-populated\">\n\t\t\t\t\t\t<div class=\"elementor-element elementor-element-86b6df0 elementor-widget elementor-widget-spacer\" data-id=\"86b6df0\" data-element_type=\"widget\" data-e-type=\"widget\" data-widget_type=\"spacer.default\">\n\t\t\t\t<div class=\"elementor-widget-container\">\n\t\t\t\t\t\t\t<div class=\"elementor-spacer\">\n\t\t\t<div class=\"elementor-spacer-inner\"><\/div>\n\t\t<\/div>\n\t\t\t\t\t\t<\/div>\n\t\t\t\t<\/div>\n\t\t\t\t<div class=\"elementor-element elementor-element-1c8391d elementor-tabs-alignment-stretch elementor-tabs-view-horizontal elementor-widget elementor-widget-tabs\" data-id=\"1c8391d\" data-element_type=\"widget\" data-e-type=\"widget\" data-widget_type=\"tabs.default\">\n\t\t\t\t<div class=\"elementor-widget-container\">\n\t\t\t\t\t\t\t<div class=\"elementor-tabs\">\n\t\t\t<div class=\"elementor-tabs-wrapper\" role=\"tablist\" >\n\t\t\t\t\t\t\t\t\t<div id=\"elementor-tab-title-2981\" class=\"elementor-tab-title elementor-tab-desktop-title\" aria-selected=\"true\" data-tab=\"1\" role=\"tab\" tabindex=\"0\" aria-controls=\"elementor-tab-content-2981\" aria-expanded=\"false\">KUVAUS<\/div>\n\t\t\t\t\t\t\t\t\t<div id=\"elementor-tab-title-2982\" class=\"elementor-tab-title elementor-tab-desktop-title\" aria-selected=\"false\" data-tab=\"2\" role=\"tab\" tabindex=\"-1\" aria-controls=\"elementor-tab-content-2982\" aria-expanded=\"false\">AINESOSAT<\/div>\n\t\t\t\t\t\t\t<\/div>\n\t\t\t<div class=\"elementor-tabs-content-wrapper\" role=\"tablist\" aria-orientation=\"vertical\">\n\t\t\t\t\t\t\t\t\t<div class=\"elementor-tab-title elementor-tab-mobile-title\" aria-selected=\"true\" data-tab=\"1\" role=\"tab\" tabindex=\"0\" aria-controls=\"elementor-tab-content-2981\" aria-expanded=\"false\">KUVAUS<\/div>\n\t\t\t\t\t<div id=\"elementor-tab-content-2981\" class=\"elementor-tab-content elementor-clearfix\" data-tab=\"1\" role=\"tabpanel\" aria-labelledby=\"elementor-tab-title-2981\" tabindex=\"0\" hidden=\"false\">\t\t<div data-elementor-type=\"section\" data-elementor-id=\"4202\" class=\"elementor elementor-4202 elementor-4172 elementor-4172\" data-elementor-post-type=\"elementor_library\">\n\t\t\t\t\t<section class=\"elementor-section elementor-top-section elementor-element elementor-element-75ad7286 elementor-section-boxed elementor-section-height-default elementor-section-height-default\" data-id=\"75ad7286\" data-element_type=\"section\" data-e-type=\"section\">\n\t\t\t\t\t\t<div class=\"elementor-container elementor-column-gap-default\">\n\t\t\t\t\t<div class=\"elementor-column elementor-col-100 elementor-top-column elementor-element elementor-element-645649e4\" data-id=\"645649e4\" data-element_type=\"column\" data-e-type=\"column\">\n\t\t\t<div class=\"elementor-widget-wrap elementor-element-populated\">\n\t\t\t\t\t\t<div class=\"elementor-element elementor-element-3d6b049a elementor-widget elementor-widget-text-editor\" data-id=\"3d6b049a\" data-element_type=\"widget\" data-e-type=\"widget\" data-widget_type=\"text-editor.default\">\n\t\t\t\t<div class=\"elementor-widget-container\">\n\t\t\t\t\t\t\t\t\t<p><strong>Kalsium pehme\u00e4 purutabletti vadelman makuinen<\/strong><\/p>\n\t\t\t\t\t\t\t\t<\/div>\n\t\t\t\t<\/div>\n\t\t\t\t<div class=\"elementor-element elementor-element-2bb57bf4 elementor-widget elementor-widget-text-editor\" data-id=\"2bb57bf4\" data-element_type=\"widget\" data-e-type=\"widget\" data-widget_type=\"text-editor.default\">\n\t\t\t\t<div class=\"elementor-widget-container\">\n\t\t\t\t\t\t\t\t\t<p>Leikkauksen j\u00e4lkeen keho tarvitsee paljon enemm\u00e4n <strong>kalsiumia<\/strong>, joka auttaa pit\u00e4m\u00e4\u00e4n luut ja hampaat vahvoina ja tervein\u00e4. FitForMe <b>Calcium Soft Chew<\/b>\u00a0-ravintolis\u00e4 sis\u00e4lt\u00e4\u00e4 kalsiumsitraattia, joka on elimist\u00f6\u00f6n helposti imeytyv\u00e4 kalsiumin muoto. Kalsium Forte sis\u00e4lt\u00e4\u00e4 D3-vitamiinia, joka edist\u00e4\u00e4 kalsiumin imeytymist\u00e4. Purutableteilla on <strong>vadelman maku!<\/strong><\/p>\n<p>Nautittaessa kalsiumia samaan aikaan yhdess\u00e4 WLS Optimumin ravintolis\u00e4n kanssa v\u00e4henee WLS Optimumin sis\u00e4lt\u00e4m\u00e4n raudan imeytyminen, joten n\u00e4m\u00e4 ravintolis\u00e4t on otettava eri kellonaikoihin. Ravintolisien ottamisen v\u00e4liin pit\u00e4isi j\u00e4\u00e4d\u00e4 v\u00e4hint\u00e4\u00e4n kahden tunnin aikav\u00e4li. Kun otat kaksi tablettia p\u00e4iv\u00e4ss\u00e4, ne suositellaan otettavan erikseen, jotta taataan kalsiumin ihanteellinen imeytyminen elimist\u00f6\u00f6n.<\/p>\n<p><strong>Suositeltava annos:<\/strong> 1\u20132 tablettia p\u00e4iv\u00e4ss\u00e4 ruokavalion t\u00e4ydent\u00e4miseksi. Suositellaan otettavan ennen ruokailua tai ruokailun aikana. \u00c4l\u00e4 ylit\u00e4 suositeltua p\u00e4ivitt\u00e4ist\u00e4 annosta, ellei l\u00e4\u00e4k\u00e4ri ole toisin m\u00e4\u00e4r\u00e4nnyt. Sopii k\u00e4ytett\u00e4v\u00e4ksi my\u00f6s raskaana oleville naisille, imett\u00e4ville \u00e4ideille ja lapsille 12-vuotiaasta alkaen.<\/p>\n\t\t\t\t\t\t\t\t<\/div>\n\t\t\t\t<\/div>\n\t\t\t\t<div class=\"elementor-element elementor-element-55909deb elementor-widget elementor-widget-text-editor\" data-id=\"55909deb\" data-element_type=\"widget\" data-e-type=\"widget\" data-widget_type=\"text-editor.default\">\n\t\t\t\t<div class=\"elementor-widget-container\">\n\t\t\t\t\t\t\t\t\t<p><strong>Kalsium pehme\u00e4 purutabletti p\u00e4ivitt\u00e4inen annos (1\u20132 tablettia) sis\u00e4lt\u00e4\u00e4:<\/strong><\/p>\n\t\t\t\t\t\t\t\t<\/div>\n\t\t\t\t<\/div>\n\t\t\t\t<div class=\"elementor-element elementor-element-711eb317 elementor-widget elementor-widget-text-editor\" data-id=\"711eb317\" data-element_type=\"widget\" data-e-type=\"widget\" data-widget_type=\"text-editor.default\">\n\t\t\t\t<div class=\"elementor-widget-container\">\n\t\t\t\t\t\t\t\t\t<table>\n<thead>\n<tr>\n<th>Vitamiinit:<\/th>\n<th>Tehoaine:<\/th>\n<th>M\u00e4\u00e4r\u00e4:<\/th>\n<th>RDA*<\/th>\n<\/tr>\n<\/thead>\n<tbody>\n<tr>\n<td>D3-vitamiin<\/td>\n<td>kolekaltsiferool<\/td>\n<td>12,5\u201325 mcg<\/td>\n<td>250\u2013500%<\/td>\n<\/tr>\n<tr>\n<td><strong>Mineraaliaineet:<\/strong><\/td>\n<td><strong>Tehoaine:<\/strong><\/td>\n<td><strong>M\u00e4\u00e4r\u00e4:<\/strong><\/td>\n<td><strong>RDA*<\/strong><\/td>\n<\/tr>\n<tr>\n<td>kaltsium<\/td>\n<td>kaltsiumtsitraat<\/td>\n<td>500\u20131000 mg<\/td>\n<td>62,5\u2013125%<\/td>\n<\/tr>\n<\/tbody>\n<\/table>\n\t\t\t\t\t\t\t\t<\/div>\n\t\t\t\t<\/div>\n\t\t\t\t<div class=\"elementor-element elementor-element-7572d93f elementor-widget elementor-widget-text-editor\" data-id=\"7572d93f\" data-element_type=\"widget\" data-e-type=\"widget\" data-widget_type=\"text-editor.default\">\n\t\t\t\t<div class=\"elementor-widget-container\">\n\t\t\t\t\t\t\t\t\t<p>*RDA = suositeltu p\u00e4ivitt\u00e4inen annos EU:n direktiivin 2008\/100\/EY mukaisesti.<\/p>\n\t\t\t\t\t\t\t\t<\/div>\n\t\t\t\t<\/div>\n\t\t\t\t<div class=\"elementor-element elementor-element-72488a74 elementor-widget elementor-widget-text-editor\" data-id=\"72488a74\" data-element_type=\"widget\" data-e-type=\"widget\" data-widget_type=\"text-editor.default\">\n\t\t\t\t<div class=\"elementor-widget-container\">\n\t\t\t\t\t\t\t\t\t<p><strong>S\u00e4ilytys:<\/strong> S\u00e4ilytett\u00e4v\u00e4 kuivassa paikassa alle 25 \u00b0C:ssa. S\u00e4ilytett\u00e4v\u00e4 lasten ulottumattomissa.<\/p>\n<p>Ravintolis\u00e4 ei korvaa terveellisi\u00e4 el\u00e4m\u00e4ntapoja eik\u00e4 tasapainoista ravintoa!<\/p>\n\t\t\t\t\t\t\t\t<\/div>\n\t\t\t\t<\/div>\n\t\t\t\t\t<\/div>\n\t\t<\/div>\n\t\t\t\t\t<\/div>\n\t\t<\/section>\n\t\t\t\t<\/div>\n\t\t\n<\/div>\n\t\t\t\t\t\t\t\t\t<div class=\"elementor-tab-title elementor-tab-mobile-title\" aria-selected=\"false\" data-tab=\"2\" role=\"tab\" tabindex=\"-1\" aria-controls=\"elementor-tab-content-2982\" aria-expanded=\"false\">AINESOSAT<\/div>\n\t\t\t\t\t<div id=\"elementor-tab-content-2982\" class=\"elementor-tab-content elementor-clearfix\" data-tab=\"2\" role=\"tabpanel\" aria-labelledby=\"elementor-tab-title-2982\" tabindex=\"0\" hidden=\"hidden\">\t\t<div data-elementor-type=\"section\" data-elementor-id=\"4547\" class=\"elementor elementor-4547 elementor-4532 elementor-4532\" data-elementor-post-type=\"elementor_library\">\n\t\t\t\t\t<section class=\"elementor-section elementor-top-section elementor-element elementor-element-4eb919a4 elementor-section-boxed elementor-section-height-default elementor-section-height-default\" data-id=\"4eb919a4\" data-element_type=\"section\" data-e-type=\"section\">\n\t\t\t\t\t\t<div class=\"elementor-container elementor-column-gap-default\">\n\t\t\t\t\t<div class=\"elementor-column elementor-col-100 elementor-top-column elementor-element elementor-element-65c34bac\" data-id=\"65c34bac\" data-element_type=\"column\" data-e-type=\"column\">\n\t\t\t<div class=\"elementor-widget-wrap elementor-element-populated\">\n\t\t\t\t\t\t<div class=\"elementor-element elementor-element-5144a56a elementor-widget elementor-widget-text-editor\" data-id=\"5144a56a\" data-element_type=\"widget\" data-e-type=\"widget\" data-widget_type=\"text-editor.default\">\n\t\t\t\t<div class=\"elementor-widget-container\">\n\t\t\t\t\t\t\t\t\t<p>Kalsiumsitraatti, makeutusaineet (maltitoli, inuliini), palmu\u00f6ljy, sitruunahappo, emulgointiaine (auringonkukkalesitiini), v\u00e4rit (hedelm\u00e4- ja kasvismehu), luontaiset aromit, merisuola, kolekalsiferoli (D3-vitamiini), steviauute.<\/p>\n<p>Allergeenivapaa: Viljat, jotka sis\u00e4lt\u00e4v\u00e4t gluteenia, \u00e4yri\u00e4isi\u00e4, munia, kalaa, maap\u00e4hkin\u00f6it\u00e4, soijaa, maitoa (mukaan lukien laktoosi), p\u00e4hkin\u00f6it\u00e4, selleri\u00e4, sinappia, seesaminsiemeni\u00e4, rikkidioksidia ja sulfiittia pitoisuuksina &gt; 10 mg SO2\/kg tai litrassa. Lupiini ja nilvi\u00e4iset.<\/p>\n\t\t\t\t\t\t\t\t<\/div>\n\t\t\t\t<\/div>\n\t\t\t\t\t<\/div>\n\t\t<\/div>\n\t\t\t\t\t<\/div>\n\t\t<\/section>\n\t\t\t\t<\/div>\n\t\t\n<\/div>\n\t\t\t\t\t\t\t<\/div>\n\t\t<\/div>\n\t\t\t\t\t\t<\/div>\n\t\t\t\t<\/div>\n\t\t\t\t\t<\/div>\n\t\t<\/div>\n\t\t\t\t\t<\/div>\n\t\t<\/section>\n\t\t\t\t<\/div>\n\t\t","protected":false},"excerpt":{"rendered":"<p>Sis\u00e4lt\u00e4\u00e4 D3-vitamiinia, joka edist\u00e4\u00e4 kalsiumin imeytymist\u00e4 Sis\u00e4lt\u00e4\u00e4 kalsiumsitraattia Kalsium pehme\u00e4 vadelman makuinen purutabletti Tilaa itsellesi tarpeellinen m\u00e4\u00e4r\u00e4 1,5 KUUKAUTTA ( \/ 45 p\u00e4iv\u00e4\u00e4) 3 KUUKAUTTA ( \/ 90 p\u00e4iv\u00e4\u00e4) KUVAUS AINESOSAT KUVAUS Pehmed n\u00e4rimistabletid v\u00e4rske vaarikamaitsega P\u00e4rast operatsiooni vajab Teie keha palju rohkem\u00a0kaltsiumi, mis aitab hoida teie luud ja hambad tugevate ning tervetena. FitForMe Calcium [&hellip;]<\/p>\n","protected":false},"author":13,"featured_media":0,"parent":2399,"menu_order":0,"comment_status":"closed","ping_status":"closed","template":"","meta":{"footnotes":""},"class_list":["post-4193","page","type-page","status-publish","hentry"],"_links":{"self":[{"href":"https:\/\/fitforme.ee\/fi\/wp-json\/wp\/v2\/pages\/4193","targetHints":{"allow":["GET"]}}],"collection":[{"href":"https:\/\/fitforme.ee\/fi\/wp-json\/wp\/v2\/pages"}],"about":[{"href":"https:\/\/fitforme.ee\/fi\/wp-json\/wp\/v2\/types\/page"}],"author":[{"embeddable":true,"href":"https:\/\/fitforme.ee\/fi\/wp-json\/wp\/v2\/users\/13"}],"replies":[{"embeddable":true,"href":"https:\/\/fitforme.ee\/fi\/wp-json\/wp\/v2\/comments?post=4193"}],"version-history":[{"count":1,"href":"https:\/\/fitforme.ee\/fi\/wp-json\/wp\/v2\/pages\/4193\/revisions"}],"predecessor-version":[{"id":4555,"href":"https:\/\/fitforme.ee\/fi\/wp-json\/wp\/v2\/pages\/4193\/revisions\/4555"}],"up":[{"embeddable":true,"href":"https:\/\/fitforme.ee\/fi\/wp-json\/wp\/v2\/pages\/2399"}],"wp:attachment":[{"href":"https:\/\/fitforme.ee\/fi\/wp-json\/wp\/v2\/media?parent=4193"}],"curies":[{"name":"wp","href":"https:\/\/api.w.org\/{rel}","templated":true}]}}